{"id":102956,"date":"2024-01-23T17:25:23","date_gmt":"2024-01-23T16:25:23","guid":{"rendered":"https:\/\/styqr.fr\/os-nossos-folhetos-de-demonstracao-styqr\/"},"modified":"2026-01-27T21:18:28","modified_gmt":"2026-01-27T20:18:28","slug":"os-nossos-folhetos-de-demonstracao-styqr","status":"publish","type":"page","link":"https:\/\/styqr.fr\/pt-pt\/os-nossos-folhetos-de-demonstracao-styqr\/","title":{"rendered":"Os nossos folhetos de demonstra\u00e7\u00e3o StyQR"},"content":{"rendered":"<div class=\"wpb-content-wrapper\"><p>[vc_row row_height_percent=&#8221;0&#8243; overlay_alpha=&#8221;50&#8243; gutter_size=&#8221;3&#8243; column_width_percent=&#8221;100&#8243; shift_y=&#8221;0&#8243; z_index=&#8221;0&#8243; uncode_shortcode_id=&#8221;194823&#8243;][vc_column column_width_percent=&#8221;100&#8243; gutter_size=&#8221;3&#8243; overlay_alpha=&#8221;50&#8243; shift_x=&#8221;0&#8243; shift_y=&#8221;0&#8243; shift_y_down=&#8221;0&#8243; z_index=&#8221;0&#8243; medium_width=&#8221;0&#8243; mobile_width=&#8221;0&#8243; width=&#8221;1\/1&#8243;][vc_row_inner row_inner_height_percent=&#8221;0&#8243; overlay_alpha=&#8221;50&#8243; gutter_size=&#8221;0&#8243; shift_y=&#8221;0&#8243; z_index=&#8221;0&#8243; uncode_shortcode_id=&#8221;515660&#8243;][vc_column_inner column_width_percent=&#8221;100&#8243; position_horizontal=&#8221;right&#8221; align_horizontal=&#8221;align_right&#8221; gutter_size=&#8221;3&#8243; overlay_alpha=&#8221;50&#8243; shift_x=&#8221;0&#8243; shift_y=&#8221;0&#8243; shift_y_down=&#8221;0&#8243; z_index=&#8221;0&#8243; align_medium=&#8221;align_left_tablet&#8221; medium_width=&#8221;0&#8243; align_mobile=&#8221;align_left_mobile&#8221; mobile_width=&#8221;0&#8243; width=&#8221;1\/6&#8243; uncode_shortcode_id=&#8221;387351&#8243; el_class=&#8221;bloc-left-crochet&#8221;][vc_single_image media=&#8221;96925&#8243; media_width_use_pixel=&#8221;yes&#8221; alignment=&#8221;right&#8221; uncode_shortcode_id=&#8221;508491&#8243; media_width_pixel=&#8221;25&#8243;][\/vc_column_inner][vc_column_inner column_width_percent=&#8221;100&#8243; align_horizontal=&#8221;align_center&#8221; gutter_size=&#8221;3&#8243; overlay_alpha=&#8221;50&#8243; shift_x=&#8221;0&#8243; shift_y=&#8221;0&#8243; shift_y_down=&#8221;0&#8243; z_index=&#8221;0&#8243; medium_width=&#8221;0&#8243; mobile_width=&#8221;0&#8243; width=&#8221;2\/3&#8243; uncode_shortcode_id=&#8221;108248&#8243;][vc_custom_heading heading_semantic=&#8221;h1&#8243; text_size=&#8221;fontsize-923733&#8243; uncode_shortcode_id=&#8221;125660&#8243;]Descobre os folhetos de demonstra\u00e7\u00e3o StyQR<span class=\"light\">para simplificar a rece\u00e7\u00e3o dos teus viajantes<\/span>[\/vc_custom_heading][\/vc_column_inner][vc_column_inner column_width_percent=&#8221;100&#8243; position_horizontal=&#8221;left&#8221; position_vertical=&#8221;bottom&#8221; gutter_size=&#8221;3&#8243; overlay_alpha=&#8221;50&#8243; shift_x=&#8221;0&#8243; shift_y=&#8221;0&#8243; shift_y_down=&#8221;0&#8243; z_index=&#8221;0&#8243; align_medium=&#8221;align_right_tablet&#8221; medium_width=&#8221;0&#8243; align_mobile=&#8221;align_right_mobile&#8221; mobile_width=&#8221;0&#8243; width=&#8221;1\/6&#8243; uncode_shortcode_id=&#8221;594113&#8243; el_class=&#8221;bloc-right-crochet&#8221;][vc_single_image media=&#8221;96862&#8243; media_width_use_pixel=&#8221;yes&#8221; uncode_shortcode_id=&#8221;385801&#8243; media_width_pixel=&#8221;25&#8243;][\/vc_column_inner][\/vc_row_inner][\/vc_column][\/vc_row][vc_row row_height_percent=&#8221;0&#8243; override_padding=&#8221;yes&#8221; h_padding=&#8221;2&#8243; top_padding=&#8221;3&#8243; bottom_padding=&#8221;2&#8243; overlay_alpha=&#8221;50&#8243; gutter_size=&#8221;3&#8243; column_width_percent=&#8221;100&#8243; shift_y=&#8221;0&#8243; z_index=&#8221;0&#8243; uncode_shortcode_id=&#8221;251873&#8243; row_name=&#8221;mission-atout-france&#8221;][vc_column width=&#8221;1\/1&#8243;][vc_row_inner][vc_column_inner column_width_percent=&#8221;100&#8243; position_vertical=&#8221;middle&#8221; align_horizontal=&#8221;align_center&#8221; gutter_size=&#8221;2&#8243; overlay_alpha=&#8221;50&#8243; shift_x=&#8221;0&#8243; shift_y=&#8221;0&#8243; shift_y_down=&#8221;0&#8243; z_index=&#8221;0&#8243; medium_width=&#8221;0&#8243; mobile_width=&#8221;0&#8243; width=&#8221;1\/2&#8243; uncode_shortcode_id=&#8221;437873&#8243;][vc_single_image media=&#8221;117495&#8243; media_width_percent=&#8221;100&#8243; shape=&#8221;img-round&#8221; radius=&#8221;std&#8221; uncode_shortcode_id=&#8221;789654&#8243;][\/vc_column_inner][vc_column_inner column_width_percent=&#8221;100&#8243; position_vertical=&#8221;middle&#8221; gutter_size=&#8221;3&#8243; overlay_alpha=&#8221;50&#8243; shift_x=&#8221;0&#8243; shift_y=&#8221;0&#8243; shift_y_down=&#8221;0&#8243; z_index=&#8221;0&#8243; medium_width=&#8221;0&#8243; mobile_width=&#8221;0&#8243; width=&#8221;1\/2&#8243; uncode_shortcode_id=&#8221;119248&#8243;][vc_custom_heading text_size=&#8221;fontsize-923733&#8243; uncode_shortcode_id=&#8221;135079&#8243;]Porqu\u00ea escolher<br \/>\n<span class=\"light\">StyQR demo passbooks?<\/span>[\/vc_custom_heading][vc_column_text uncode_shortcode_id=&#8221;142208&#8243;]Centraliza todas as informa\u00e7\u00f5es essenciais: conselhos locais, recomenda\u00e7\u00f5es e instru\u00e7\u00f5es pr\u00e1ticas em apenas alguns cliques.<\/p>\n<p><strong>Os guias de boas-vindas StyQR permitem-te :<\/strong><\/p>\n<ul>\n<li>Reduzir o n\u00famero de perguntas frequentes.<\/li>\n<li>Melhora a satisfa\u00e7\u00e3o do cliente.<\/li>\n<li>Poupa tempo valioso \u00e0 tua equipa.<\/li>\n<\/ul>\n<p>A<strong>dequado para todos os tipos de alojamento:<\/strong> Quer administre hot\u00e9is, arrendamentos de f\u00e9rias, parques de campismo ou qualquer outro tipo de estabelecimento, os nossos folhetos s\u00e3o adaptados \u00e0s suas necessidades.[\/vc_column_text][vc_empty_space empty_h=&#8221;3&#8243;][\/vc_column_inner][\/vc_row_inner][\/vc_column][\/vc_row][vc_row unlock_row_content=&#8221;yes&#8221; row_height_percent=&#8221;0&#8243; override_padding=&#8221;yes&#8221; h_padding=&#8221;2&#8243; top_padding=&#8221;2&#8243; bottom_padding=&#8221;4&#8243; overlay_alpha=&#8221;50&#8243; gutter_size=&#8221;3&#8243; column_width_percent=&#8221;100&#8243; shift_y=&#8221;0&#8243; z_index=&#8221;0&#8243; content_parallax=&#8221;0&#8243; uncode_shortcode_id=&#8221;287152&#8243;][vc_column width=&#8221;1\/1&#8243;][vc_row_inner][vc_column_inner column_width_percent=&#8221;100&#8243; align_horizontal=&#8221;align_center&#8221; gutter_size=&#8221;3&#8243; overlay_alpha=&#8221;50&#8243; shift_x=&#8221;0&#8243; shift_y=&#8221;0&#8243; shift_y_down=&#8221;0&#8243; z_index=&#8221;0&#8243; medium_width=&#8221;0&#8243; mobile_width=&#8221;0&#8243; width=&#8221;1\/1&#8243; uncode_shortcode_id=&#8221;119869&#8243;][vc_custom_heading text_size=&#8221;fontsize-923733&#8243; uncode_shortcode_id=&#8221;857758&#8243;]N\u00e3o esperes mais<br \/>\n<span class=\"light\">testa os nossos folhetos de demonstra\u00e7\u00e3o!<\/span>[\/vc_custom_heading][\/vc_column_inner][\/vc_row_inner][vc_empty_space empty_h=&#8221;1&#8243;][uncode_index el_id=&#8221;index-176791&#8243; isotope_mode=&#8221;fitRows&#8221; loop=&#8221;size:50|order_by:date|post_type:page|tax_query:873|taxonomy_count:10&#8243; screen_lg=&#8221;1000&#8243; screen_md=&#8221;600&#8243; screen_sm=&#8221;480&#8243; filtering=&#8221;ajax&#8221; ajax_filters_content_block_id=&#8221;131277&#8243; ajax_filters_layout=&#8221;horizontal&#8221; filters_widgets=&#8221;closed&#8221; filter_typography=&#8221;inherit&#8221; gutter_size=&#8221;2&#8243; post_items=&#8221;media|featured|onpost|original,title,text|excerpt&#8221; single_text=&#8221;lateral&#8221; images_size=&#8221;two-three&#8221; single_image_size=&#8221;4&#8243; single_back_color=&#8221;color-118935&#8243; single_shape=&#8221;round&#8221; radius=&#8221;std&#8221; single_overlay_opacity=&#8221;1&#8243; single_vertical_text=&#8221;middle&#8221; single_padding=&#8221;2&#8243; single_title_dimension=&#8221;fontsize-205029&#8243; single_title_weight=&#8221;500&#8243; single_border=&#8221;yes&#8221; single_css_animation=&#8221;bottom-t-top&#8221; single_animation_speed=&#8221;600&#8243; single_animation_delay=&#8221;100&#8243; no_double_tap=&#8221;yes&#8221; uncode_shortcode_id=&#8221;458312&#8243; filter_toggle_hide_text=&#8221;Fermer&#8221; filter_toggle_show_text=&#8221;Filter&#8221;][\/vc_column][\/vc_row]<\/p>\n<\/div>","protected":false},"excerpt":{"rendered":"<p>[vc_row row_height_percent=&#8221;0&#8243; overlay_alpha=&#8221;50&#8243; gutter_size=&#8221;3&#8243; column_width_percent=&#8221;100&#8243; shift_y=&#8221;0&#8243; z_index=&#8221;0&#8243; uncode_shortcode_id=&#8221;194823&#8243;][vc_column column_width_percent=&#8221;100&#8243; gutter_size=&#8221;3&#8243; overlay_alpha=&#8221;50&#8243; shift_x=&#8221;0&#8243; shift_y=&#8221;0&#8243; shift_y_down=&#8221;0&#8243; z_index=&#8221;0&#8243; medium_width=&#8221;0&#8243; mobile_width=&#8221;0&#8243; width=&#8221;1\/1&#8243;][vc_row_inner row_inner_height_percent=&#8221;0&#8243; overlay_alpha=&#8221;50&#8243; [&hellip;]<\/p>\n","protected":false},"author":1,"featured_media":117495,"parent":0,"menu_order":0,"comment_status":"closed","ping_status":"closed","template":"","meta":{"footnotes":""},"class_list":["post-102956","page","type-page","status-publish","has-post-thumbnail","hentry"],"yoast_head":"<!-- This site is optimized with the Yoast SEO Premium plugin v27.4 (Yoast SEO v27.4) - https:\/\/yoast.com\/product\/yoast-seo-premium-wordpress\/ -->\n<title>Folhetos de demonstra\u00e7\u00e3o gratuitos do StyQR: Simplifica a rece\u00e7\u00e3o com o StyQR<\/title>\n<meta name=\"description\" content=\"Descobre como simplificar as boas-vindas aos teus viajantes com uma solu\u00e7\u00e3o digital personalizada. Obt\u00e9m j\u00e1 os teus folhetos de demonstra\u00e7\u00e3o StyQR!\" \/>\n<meta name=\"robots\" content=\"index, follow, max-snippet:-1, max-image-preview:large, max-video-preview:-1\" \/>\n<link rel=\"canonical\" href=\"https:\/\/styqr.fr\/pt-pt\/os-nossos-folhetos-de-demonstracao-styqr\/\" \/>\n<meta property=\"og:locale\" content=\"pt_PT\" \/>\n<meta property=\"og:type\" content=\"article\" \/>\n<meta property=\"og:title\" content=\"StyQR | Le livret d&#039;accueil digital\" \/>\n<meta property=\"og:description\" content=\"Descobre como simplificar as boas-vindas aos teus viajantes com uma solu\u00e7\u00e3o digital personalizada. Obt\u00e9m j\u00e1 os teus folhetos de demonstra\u00e7\u00e3o StyQR!\" \/>\n<meta property=\"og:url\" content=\"https:\/\/styqr.fr\/pt-pt\/os-nossos-folhetos-de-demonstracao-styqr\/\" \/>\n<meta property=\"og:site_name\" content=\"StyQR\" \/>\n<meta property=\"article:publisher\" content=\"https:\/\/fr-fr.facebook.com\/styqr\/\" \/>\n<meta property=\"article:modified_time\" content=\"2026-01-27T20:18:28+00:00\" \/>\n<meta property=\"og:image\" content=\"https:\/\/styqr.fr\/wp-content\/uploads\/2024\/12\/Livret-demo-min.png\" \/>\n\t<meta property=\"og:image:width\" content=\"1400\" \/>\n\t<meta property=\"og:image:height\" content=\"1227\" \/>\n\t<meta property=\"og:image:type\" content=\"image\/png\" \/>\n<meta name=\"twitter:card\" content=\"summary_large_image\" \/>\n<script type=\"application\/ld+json\" class=\"yoast-schema-graph\">{\"@context\":\"https:\\\/\\\/schema.org\",\"@graph\":[{\"@type\":\"WebPage\",\"@id\":\"https:\\\/\\\/styqr.fr\\\/pt-pt\\\/os-nossos-folhetos-de-demonstracao-styqr\\\/\",\"url\":\"https:\\\/\\\/styqr.fr\\\/pt-pt\\\/os-nossos-folhetos-de-demonstracao-styqr\\\/\",\"name\":\"Folhetos de demonstra\u00e7\u00e3o gratuitos do StyQR: Simplifica a rece\u00e7\u00e3o com o StyQR\",\"isPartOf\":{\"@id\":\"https:\\\/\\\/styqr.fr\\\/pt-pt\\\/#website\"},\"primaryImageOfPage\":{\"@id\":\"https:\\\/\\\/styqr.fr\\\/pt-pt\\\/os-nossos-folhetos-de-demonstracao-styqr\\\/#primaryimage\"},\"image\":{\"@id\":\"https:\\\/\\\/styqr.fr\\\/pt-pt\\\/os-nossos-folhetos-de-demonstracao-styqr\\\/#primaryimage\"},\"thumbnailUrl\":\"https:\\\/\\\/styqr.fr\\\/wp-content\\\/uploads\\\/2024\\\/12\\\/Livret-demo-min.png\",\"datePublished\":\"2024-01-23T16:25:23+00:00\",\"dateModified\":\"2026-01-27T20:18:28+00:00\",\"description\":\"Descobre como simplificar as boas-vindas aos teus viajantes com uma solu\u00e7\u00e3o digital personalizada. Obt\u00e9m j\u00e1 os teus folhetos de demonstra\u00e7\u00e3o StyQR!\",\"breadcrumb\":{\"@id\":\"https:\\\/\\\/styqr.fr\\\/pt-pt\\\/os-nossos-folhetos-de-demonstracao-styqr\\\/#breadcrumb\"},\"inLanguage\":\"pt-PT\",\"potentialAction\":[{\"@type\":\"ReadAction\",\"target\":[\"https:\\\/\\\/styqr.fr\\\/pt-pt\\\/os-nossos-folhetos-de-demonstracao-styqr\\\/\"]}]},{\"@type\":\"ImageObject\",\"inLanguage\":\"pt-PT\",\"@id\":\"https:\\\/\\\/styqr.fr\\\/pt-pt\\\/os-nossos-folhetos-de-demonstracao-styqr\\\/#primaryimage\",\"url\":\"https:\\\/\\\/styqr.fr\\\/wp-content\\\/uploads\\\/2024\\\/12\\\/Livret-demo-min.png\",\"contentUrl\":\"https:\\\/\\\/styqr.fr\\\/wp-content\\\/uploads\\\/2024\\\/12\\\/Livret-demo-min.png\",\"width\":1400,\"height\":1227},{\"@type\":\"BreadcrumbList\",\"@id\":\"https:\\\/\\\/styqr.fr\\\/pt-pt\\\/os-nossos-folhetos-de-demonstracao-styqr\\\/#breadcrumb\",\"itemListElement\":[{\"@type\":\"ListItem\",\"position\":1,\"name\":\"Casa\",\"item\":\"https:\\\/\\\/styqr.fr\\\/pt-pt\\\/\"},{\"@type\":\"ListItem\",\"position\":2,\"name\":\"Os nossos folhetos de demonstra\u00e7\u00e3o StyQR\"}]},{\"@type\":\"WebSite\",\"@id\":\"https:\\\/\\\/styqr.fr\\\/pt-pt\\\/#website\",\"url\":\"https:\\\/\\\/styqr.fr\\\/pt-pt\\\/\",\"name\":\"StyQR\",\"description\":\"Cr\u00e9ez votre livret d&#039;accueil digital personnalis\u00e9 pour vos voyageurs\",\"publisher\":{\"@id\":\"https:\\\/\\\/styqr.fr\\\/pt-pt\\\/#organization\"},\"potentialAction\":[{\"@type\":\"SearchAction\",\"target\":{\"@type\":\"EntryPoint\",\"urlTemplate\":\"https:\\\/\\\/styqr.fr\\\/pt-pt\\\/?s={search_term_string}\"},\"query-input\":{\"@type\":\"PropertyValueSpecification\",\"valueRequired\":true,\"valueName\":\"search_term_string\"}}],\"inLanguage\":\"pt-PT\"},{\"@type\":\"Organization\",\"@id\":\"https:\\\/\\\/styqr.fr\\\/pt-pt\\\/#organization\",\"name\":\"StyQR\",\"url\":\"https:\\\/\\\/styqr.fr\\\/pt-pt\\\/\",\"logo\":{\"@type\":\"ImageObject\",\"inLanguage\":\"pt-PT\",\"@id\":\"https:\\\/\\\/styqr.fr\\\/pt-pt\\\/#\\\/schema\\\/logo\\\/image\\\/\",\"url\":\"https:\\\/\\\/styqr.fr\\\/wp-content\\\/uploads\\\/2020\\\/11\\\/Fichier-5.png\",\"contentUrl\":\"https:\\\/\\\/styqr.fr\\\/wp-content\\\/uploads\\\/2020\\\/11\\\/Fichier-5.png\",\"width\":388,\"height\":194,\"caption\":\"StyQR\"},\"image\":{\"@id\":\"https:\\\/\\\/styqr.fr\\\/pt-pt\\\/#\\\/schema\\\/logo\\\/image\\\/\"},\"sameAs\":[\"https:\\\/\\\/fr-fr.facebook.com\\\/styqr\\\/\",\"https:\\\/\\\/www.instagram.com\\\/styqr_fr\\\/\",\"https:\\\/\\\/fr.linkedin.com\\\/company\\\/styqr\"],\"description\":\"StyQR, le livret d'accueil digital\",\"email\":\"contact@styqr.fr\",\"legalName\":\"SAS StyQR\",\"foundingDate\":\"2019-05-27\",\"vatID\":\"FR55824532865\",\"taxID\":\"82453286500014\",\"numberOfEmployees\":{\"@type\":\"QuantitativeValue\",\"minValue\":\"1\",\"maxValue\":\"10\"}}]}<\/script>\n<!-- \/ Yoast SEO Premium plugin. -->","yoast_head_json":{"title":"Folhetos de demonstra\u00e7\u00e3o gratuitos do StyQR: Simplifica a rece\u00e7\u00e3o com o StyQR","description":"Descobre como simplificar as boas-vindas aos teus viajantes com uma solu\u00e7\u00e3o digital personalizada. Obt\u00e9m j\u00e1 os teus folhetos de demonstra\u00e7\u00e3o StyQR!","robots":{"index":"index","follow":"follow","max-snippet":"max-snippet:-1","max-image-preview":"max-image-preview:large","max-video-preview":"max-video-preview:-1"},"canonical":"https:\/\/styqr.fr\/pt-pt\/os-nossos-folhetos-de-demonstracao-styqr\/","og_locale":"pt_PT","og_type":"article","og_title":"StyQR | Le livret d'accueil digital","og_description":"Descobre como simplificar as boas-vindas aos teus viajantes com uma solu\u00e7\u00e3o digital personalizada. Obt\u00e9m j\u00e1 os teus folhetos de demonstra\u00e7\u00e3o StyQR!","og_url":"https:\/\/styqr.fr\/pt-pt\/os-nossos-folhetos-de-demonstracao-styqr\/","og_site_name":"StyQR","article_publisher":"https:\/\/fr-fr.facebook.com\/styqr\/","article_modified_time":"2026-01-27T20:18:28+00:00","og_image":[{"width":1400,"height":1227,"url":"https:\/\/styqr.fr\/wp-content\/uploads\/2024\/12\/Livret-demo-min.png","type":"image\/png"}],"twitter_card":"summary_large_image","schema":{"@context":"https:\/\/schema.org","@graph":[{"@type":"WebPage","@id":"https:\/\/styqr.fr\/pt-pt\/os-nossos-folhetos-de-demonstracao-styqr\/","url":"https:\/\/styqr.fr\/pt-pt\/os-nossos-folhetos-de-demonstracao-styqr\/","name":"Folhetos de demonstra\u00e7\u00e3o gratuitos do StyQR: Simplifica a rece\u00e7\u00e3o com o StyQR","isPartOf":{"@id":"https:\/\/styqr.fr\/pt-pt\/#website"},"primaryImageOfPage":{"@id":"https:\/\/styqr.fr\/pt-pt\/os-nossos-folhetos-de-demonstracao-styqr\/#primaryimage"},"image":{"@id":"https:\/\/styqr.fr\/pt-pt\/os-nossos-folhetos-de-demonstracao-styqr\/#primaryimage"},"thumbnailUrl":"https:\/\/styqr.fr\/wp-content\/uploads\/2024\/12\/Livret-demo-min.png","datePublished":"2024-01-23T16:25:23+00:00","dateModified":"2026-01-27T20:18:28+00:00","description":"Descobre como simplificar as boas-vindas aos teus viajantes com uma solu\u00e7\u00e3o digital personalizada. Obt\u00e9m j\u00e1 os teus folhetos de demonstra\u00e7\u00e3o StyQR!","breadcrumb":{"@id":"https:\/\/styqr.fr\/pt-pt\/os-nossos-folhetos-de-demonstracao-styqr\/#breadcrumb"},"inLanguage":"pt-PT","potentialAction":[{"@type":"ReadAction","target":["https:\/\/styqr.fr\/pt-pt\/os-nossos-folhetos-de-demonstracao-styqr\/"]}]},{"@type":"ImageObject","inLanguage":"pt-PT","@id":"https:\/\/styqr.fr\/pt-pt\/os-nossos-folhetos-de-demonstracao-styqr\/#primaryimage","url":"https:\/\/styqr.fr\/wp-content\/uploads\/2024\/12\/Livret-demo-min.png","contentUrl":"https:\/\/styqr.fr\/wp-content\/uploads\/2024\/12\/Livret-demo-min.png","width":1400,"height":1227},{"@type":"BreadcrumbList","@id":"https:\/\/styqr.fr\/pt-pt\/os-nossos-folhetos-de-demonstracao-styqr\/#breadcrumb","itemListElement":[{"@type":"ListItem","position":1,"name":"Casa","item":"https:\/\/styqr.fr\/pt-pt\/"},{"@type":"ListItem","position":2,"name":"Os nossos folhetos de demonstra\u00e7\u00e3o StyQR"}]},{"@type":"WebSite","@id":"https:\/\/styqr.fr\/pt-pt\/#website","url":"https:\/\/styqr.fr\/pt-pt\/","name":"StyQR","description":"Cr\u00e9ez votre livret d&#039;accueil digital personnalis\u00e9 pour vos voyageurs","publisher":{"@id":"https:\/\/styqr.fr\/pt-pt\/#organization"},"potentialAction":[{"@type":"SearchAction","target":{"@type":"EntryPoint","urlTemplate":"https:\/\/styqr.fr\/pt-pt\/?s={search_term_string}"},"query-input":{"@type":"PropertyValueSpecification","valueRequired":true,"valueName":"search_term_string"}}],"inLanguage":"pt-PT"},{"@type":"Organization","@id":"https:\/\/styqr.fr\/pt-pt\/#organization","name":"StyQR","url":"https:\/\/styqr.fr\/pt-pt\/","logo":{"@type":"ImageObject","inLanguage":"pt-PT","@id":"https:\/\/styqr.fr\/pt-pt\/#\/schema\/logo\/image\/","url":"https:\/\/styqr.fr\/wp-content\/uploads\/2020\/11\/Fichier-5.png","contentUrl":"https:\/\/styqr.fr\/wp-content\/uploads\/2020\/11\/Fichier-5.png","width":388,"height":194,"caption":"StyQR"},"image":{"@id":"https:\/\/styqr.fr\/pt-pt\/#\/schema\/logo\/image\/"},"sameAs":["https:\/\/fr-fr.facebook.com\/styqr\/","https:\/\/www.instagram.com\/styqr_fr\/","https:\/\/fr.linkedin.com\/company\/styqr"],"description":"StyQR, le livret d'accueil digital","email":"contact@styqr.fr","legalName":"SAS StyQR","foundingDate":"2019-05-27","vatID":"FR55824532865","taxID":"82453286500014","numberOfEmployees":{"@type":"QuantitativeValue","minValue":"1","maxValue":"10"}}]}},"_links":{"self":[{"href":"https:\/\/styqr.fr\/pt-pt\/wp-json\/wp\/v2\/pages\/102956","targetHints":{"allow":["GET"]}}],"collection":[{"href":"https:\/\/styqr.fr\/pt-pt\/wp-json\/wp\/v2\/pages"}],"about":[{"href":"https:\/\/styqr.fr\/pt-pt\/wp-json\/wp\/v2\/types\/page"}],"author":[{"embeddable":true,"href":"https:\/\/styqr.fr\/pt-pt\/wp-json\/wp\/v2\/users\/1"}],"replies":[{"embeddable":true,"href":"https:\/\/styqr.fr\/pt-pt\/wp-json\/wp\/v2\/comments?post=102956"}],"version-history":[{"count":0,"href":"https:\/\/styqr.fr\/pt-pt\/wp-json\/wp\/v2\/pages\/102956\/revisions"}],"wp:featuredmedia":[{"embeddable":true,"href":"https:\/\/styqr.fr\/pt-pt\/wp-json\/wp\/v2\/media\/117495"}],"wp:attachment":[{"href":"https:\/\/styqr.fr\/pt-pt\/wp-json\/wp\/v2\/media?parent=102956"}],"curies":[{"name":"wp","href":"https:\/\/api.w.org\/{rel}","templated":true}]}}