{"id":102952,"date":"2024-01-23T17:25:23","date_gmt":"2024-01-23T16:25:23","guid":{"rendered":"https:\/\/styqr.fr\/precisa-de-ajuda\/"},"modified":"2026-01-27T20:25:29","modified_gmt":"2026-01-27T19:25:29","slug":"precisa-de-ajuda","status":"publish","type":"page","link":"https:\/\/styqr.fr\/pt-pt\/precisa-de-ajuda\/","title":{"rendered":"Ajuda, suporte e FAQs para os teus guias de boas-vindas"},"content":{"rendered":"<div class=\"wpb-content-wrapper\"><p>[vc_row row_height_percent=&#8221;0&#8243; overlay_alpha=&#8221;50&#8243; gutter_size=&#8221;3&#8243; column_width_percent=&#8221;100&#8243; shift_y=&#8221;0&#8243; z_index=&#8221;0&#8243; uncode_shortcode_id=&#8221;194823&#8243;][vc_column column_width_percent=&#8221;100&#8243; gutter_size=&#8221;3&#8243; overlay_alpha=&#8221;50&#8243; shift_x=&#8221;0&#8243; shift_y=&#8221;0&#8243; shift_y_down=&#8221;0&#8243; z_index=&#8221;0&#8243; medium_width=&#8221;0&#8243; mobile_width=&#8221;0&#8243; width=&#8221;1\/1&#8243;][vc_row_inner row_inner_height_percent=&#8221;0&#8243; overlay_alpha=&#8221;50&#8243; gutter_size=&#8221;0&#8243; shift_y=&#8221;0&#8243; z_index=&#8221;0&#8243; uncode_shortcode_id=&#8221;515660&#8243;][vc_column_inner column_width_percent=&#8221;100&#8243; position_horizontal=&#8221;right&#8221; align_horizontal=&#8221;align_right&#8221; gutter_size=&#8221;3&#8243; overlay_alpha=&#8221;50&#8243; shift_x=&#8221;0&#8243; shift_y=&#8221;0&#8243; shift_y_down=&#8221;0&#8243; z_index=&#8221;0&#8243; align_medium=&#8221;align_left_tablet&#8221; medium_width=&#8221;0&#8243; align_mobile=&#8221;align_left_mobile&#8221; mobile_width=&#8221;0&#8243; width=&#8221;1\/6&#8243; uncode_shortcode_id=&#8221;387351&#8243; el_class=&#8221;bloc-left-crochet&#8221;][vc_single_image media=&#8221;96925&#8243; media_width_use_pixel=&#8221;yes&#8221; alignment=&#8221;right&#8221; uncode_shortcode_id=&#8221;508491&#8243; media_width_pixel=&#8221;25&#8243;][\/vc_column_inner][vc_column_inner column_width_percent=&#8221;100&#8243; align_horizontal=&#8221;align_center&#8221; gutter_size=&#8221;3&#8243; overlay_alpha=&#8221;50&#8243; shift_x=&#8221;0&#8243; shift_y=&#8221;0&#8243; shift_y_down=&#8221;0&#8243; z_index=&#8221;0&#8243; medium_width=&#8221;0&#8243; mobile_width=&#8221;0&#8243; width=&#8221;2\/3&#8243; uncode_shortcode_id=&#8221;108248&#8243;][vc_custom_heading heading_semantic=&#8221;h1&#8243; text_size=&#8221;fontsize-923733&#8243; uncode_shortcode_id=&#8221;157971&#8243;]Precisas de ajuda: gostaria de<span class=\"light\">contactar o StyQR<\/span>[\/vc_custom_heading][\/vc_column_inner][vc_column_inner column_width_percent=&#8221;100&#8243; position_horizontal=&#8221;left&#8221; position_vertical=&#8221;bottom&#8221; gutter_size=&#8221;3&#8243; overlay_alpha=&#8221;50&#8243; shift_x=&#8221;0&#8243; shift_y=&#8221;0&#8243; shift_y_down=&#8221;0&#8243; z_index=&#8221;0&#8243; align_medium=&#8221;align_right_tablet&#8221; medium_width=&#8221;0&#8243; align_mobile=&#8221;align_right_mobile&#8221; mobile_width=&#8221;0&#8243; width=&#8221;1\/6&#8243; uncode_shortcode_id=&#8221;594113&#8243; el_class=&#8221;bloc-right-crochet&#8221;][vc_single_image media=&#8221;96862&#8243; media_width_use_pixel=&#8221;yes&#8221; uncode_shortcode_id=&#8221;385801&#8243; media_width_pixel=&#8221;25&#8243;][\/vc_column_inner][\/vc_row_inner][\/vc_column][\/vc_row][vc_row row_height_percent=&#8221;0&#8243; overlay_alpha=&#8221;50&#8243; equal_height=&#8221;yes&#8221; gutter_size=&#8221;3&#8243; column_width_percent=&#8221;100&#8243; shift_y=&#8221;0&#8243; z_index=&#8221;0&#8243; uncode_shortcode_id=&#8221;160286&#8243;][vc_column column_width_percent=&#8221;100&#8243; align_horizontal=&#8221;align_center&#8221; gutter_size=&#8221;2&#8243; override_padding=&#8221;yes&#8221; column_padding=&#8221;2&#8243; back_color=&#8221;color-765104&#8243; overlay_alpha=&#8221;50&#8243; radius=&#8221;lg&#8221; shift_x=&#8221;0&#8243; shift_y=&#8221;0&#8243; shift_y_down=&#8221;0&#8243; z_index=&#8221;0&#8243; medium_width=&#8221;4&#8243; mobile_width=&#8221;0&#8243; css_animation=&#8221;top-t-bottom&#8221; animation_speed=&#8221;800&#8243; animation_delay=&#8221;100&#8243; width=&#8221;1\/3&#8243; uncode_shortcode_id=&#8221;149093&#8243; back_color_type=&#8221;uncode-palette&#8221;][vc_single_image media=&#8221;112653&#8243; media_width_use_pixel=&#8221;yes&#8221; alignment=&#8221;center&#8221; uncode_shortcode_id=&#8221;103012&#8243; media_width_pixel=&#8221;250&#8243;][vc_row_inner][vc_column_inner column_width_percent=&#8221;100&#8243; align_horizontal=&#8221;align_center&#8221; gutter_size=&#8221;0&#8243; overlay_alpha=&#8221;50&#8243; shift_x=&#8221;0&#8243; shift_y=&#8221;0&#8243; shift_y_down=&#8221;0&#8243; z_index=&#8221;0&#8243; medium_width=&#8221;0&#8243; mobile_width=&#8221;0&#8243; width=&#8221;1\/1&#8243;][vc_custom_heading text_size=&#8221;fontsize-205029&#8243; uncode_shortcode_id=&#8221;368074&#8243;]Precisas de ajuda com o<span class=\"light\">teu guia de boas-vindas?<\/span>[\/vc_custom_heading][\/vc_column_inner][\/vc_row_inner][vc_column_text uncode_shortcode_id=&#8221;125092&#8243;]Tens um problema t\u00e9cnico ou uma pergunta?<br \/>\nAbre a janela de chat para uma assist\u00eancia r\u00e1pida[\/vc_column_text][vc_empty_space empty_h=&#8221;1&#8243;][vc_raw_html]PGJ1dHRvbiBjbGFzcz0iYnV0dG9uLWNoYXQtZmFxIiBvbmNsaWNrPSIkY3Jpc3AucHVzaChbJ2RvJywgJ2NoYXQ6b3BlbiddKSI+Q29udmVyc2EgYWJlcnRhPC9idXR0b24+Cg==[\/vc_raw_html][\/vc_column][vc_column column_width_percent=&#8221;100&#8243; align_horizontal=&#8221;align_center&#8221; gutter_size=&#8221;2&#8243; override_padding=&#8221;yes&#8221; column_padding=&#8221;2&#8243; back_color=&#8221;color-765104&#8243; overlay_alpha=&#8221;50&#8243; radius=&#8221;lg&#8221; shift_x=&#8221;0&#8243; shift_y=&#8221;0&#8243; shift_y_down=&#8221;0&#8243; z_index=&#8221;0&#8243; align_medium=&#8221;align_center_tablet&#8221; medium_width=&#8221;4&#8243; mobile_width=&#8221;0&#8243; css_animation=&#8221;bottom-t-top&#8221; animation_speed=&#8221;800&#8243; animation_delay=&#8221;100&#8243; width=&#8221;1\/3&#8243; uncode_shortcode_id=&#8221;741452&#8243; back_color_type=&#8221;uncode-palette&#8221;][vc_single_image media=&#8221;117145&#8243; media_width_use_pixel=&#8221;yes&#8221; alignment=&#8221;center&#8221; uncode_shortcode_id=&#8221;131862&#8243; media_width_pixel=&#8221;250&#8243;][vc_row_inner][vc_column_inner column_width_percent=&#8221;100&#8243; align_horizontal=&#8221;align_center&#8221; gutter_size=&#8221;0&#8243; overlay_alpha=&#8221;50&#8243; shift_x=&#8221;0&#8243; shift_y=&#8221;0&#8243; shift_y_down=&#8221;0&#8243; z_index=&#8221;0&#8243; medium_width=&#8221;0&#8243; mobile_width=&#8221;0&#8243; width=&#8221;1\/1&#8243;][vc_custom_heading text_size=&#8221;fontsize-205029&#8243; uncode_shortcode_id=&#8221;121713&#8243;]Tens uma pergunta geral<span class=\"light\">ou um pedido espec\u00edfico?<\/span>[\/vc_custom_heading][\/vc_column_inner][\/vc_row_inner][vc_column_text uncode_shortcode_id=&#8221;824679&#8243;]Queres mais um pedido?<br \/>\nContacta-nos e entraremos em contacto contigo no prazo de 48 horas![\/vc_column_text][vc_empty_space empty_h=&#8221;2&#8243;][vc_button button_color=&#8221;color-189884&#8243; size=&#8221;btn-lg&#8221; border_width=&#8221;0&#8243; display=&#8221;inline&#8221; link=&#8221;url:https%3A%2F%2Fstyqr.fr%2Fcontacter-styqr%2F|title:Contacter%20StyQR|&#8221; button_color_type=&#8221;uncode-palette&#8221; uncode_shortcode_id=&#8221;143647&#8243;]Contactar-nos[\/vc_button][\/vc_column][vc_column column_width_percent=&#8221;100&#8243; align_horizontal=&#8221;align_center&#8221; gutter_size=&#8221;2&#8243; override_padding=&#8221;yes&#8221; column_padding=&#8221;2&#8243; back_color=&#8221;color-765104&#8243; overlay_alpha=&#8221;50&#8243; radius=&#8221;lg&#8221; shift_x=&#8221;0&#8243; shift_y=&#8221;0&#8243; shift_y_down=&#8221;0&#8243; z_index=&#8221;0&#8243; medium_width=&#8221;4&#8243; mobile_width=&#8221;0&#8243; css_animation=&#8221;top-t-bottom&#8221; animation_speed=&#8221;800&#8243; animation_delay=&#8221;100&#8243; width=&#8221;1\/3&#8243; uncode_shortcode_id=&#8221;175525&#8243; back_color_type=&#8221;uncode-palette&#8221;][vc_single_image media=&#8221;112633&#8243; media_width_use_pixel=&#8221;yes&#8221; alignment=&#8221;center&#8221; uncode_shortcode_id=&#8221;182876&#8243; media_width_pixel=&#8221;250&#8243;][vc_row_inner][vc_column_inner column_width_percent=&#8221;100&#8243; align_horizontal=&#8221;align_center&#8221; gutter_size=&#8221;0&#8243; overlay_alpha=&#8221;50&#8243; shift_x=&#8221;0&#8243; shift_y=&#8221;0&#8243; shift_y_down=&#8221;0&#8243; z_index=&#8221;0&#8243; medium_width=&#8221;0&#8243; mobile_width=&#8221;0&#8243; width=&#8221;1\/1&#8243;][vc_custom_heading text_size=&#8221;fontsize-205029&#8243; uncode_shortcode_id=&#8221;132474&#8243;]Consulta as nossas FAQ<span class=\"light\">para obteres respostas r\u00e1pidas<\/span>[\/vc_custom_heading][\/vc_column_inner][\/vc_row_inner][vc_column_text uncode_shortcode_id=&#8221;557256&#8243;]Encontra respostas r\u00e1pidas nas nossas FAQ online[\/vc_column_text][vc_empty_space empty_h=&#8221;2&#8243;][vc_button button_color=&#8221;color-189884&#8243; size=&#8221;btn-lg&#8221; border_width=&#8221;0&#8243; display=&#8221;inline&#8221; link=&#8221;url:https%3A%2F%2Fstyqr.fr%2Fpt-pt%2Ffaq%2F|title:Foire%20aux%20questions|&#8221; button_color_type=&#8221;uncode-palette&#8221; uncode_shortcode_id=&#8221;738696&#8243;]Consulta as FAQs[\/vc_button][\/vc_column][\/vc_row][vc_row][vc_column width=&#8221;1\/1&#8243;][\/vc_column][\/vc_row]<\/p>\n<\/div>","protected":false},"excerpt":{"rendered":"<p>[vc_row row_height_percent=&#8221;0&#8243; overlay_alpha=&#8221;50&#8243; gutter_size=&#8221;3&#8243; column_width_percent=&#8221;100&#8243; shift_y=&#8221;0&#8243; z_index=&#8221;0&#8243; uncode_shortcode_id=&#8221;194823&#8243;][vc_column column_width_percent=&#8221;100&#8243; gutter_size=&#8221;3&#8243; overlay_alpha=&#8221;50&#8243; shift_x=&#8221;0&#8243; shift_y=&#8221;0&#8243; shift_y_down=&#8221;0&#8243; z_index=&#8221;0&#8243; medium_width=&#8221;0&#8243; mobile_width=&#8221;0&#8243; width=&#8221;1\/1&#8243;][vc_row_inner row_inner_height_percent=&#8221;0&#8243; overlay_alpha=&#8221;50&#8243; [&hellip;]<\/p>\n","protected":false},"author":1,"featured_media":0,"parent":0,"menu_order":0,"comment_status":"closed","ping_status":"closed","template":"","meta":{"footnotes":""},"class_list":["post-102952","page","type-page","status-publish","hentry"],"yoast_head":"<!-- This site is optimized with the Yoast SEO Premium plugin v27.4 (Yoast SEO v27.4) - https:\/\/yoast.com\/product\/yoast-seo-premium-wordpress\/ -->\n<title>Precisa de ajuda? O StyQR d\u00e1-te todo o apoio de que precisas<\/title>\n<meta name=\"description\" content=\"Encontra respostas \u00e0s tuas perguntas sobre cadernos, parcerias e imprensa nas nossas FAQ. Otimiza\u00e7\u00e3o bem sucedida.\" \/>\n<meta name=\"robots\" content=\"index, follow, max-snippet:-1, max-image-preview:large, max-video-preview:-1\" \/>\n<link rel=\"canonical\" href=\"https:\/\/styqr.fr\/pt-pt\/precisa-de-ajuda\/\" \/>\n<meta property=\"og:locale\" content=\"pt_PT\" \/>\n<meta property=\"og:type\" content=\"article\" \/>\n<meta property=\"og:title\" content=\"StyQR | Le livret d&#039;accueil digital\" \/>\n<meta property=\"og:description\" content=\"Encontra respostas \u00e0s tuas perguntas sobre cadernos, parcerias e imprensa nas nossas FAQ. Otimiza\u00e7\u00e3o bem sucedida.\" \/>\n<meta property=\"og:url\" content=\"https:\/\/styqr.fr\/pt-pt\/precisa-de-ajuda\/\" \/>\n<meta property=\"og:site_name\" content=\"StyQR\" \/>\n<meta property=\"article:publisher\" content=\"https:\/\/fr-fr.facebook.com\/styqr\/\" \/>\n<meta property=\"article:modified_time\" content=\"2026-01-27T19:25:29+00:00\" \/>\n<meta property=\"og:image\" content=\"https:\/\/styqr.fr\/wp-content\/uploads\/2026\/01\/ZERTFHGJH-2.png\" \/>\n\t<meta property=\"og:image:width\" content=\"940\" \/>\n\t<meta property=\"og:image:height\" content=\"1610\" \/>\n\t<meta property=\"og:image:type\" content=\"image\/png\" \/>\n<meta name=\"twitter:card\" content=\"summary_large_image\" \/>\n<script type=\"application\/ld+json\" class=\"yoast-schema-graph\">{\"@context\":\"https:\\\/\\\/schema.org\",\"@graph\":[{\"@type\":\"WebPage\",\"@id\":\"https:\\\/\\\/styqr.fr\\\/pt-pt\\\/precisa-de-ajuda\\\/\",\"url\":\"https:\\\/\\\/styqr.fr\\\/pt-pt\\\/precisa-de-ajuda\\\/\",\"name\":\"Precisa de ajuda? O StyQR d\u00e1-te todo o apoio de que precisas\",\"isPartOf\":{\"@id\":\"https:\\\/\\\/styqr.fr\\\/pt-pt\\\/#website\"},\"datePublished\":\"2024-01-23T16:25:23+00:00\",\"dateModified\":\"2026-01-27T19:25:29+00:00\",\"description\":\"Encontra respostas \u00e0s tuas perguntas sobre cadernos, parcerias e imprensa nas nossas FAQ. Otimiza\u00e7\u00e3o bem sucedida.\",\"breadcrumb\":{\"@id\":\"https:\\\/\\\/styqr.fr\\\/pt-pt\\\/precisa-de-ajuda\\\/#breadcrumb\"},\"inLanguage\":\"pt-PT\",\"potentialAction\":[{\"@type\":\"ReadAction\",\"target\":[\"https:\\\/\\\/styqr.fr\\\/pt-pt\\\/precisa-de-ajuda\\\/\"]}]},{\"@type\":\"BreadcrumbList\",\"@id\":\"https:\\\/\\\/styqr.fr\\\/pt-pt\\\/precisa-de-ajuda\\\/#breadcrumb\",\"itemListElement\":[{\"@type\":\"ListItem\",\"position\":1,\"name\":\"Casa\",\"item\":\"https:\\\/\\\/styqr.fr\\\/pt-pt\\\/\"},{\"@type\":\"ListItem\",\"position\":2,\"name\":\"Ajuda, suporte e FAQs para os teus guias de boas-vindas\"}]},{\"@type\":\"WebSite\",\"@id\":\"https:\\\/\\\/styqr.fr\\\/pt-pt\\\/#website\",\"url\":\"https:\\\/\\\/styqr.fr\\\/pt-pt\\\/\",\"name\":\"StyQR\",\"description\":\"Cr\u00e9ez votre livret d&#039;accueil digital personnalis\u00e9 pour vos voyageurs\",\"publisher\":{\"@id\":\"https:\\\/\\\/styqr.fr\\\/pt-pt\\\/#organization\"},\"potentialAction\":[{\"@type\":\"SearchAction\",\"target\":{\"@type\":\"EntryPoint\",\"urlTemplate\":\"https:\\\/\\\/styqr.fr\\\/pt-pt\\\/?s={search_term_string}\"},\"query-input\":{\"@type\":\"PropertyValueSpecification\",\"valueRequired\":true,\"valueName\":\"search_term_string\"}}],\"inLanguage\":\"pt-PT\"},{\"@type\":\"Organization\",\"@id\":\"https:\\\/\\\/styqr.fr\\\/pt-pt\\\/#organization\",\"name\":\"StyQR\",\"url\":\"https:\\\/\\\/styqr.fr\\\/pt-pt\\\/\",\"logo\":{\"@type\":\"ImageObject\",\"inLanguage\":\"pt-PT\",\"@id\":\"https:\\\/\\\/styqr.fr\\\/pt-pt\\\/#\\\/schema\\\/logo\\\/image\\\/\",\"url\":\"https:\\\/\\\/styqr.fr\\\/wp-content\\\/uploads\\\/2020\\\/11\\\/Fichier-5.png\",\"contentUrl\":\"https:\\\/\\\/styqr.fr\\\/wp-content\\\/uploads\\\/2020\\\/11\\\/Fichier-5.png\",\"width\":388,\"height\":194,\"caption\":\"StyQR\"},\"image\":{\"@id\":\"https:\\\/\\\/styqr.fr\\\/pt-pt\\\/#\\\/schema\\\/logo\\\/image\\\/\"},\"sameAs\":[\"https:\\\/\\\/fr-fr.facebook.com\\\/styqr\\\/\",\"https:\\\/\\\/www.instagram.com\\\/styqr_fr\\\/\",\"https:\\\/\\\/fr.linkedin.com\\\/company\\\/styqr\"],\"description\":\"StyQR, le livret d'accueil digital\",\"email\":\"contact@styqr.fr\",\"legalName\":\"SAS StyQR\",\"foundingDate\":\"2019-05-27\",\"vatID\":\"FR55824532865\",\"taxID\":\"82453286500014\",\"numberOfEmployees\":{\"@type\":\"QuantitativeValue\",\"minValue\":\"1\",\"maxValue\":\"10\"}}]}<\/script>\n<!-- \/ Yoast SEO Premium plugin. -->","yoast_head_json":{"title":"Precisa de ajuda? O StyQR d\u00e1-te todo o apoio de que precisas","description":"Encontra respostas \u00e0s tuas perguntas sobre cadernos, parcerias e imprensa nas nossas FAQ. Otimiza\u00e7\u00e3o bem sucedida.","robots":{"index":"index","follow":"follow","max-snippet":"max-snippet:-1","max-image-preview":"max-image-preview:large","max-video-preview":"max-video-preview:-1"},"canonical":"https:\/\/styqr.fr\/pt-pt\/precisa-de-ajuda\/","og_locale":"pt_PT","og_type":"article","og_title":"StyQR | Le livret d'accueil digital","og_description":"Encontra respostas \u00e0s tuas perguntas sobre cadernos, parcerias e imprensa nas nossas FAQ. Otimiza\u00e7\u00e3o bem sucedida.","og_url":"https:\/\/styqr.fr\/pt-pt\/precisa-de-ajuda\/","og_site_name":"StyQR","article_publisher":"https:\/\/fr-fr.facebook.com\/styqr\/","article_modified_time":"2026-01-27T19:25:29+00:00","og_image":[{"width":940,"height":1610,"url":"https:\/\/styqr.fr\/wp-content\/uploads\/2026\/01\/ZERTFHGJH-2.png","type":"image\/png"}],"twitter_card":"summary_large_image","schema":{"@context":"https:\/\/schema.org","@graph":[{"@type":"WebPage","@id":"https:\/\/styqr.fr\/pt-pt\/precisa-de-ajuda\/","url":"https:\/\/styqr.fr\/pt-pt\/precisa-de-ajuda\/","name":"Precisa de ajuda? O StyQR d\u00e1-te todo o apoio de que precisas","isPartOf":{"@id":"https:\/\/styqr.fr\/pt-pt\/#website"},"datePublished":"2024-01-23T16:25:23+00:00","dateModified":"2026-01-27T19:25:29+00:00","description":"Encontra respostas \u00e0s tuas perguntas sobre cadernos, parcerias e imprensa nas nossas FAQ. Otimiza\u00e7\u00e3o bem sucedida.","breadcrumb":{"@id":"https:\/\/styqr.fr\/pt-pt\/precisa-de-ajuda\/#breadcrumb"},"inLanguage":"pt-PT","potentialAction":[{"@type":"ReadAction","target":["https:\/\/styqr.fr\/pt-pt\/precisa-de-ajuda\/"]}]},{"@type":"BreadcrumbList","@id":"https:\/\/styqr.fr\/pt-pt\/precisa-de-ajuda\/#breadcrumb","itemListElement":[{"@type":"ListItem","position":1,"name":"Casa","item":"https:\/\/styqr.fr\/pt-pt\/"},{"@type":"ListItem","position":2,"name":"Ajuda, suporte e FAQs para os teus guias de boas-vindas"}]},{"@type":"WebSite","@id":"https:\/\/styqr.fr\/pt-pt\/#website","url":"https:\/\/styqr.fr\/pt-pt\/","name":"StyQR","description":"Cr\u00e9ez votre livret d&#039;accueil digital personnalis\u00e9 pour vos voyageurs","publisher":{"@id":"https:\/\/styqr.fr\/pt-pt\/#organization"},"potentialAction":[{"@type":"SearchAction","target":{"@type":"EntryPoint","urlTemplate":"https:\/\/styqr.fr\/pt-pt\/?s={search_term_string}"},"query-input":{"@type":"PropertyValueSpecification","valueRequired":true,"valueName":"search_term_string"}}],"inLanguage":"pt-PT"},{"@type":"Organization","@id":"https:\/\/styqr.fr\/pt-pt\/#organization","name":"StyQR","url":"https:\/\/styqr.fr\/pt-pt\/","logo":{"@type":"ImageObject","inLanguage":"pt-PT","@id":"https:\/\/styqr.fr\/pt-pt\/#\/schema\/logo\/image\/","url":"https:\/\/styqr.fr\/wp-content\/uploads\/2020\/11\/Fichier-5.png","contentUrl":"https:\/\/styqr.fr\/wp-content\/uploads\/2020\/11\/Fichier-5.png","width":388,"height":194,"caption":"StyQR"},"image":{"@id":"https:\/\/styqr.fr\/pt-pt\/#\/schema\/logo\/image\/"},"sameAs":["https:\/\/fr-fr.facebook.com\/styqr\/","https:\/\/www.instagram.com\/styqr_fr\/","https:\/\/fr.linkedin.com\/company\/styqr"],"description":"StyQR, le livret d'accueil digital","email":"contact@styqr.fr","legalName":"SAS StyQR","foundingDate":"2019-05-27","vatID":"FR55824532865","taxID":"82453286500014","numberOfEmployees":{"@type":"QuantitativeValue","minValue":"1","maxValue":"10"}}]}},"_links":{"self":[{"href":"https:\/\/styqr.fr\/pt-pt\/wp-json\/wp\/v2\/pages\/102952","targetHints":{"allow":["GET"]}}],"collection":[{"href":"https:\/\/styqr.fr\/pt-pt\/wp-json\/wp\/v2\/pages"}],"about":[{"href":"https:\/\/styqr.fr\/pt-pt\/wp-json\/wp\/v2\/types\/page"}],"author":[{"embeddable":true,"href":"https:\/\/styqr.fr\/pt-pt\/wp-json\/wp\/v2\/users\/1"}],"replies":[{"embeddable":true,"href":"https:\/\/styqr.fr\/pt-pt\/wp-json\/wp\/v2\/comments?post=102952"}],"version-history":[{"count":0,"href":"https:\/\/styqr.fr\/pt-pt\/wp-json\/wp\/v2\/pages\/102952\/revisions"}],"wp:attachment":[{"href":"https:\/\/styqr.fr\/pt-pt\/wp-json\/wp\/v2\/media?parent=102952"}],"curies":[{"name":"wp","href":"https:\/\/api.w.org\/{rel}","templated":true}]}}