{"id":102825,"date":"2024-01-23T17:25:11","date_gmt":"2024-01-23T16:25:11","guid":{"rendered":"https:\/\/styqr.fr\/informacao-juridica\/"},"modified":"2025-05-22T11:00:53","modified_gmt":"2025-05-22T09:00:53","slug":"informacao-juridica","status":"publish","type":"page","link":"https:\/\/styqr.fr\/pt-pt\/informacao-juridica\/","title":{"rendered":"Informa\u00e7\u00e3o jur\u00eddica"},"content":{"rendered":"<div class=\"wpb-content-wrapper\"><p>[vc_row row_height_percent=&#8221;0&#8243; overlay_alpha=&#8221;50&#8243; gutter_size=&#8221;3&#8243; column_width_percent=&#8221;100&#8243; shift_y=&#8221;0&#8243; z_index=&#8221;0&#8243; uncode_shortcode_id=&#8221;194823&#8243;][vc_column column_width_percent=&#8221;100&#8243; gutter_size=&#8221;3&#8243; overlay_alpha=&#8221;50&#8243; shift_x=&#8221;0&#8243; shift_y=&#8221;0&#8243; shift_y_down=&#8221;0&#8243; z_index=&#8221;0&#8243; medium_width=&#8221;0&#8243; mobile_width=&#8221;0&#8243; width=&#8221;1\/1&#8243;][vc_row_inner row_inner_height_percent=&#8221;0&#8243; overlay_alpha=&#8221;50&#8243; gutter_size=&#8221;0&#8243; shift_y=&#8221;0&#8243; z_index=&#8221;0&#8243; uncode_shortcode_id=&#8221;515660&#8243;][vc_column_inner column_width_percent=&#8221;100&#8243; position_horizontal=&#8221;right&#8221; align_horizontal=&#8221;align_right&#8221; gutter_size=&#8221;3&#8243; overlay_alpha=&#8221;50&#8243; shift_x=&#8221;0&#8243; shift_y=&#8221;0&#8243; shift_y_down=&#8221;0&#8243; z_index=&#8221;0&#8243; align_medium=&#8221;align_left_tablet&#8221; medium_width=&#8221;0&#8243; align_mobile=&#8221;align_left_mobile&#8221; mobile_width=&#8221;0&#8243; width=&#8221;1\/6&#8243; uncode_shortcode_id=&#8221;387351&#8243; el_class=&#8221;bloc-left-crochet&#8221;][vc_single_image media=&#8221;90346&#8243; media_width_use_pixel=&#8221;yes&#8221; alignment=&#8221;right&#8221; uncode_shortcode_id=&#8221;508491&#8243; media_width_pixel=&#8221;25&#8243;][\/vc_column_inner][vc_column_inner column_width_percent=&#8221;100&#8243; align_horizontal=&#8221;align_center&#8221; gutter_size=&#8221;3&#8243; overlay_alpha=&#8221;50&#8243; shift_x=&#8221;0&#8243; shift_y=&#8221;0&#8243; shift_y_down=&#8221;0&#8243; z_index=&#8221;0&#8243; medium_width=&#8221;0&#8243; mobile_width=&#8221;0&#8243; width=&#8221;2\/3&#8243; uncode_shortcode_id=&#8221;108248&#8243;][vc_custom_heading heading_semantic=&#8221;h1&#8243; text_size=&#8221;fontsize-923733&#8243; uncode_shortcode_id=&#8221;194490&#8243;]<span class=\"light\">Legal<\/span>[\/vc_custom_heading][\/vc_column_inner][vc_column_inner column_width_percent=&#8221;100&#8243; position_horizontal=&#8221;left&#8221; position_vertical=&#8221;bottom&#8221; gutter_size=&#8221;3&#8243; overlay_alpha=&#8221;50&#8243; shift_x=&#8221;0&#8243; shift_y=&#8221;0&#8243; shift_y_down=&#8221;0&#8243; z_index=&#8221;0&#8243; align_medium=&#8221;align_right_tablet&#8221; medium_width=&#8221;0&#8243; align_mobile=&#8221;align_right_mobile&#8221; mobile_width=&#8221;0&#8243; width=&#8221;1\/6&#8243; uncode_shortcode_id=&#8221;594113&#8243; el_class=&#8221;bloc-right-crochet&#8221;][vc_single_image media=&#8221;90231&#8243; media_width_use_pixel=&#8221;yes&#8221; uncode_shortcode_id=&#8221;385801&#8243; media_width_pixel=&#8221;25&#8243;][\/vc_column_inner][\/vc_row_inner][\/vc_column][\/vc_row][vc_row][vc_column width=&#8221;1\/1&#8243;][vc_row_inner][vc_column_inner width=&#8221;1\/1&#8243;][vc_column_text uncode_shortcode_id=&#8221;132850&#8243;]<\/p>\n<h2>STYQR<\/h2>\n<p>SAS STYQR<br \/>\n14 all\u00e9e des Fauvettes<br \/>\n95360 Montmagny &#8211; FRAN\u00c7A<br \/>\n\ud83d\udce7 contact@styqr.fr<br \/>\nSAS com um capital de 1 000 euros<br \/>\nR.C.S. Cergy<br \/>\nSIRET: 824 532 865 00014<br \/>\nIVA intracomunit\u00e1rio: FR 558 245 328 65<\/p>\n<h2>DIRECTOR DE PUBLICA\u00c7\u00c3O<\/h2>\n<p>Julien Boisseau<br \/>\n\ud83d\udce7 contact@styqr.fr<\/p>\n<h2>ALOJAMENTO DO S\u00cdTIO<\/h2>\n<p><strong>O2Switch<\/strong><br \/>\nSIRET : 510 909 807 00024<br \/>\nRCS Clermont-Ferrand<br \/>\nSARL au capital de 100 000 \u20ac<br \/>\nOp\u00e9rateur T\u00e9l\u00e9com d\u00e9clar\u00e9 ARCEP : 09\/2989 &#8211; AS50474<\/p>\n<p><strong>DigitalOcean<\/strong><br \/>\nDigitalOcean, LLC<br \/>\n101 Avenue of the Americas, 10th Floor<br \/>\nNew York, NY 10013 &#8211; USA<br \/>\nSubsidi\u00e1ria francesa:<br \/>\nDigitalOcean France SAS<br \/>\n10 rue de la Paix<br \/>\n75002 Paris &#8211; FRAN\u00c7A<br \/>\nSIRET : 901 221 329 00014<br \/>\nRCS Paris<\/p>\n<h2>DIREITOS DE AUTOR &#8211; PROPRIEDADE INTELECTUAL<\/h2>\n<p>As marcas, log\u00f3tipos, fotografias, textos, v\u00eddeos, suportes, documentos e, de um modo geral, todos os conte\u00fados do s\u00edtio styqr.fr s\u00e3o propriedade exclusiva da STYQR ou s\u00e3o distribu\u00eddos com a autoriza\u00e7\u00e3o dos seus autores ou benefici\u00e1rios. Qualquer reprodu\u00e7\u00e3o ou duplica\u00e7\u00e3o, mesmo parcial, \u00e9 estritamente proibida sem autoriza\u00e7\u00e3o pr\u00e9via por escrito.<br \/>\nO s\u00edtio web styqr.fr est\u00e1 protegido pelas leis em vigor relativas \u00e0 propriedade intelectual. Qualquer infra\u00e7\u00e3o pode ser objeto de um processo judicial.  <\/p>\n<h2>CR\u00c9DITOS<\/h2>\n<p>Design do s\u00edtio Web: <a href=\"http:\/\/treizemars.com\">TREIZEMARS<\/a><br \/>\nIntegra\u00e7\u00e3o Web: SAS STYQR<br \/>\nFotografias: de Pexels e Unsplash (gratuitas e livres de direitos), e de Envato Elements (sob licen\u00e7a comercial).<br \/>\nV\u00eddeos: criados internamente e gerados pela CANVA.[\/vc_column_text][\/vc_column_inner][\/vc_row_inner][\/vc_column][\/vc_row]<\/p>\n<\/div>","protected":false},"excerpt":{"rendered":"<p>[vc_row row_height_percent=&#8221;0&#8243; overlay_alpha=&#8221;50&#8243; gutter_size=&#8221;3&#8243; column_width_percent=&#8221;100&#8243; shift_y=&#8221;0&#8243; z_index=&#8221;0&#8243; uncode_shortcode_id=&#8221;194823&#8243;][vc_column column_width_percent=&#8221;100&#8243; gutter_size=&#8221;3&#8243; overlay_alpha=&#8221;50&#8243; shift_x=&#8221;0&#8243; shift_y=&#8221;0&#8243; shift_y_down=&#8221;0&#8243; z_index=&#8221;0&#8243; medium_width=&#8221;0&#8243; mobile_width=&#8221;0&#8243; width=&#8221;1\/1&#8243;][vc_row_inner row_inner_height_percent=&#8221;0&#8243; overlay_alpha=&#8221;50&#8243; [&hellip;]<\/p>\n","protected":false},"author":1,"featured_media":0,"parent":0,"menu_order":0,"comment_status":"closed","ping_status":"closed","template":"","meta":{"footnotes":""},"class_list":["post-102825","page","type-page","status-publish","hentry"],"yoast_head":"<!-- This site is optimized with the Yoast SEO Premium plugin v27.4 (Yoast SEO v27.4) - https:\/\/yoast.com\/product\/yoast-seo-premium-wordpress\/ -->\n<title>Detalhes jur\u00eddicos - StyQR: Garantia de clareza e precis\u00e3o<\/title>\n<meta name=\"description\" content=\"Descubra os avisos legais do StyQR para uma compreens\u00e3o clara e precisa. Proteja-se com informa\u00e7\u00f5es jur\u00eddicas detalhadas e confi\u00e1veis.\" \/>\n<meta name=\"robots\" content=\"index, follow, max-snippet:-1, max-image-preview:large, max-video-preview:-1\" \/>\n<link rel=\"canonical\" href=\"https:\/\/styqr.fr\/pt-pt\/informacao-juridica\/\" \/>\n<meta property=\"og:locale\" content=\"pt_PT\" \/>\n<meta property=\"og:type\" content=\"article\" \/>\n<meta property=\"og:title\" content=\"StyQR | Le livret d&#039;accueil digital\" \/>\n<meta property=\"og:description\" content=\"Descubra os avisos legais do StyQR para uma compreens\u00e3o clara e precisa. Proteja-se com informa\u00e7\u00f5es jur\u00eddicas detalhadas e confi\u00e1veis.\" \/>\n<meta property=\"og:url\" content=\"https:\/\/styqr.fr\/pt-pt\/informacao-juridica\/\" \/>\n<meta property=\"og:site_name\" content=\"StyQR\" \/>\n<meta property=\"article:publisher\" content=\"https:\/\/fr-fr.facebook.com\/styqr\/\" \/>\n<meta property=\"article:modified_time\" content=\"2025-05-22T09:00:53+00:00\" \/>\n<meta property=\"og:image\" content=\"https:\/\/styqr.fr\/wp-content\/uploads\/2026\/01\/ZERTFHGJH-2.png\" \/>\n\t<meta property=\"og:image:width\" content=\"940\" \/>\n\t<meta property=\"og:image:height\" content=\"1610\" \/>\n\t<meta property=\"og:image:type\" content=\"image\/png\" \/>\n<meta name=\"twitter:card\" content=\"summary_large_image\" \/>\n<script type=\"application\/ld+json\" class=\"yoast-schema-graph\">{\"@context\":\"https:\\\/\\\/schema.org\",\"@graph\":[{\"@type\":\"WebPage\",\"@id\":\"https:\\\/\\\/styqr.fr\\\/pt-pt\\\/informacao-juridica\\\/\",\"url\":\"https:\\\/\\\/styqr.fr\\\/pt-pt\\\/informacao-juridica\\\/\",\"name\":\"Detalhes jur\u00eddicos - StyQR: Garantia de clareza e precis\u00e3o\",\"isPartOf\":{\"@id\":\"https:\\\/\\\/styqr.fr\\\/pt-pt\\\/#website\"},\"datePublished\":\"2024-01-23T16:25:11+00:00\",\"dateModified\":\"2025-05-22T09:00:53+00:00\",\"description\":\"Descubra os avisos legais do StyQR para uma compreens\u00e3o clara e precisa. Proteja-se com informa\u00e7\u00f5es jur\u00eddicas detalhadas e confi\u00e1veis.\",\"breadcrumb\":{\"@id\":\"https:\\\/\\\/styqr.fr\\\/pt-pt\\\/informacao-juridica\\\/#breadcrumb\"},\"inLanguage\":\"pt-PT\",\"potentialAction\":[{\"@type\":\"ReadAction\",\"target\":[\"https:\\\/\\\/styqr.fr\\\/pt-pt\\\/informacao-juridica\\\/\"]}]},{\"@type\":\"BreadcrumbList\",\"@id\":\"https:\\\/\\\/styqr.fr\\\/pt-pt\\\/informacao-juridica\\\/#breadcrumb\",\"itemListElement\":[{\"@type\":\"ListItem\",\"position\":1,\"name\":\"Casa\",\"item\":\"https:\\\/\\\/styqr.fr\\\/pt-pt\\\/\"},{\"@type\":\"ListItem\",\"position\":2,\"name\":\"Informa\u00e7\u00e3o jur\u00eddica\"}]},{\"@type\":\"WebSite\",\"@id\":\"https:\\\/\\\/styqr.fr\\\/pt-pt\\\/#website\",\"url\":\"https:\\\/\\\/styqr.fr\\\/pt-pt\\\/\",\"name\":\"StyQR\",\"description\":\"Cr\u00e9ez votre livret d&#039;accueil digital personnalis\u00e9 pour vos voyageurs\",\"publisher\":{\"@id\":\"https:\\\/\\\/styqr.fr\\\/pt-pt\\\/#organization\"},\"potentialAction\":[{\"@type\":\"SearchAction\",\"target\":{\"@type\":\"EntryPoint\",\"urlTemplate\":\"https:\\\/\\\/styqr.fr\\\/pt-pt\\\/?s={search_term_string}\"},\"query-input\":{\"@type\":\"PropertyValueSpecification\",\"valueRequired\":true,\"valueName\":\"search_term_string\"}}],\"inLanguage\":\"pt-PT\"},{\"@type\":\"Organization\",\"@id\":\"https:\\\/\\\/styqr.fr\\\/pt-pt\\\/#organization\",\"name\":\"StyQR\",\"url\":\"https:\\\/\\\/styqr.fr\\\/pt-pt\\\/\",\"logo\":{\"@type\":\"ImageObject\",\"inLanguage\":\"pt-PT\",\"@id\":\"https:\\\/\\\/styqr.fr\\\/pt-pt\\\/#\\\/schema\\\/logo\\\/image\\\/\",\"url\":\"https:\\\/\\\/styqr.fr\\\/wp-content\\\/uploads\\\/2020\\\/11\\\/Fichier-5.png\",\"contentUrl\":\"https:\\\/\\\/styqr.fr\\\/wp-content\\\/uploads\\\/2020\\\/11\\\/Fichier-5.png\",\"width\":388,\"height\":194,\"caption\":\"StyQR\"},\"image\":{\"@id\":\"https:\\\/\\\/styqr.fr\\\/pt-pt\\\/#\\\/schema\\\/logo\\\/image\\\/\"},\"sameAs\":[\"https:\\\/\\\/fr-fr.facebook.com\\\/styqr\\\/\",\"https:\\\/\\\/www.instagram.com\\\/styqr_fr\\\/\",\"https:\\\/\\\/fr.linkedin.com\\\/company\\\/styqr\"],\"description\":\"StyQR, le livret d'accueil digital\",\"email\":\"contact@styqr.fr\",\"legalName\":\"SAS StyQR\",\"foundingDate\":\"2019-05-27\",\"vatID\":\"FR55824532865\",\"taxID\":\"82453286500014\",\"numberOfEmployees\":{\"@type\":\"QuantitativeValue\",\"minValue\":\"1\",\"maxValue\":\"10\"}}]}<\/script>\n<!-- \/ Yoast SEO Premium plugin. -->","yoast_head_json":{"title":"Detalhes jur\u00eddicos - StyQR: Garantia de clareza e precis\u00e3o","description":"Descubra os avisos legais do StyQR para uma compreens\u00e3o clara e precisa. Proteja-se com informa\u00e7\u00f5es jur\u00eddicas detalhadas e confi\u00e1veis.","robots":{"index":"index","follow":"follow","max-snippet":"max-snippet:-1","max-image-preview":"max-image-preview:large","max-video-preview":"max-video-preview:-1"},"canonical":"https:\/\/styqr.fr\/pt-pt\/informacao-juridica\/","og_locale":"pt_PT","og_type":"article","og_title":"StyQR | Le livret d'accueil digital","og_description":"Descubra os avisos legais do StyQR para uma compreens\u00e3o clara e precisa. Proteja-se com informa\u00e7\u00f5es jur\u00eddicas detalhadas e confi\u00e1veis.","og_url":"https:\/\/styqr.fr\/pt-pt\/informacao-juridica\/","og_site_name":"StyQR","article_publisher":"https:\/\/fr-fr.facebook.com\/styqr\/","article_modified_time":"2025-05-22T09:00:53+00:00","og_image":[{"width":940,"height":1610,"url":"https:\/\/styqr.fr\/wp-content\/uploads\/2026\/01\/ZERTFHGJH-2.png","type":"image\/png"}],"twitter_card":"summary_large_image","schema":{"@context":"https:\/\/schema.org","@graph":[{"@type":"WebPage","@id":"https:\/\/styqr.fr\/pt-pt\/informacao-juridica\/","url":"https:\/\/styqr.fr\/pt-pt\/informacao-juridica\/","name":"Detalhes jur\u00eddicos - StyQR: Garantia de clareza e precis\u00e3o","isPartOf":{"@id":"https:\/\/styqr.fr\/pt-pt\/#website"},"datePublished":"2024-01-23T16:25:11+00:00","dateModified":"2025-05-22T09:00:53+00:00","description":"Descubra os avisos legais do StyQR para uma compreens\u00e3o clara e precisa. Proteja-se com informa\u00e7\u00f5es jur\u00eddicas detalhadas e confi\u00e1veis.","breadcrumb":{"@id":"https:\/\/styqr.fr\/pt-pt\/informacao-juridica\/#breadcrumb"},"inLanguage":"pt-PT","potentialAction":[{"@type":"ReadAction","target":["https:\/\/styqr.fr\/pt-pt\/informacao-juridica\/"]}]},{"@type":"BreadcrumbList","@id":"https:\/\/styqr.fr\/pt-pt\/informacao-juridica\/#breadcrumb","itemListElement":[{"@type":"ListItem","position":1,"name":"Casa","item":"https:\/\/styqr.fr\/pt-pt\/"},{"@type":"ListItem","position":2,"name":"Informa\u00e7\u00e3o jur\u00eddica"}]},{"@type":"WebSite","@id":"https:\/\/styqr.fr\/pt-pt\/#website","url":"https:\/\/styqr.fr\/pt-pt\/","name":"StyQR","description":"Cr\u00e9ez votre livret d&#039;accueil digital personnalis\u00e9 pour vos voyageurs","publisher":{"@id":"https:\/\/styqr.fr\/pt-pt\/#organization"},"potentialAction":[{"@type":"SearchAction","target":{"@type":"EntryPoint","urlTemplate":"https:\/\/styqr.fr\/pt-pt\/?s={search_term_string}"},"query-input":{"@type":"PropertyValueSpecification","valueRequired":true,"valueName":"search_term_string"}}],"inLanguage":"pt-PT"},{"@type":"Organization","@id":"https:\/\/styqr.fr\/pt-pt\/#organization","name":"StyQR","url":"https:\/\/styqr.fr\/pt-pt\/","logo":{"@type":"ImageObject","inLanguage":"pt-PT","@id":"https:\/\/styqr.fr\/pt-pt\/#\/schema\/logo\/image\/","url":"https:\/\/styqr.fr\/wp-content\/uploads\/2020\/11\/Fichier-5.png","contentUrl":"https:\/\/styqr.fr\/wp-content\/uploads\/2020\/11\/Fichier-5.png","width":388,"height":194,"caption":"StyQR"},"image":{"@id":"https:\/\/styqr.fr\/pt-pt\/#\/schema\/logo\/image\/"},"sameAs":["https:\/\/fr-fr.facebook.com\/styqr\/","https:\/\/www.instagram.com\/styqr_fr\/","https:\/\/fr.linkedin.com\/company\/styqr"],"description":"StyQR, le livret d'accueil digital","email":"contact@styqr.fr","legalName":"SAS StyQR","foundingDate":"2019-05-27","vatID":"FR55824532865","taxID":"82453286500014","numberOfEmployees":{"@type":"QuantitativeValue","minValue":"1","maxValue":"10"}}]}},"_links":{"self":[{"href":"https:\/\/styqr.fr\/pt-pt\/wp-json\/wp\/v2\/pages\/102825","targetHints":{"allow":["GET"]}}],"collection":[{"href":"https:\/\/styqr.fr\/pt-pt\/wp-json\/wp\/v2\/pages"}],"about":[{"href":"https:\/\/styqr.fr\/pt-pt\/wp-json\/wp\/v2\/types\/page"}],"author":[{"embeddable":true,"href":"https:\/\/styqr.fr\/pt-pt\/wp-json\/wp\/v2\/users\/1"}],"replies":[{"embeddable":true,"href":"https:\/\/styqr.fr\/pt-pt\/wp-json\/wp\/v2\/comments?post=102825"}],"version-history":[{"count":0,"href":"https:\/\/styqr.fr\/pt-pt\/wp-json\/wp\/v2\/pages\/102825\/revisions"}],"wp:attachment":[{"href":"https:\/\/styqr.fr\/pt-pt\/wp-json\/wp\/v2\/media?parent=102825"}],"curies":[{"name":"wp","href":"https:\/\/api.w.org\/{rel}","templated":true}]}}