{"id":102823,"date":"2024-01-23T17:25:10","date_gmt":"2024-01-23T16:25:10","guid":{"rendered":"https:\/\/styqr.fr\/faq\/"},"modified":"2025-01-30T17:23:31","modified_gmt":"2025-01-30T16:23:31","slug":"faq","status":"publish","type":"page","link":"https:\/\/styqr.fr\/pt-pt\/faq\/","title":{"rendered":"Perguntas frequentes (FAQ)"},"content":{"rendered":"<div class=\"wpb-content-wrapper\"><p>[vc_row row_height_percent=&#8221;0&#8243; overlay_alpha=&#8221;50&#8243; gutter_size=&#8221;3&#8243; column_width_percent=&#8221;100&#8243; shift_y=&#8221;0&#8243; z_index=&#8221;0&#8243; uncode_shortcode_id=&#8221;194823&#8243;][vc_column column_width_percent=&#8221;100&#8243; gutter_size=&#8221;3&#8243; overlay_alpha=&#8221;50&#8243; shift_x=&#8221;0&#8243; shift_y=&#8221;0&#8243; shift_y_down=&#8221;0&#8243; z_index=&#8221;0&#8243; medium_width=&#8221;0&#8243; mobile_width=&#8221;0&#8243; width=&#8221;1\/1&#8243;][vc_row_inner row_inner_height_percent=&#8221;0&#8243; overlay_alpha=&#8221;50&#8243; gutter_size=&#8221;0&#8243; shift_y=&#8221;0&#8243; z_index=&#8221;0&#8243; uncode_shortcode_id=&#8221;515660&#8243;][vc_column_inner column_width_percent=&#8221;100&#8243; position_horizontal=&#8221;right&#8221; align_horizontal=&#8221;align_right&#8221; gutter_size=&#8221;3&#8243; overlay_alpha=&#8221;50&#8243; shift_x=&#8221;0&#8243; shift_y=&#8221;0&#8243; shift_y_down=&#8221;0&#8243; z_index=&#8221;0&#8243; align_medium=&#8221;align_left_tablet&#8221; medium_width=&#8221;0&#8243; align_mobile=&#8221;align_left_mobile&#8221; mobile_width=&#8221;0&#8243; width=&#8221;1\/6&#8243; uncode_shortcode_id=&#8221;387351&#8243; el_class=&#8221;bloc-left-crochet&#8221;][vc_single_image media=&#8221;90346&#8243; media_width_use_pixel=&#8221;yes&#8221; alignment=&#8221;right&#8221; uncode_shortcode_id=&#8221;508491&#8243; media_width_pixel=&#8221;25&#8243;][\/vc_column_inner][vc_column_inner column_width_percent=&#8221;100&#8243; align_horizontal=&#8221;align_center&#8221; gutter_size=&#8221;3&#8243; overlay_alpha=&#8221;50&#8243; shift_x=&#8221;0&#8243; shift_y=&#8221;0&#8243; shift_y_down=&#8221;0&#8243; z_index=&#8221;0&#8243; medium_width=&#8221;0&#8243; mobile_width=&#8221;0&#8243; width=&#8221;2\/3&#8243; uncode_shortcode_id=&#8221;108248&#8243;][vc_custom_heading heading_semantic=&#8221;h1&#8243; text_size=&#8221;fontsize-923733&#8243; uncode_shortcode_id=&#8221;192153&#8243;]Perguntas frequentes (FAQ)<br \/>\n<span class=\"light\">Tudo o que precisas de saber sobre o StyQR<\/span>[\/vc_custom_heading][\/vc_column_inner][vc_column_inner column_width_percent=&#8221;100&#8243; position_horizontal=&#8221;left&#8221; position_vertical=&#8221;bottom&#8221; gutter_size=&#8221;3&#8243; overlay_alpha=&#8221;50&#8243; shift_x=&#8221;0&#8243; shift_y=&#8221;0&#8243; shift_y_down=&#8221;0&#8243; z_index=&#8221;0&#8243; align_medium=&#8221;align_right_tablet&#8221; medium_width=&#8221;0&#8243; align_mobile=&#8221;align_right_mobile&#8221; mobile_width=&#8221;0&#8243; width=&#8221;1\/6&#8243; uncode_shortcode_id=&#8221;594113&#8243; el_class=&#8221;bloc-right-crochet&#8221;][vc_single_image media=&#8221;90231&#8243; media_width_use_pixel=&#8221;yes&#8221; uncode_shortcode_id=&#8221;385801&#8243; media_width_pixel=&#8221;25&#8243;][\/vc_column_inner][\/vc_row_inner][\/vc_column][\/vc_row][vc_row][vc_column width=&#8221;1\/6&#8243;][\/vc_column][vc_column column_width_percent=&#8221;100&#8243; gutter_size=&#8221;3&#8243; overlay_alpha=&#8221;50&#8243; shift_x=&#8221;0&#8243; shift_y=&#8221;0&#8243; shift_y_down=&#8221;0&#8243; z_index=&#8221;0&#8243; medium_width=&#8221;0&#8243; mobile_width=&#8221;0&#8243; width=&#8221;2\/3&#8243; uncode_shortcode_id=&#8221;208685&#8243; el_class=&#8221;search-styqr&#8221;][vc_column_text uncode_shortcode_id=&#8221;762901&#8243;]<form data-sf-form-id='112592' data-is-rtl='0' data-maintain-state='' data-results-url='https:\/\/styqr.fr\/pt-pt\/_s\/' data-ajax-url='https:\/\/styqr.fr\/pt-pt\/_s\/?sf_data=results' data-ajax-form-url='https:\/\/styqr.fr\/pt-pt\/?sfid=112592&amp;sf_action=get_data&amp;sf_data=form' data-display-result-method='archive' data-use-history-api='1' data-template-loaded='0' data-lang-code='pt-pt' data-ajax='1' data-ajax-data-type='html' data-ajax-links-selector='.pagination a' data-ajax-target='#main' data-ajax-pagination-type='normal' data-update-ajax-url='1' data-only-results-ajax='1' data-scroll-to-pos='0' data-init-paged='1' data-auto-update='1' action='https:\/\/styqr.fr\/pt-pt\/_s\/' method='post' class='searchandfilter' id='search-filter-form-112592' autocomplete='off' data-instance-count='1'><ul><li class=\"sf-field-search\" data-sf-field-name=\"search\" data-sf-field-type=\"search\" data-sf-field-input-type=\"\">\t\t<label>\n\t\t\t\t   <input placeholder=\"Pesquisa por palavras-chave\" name=\"_sf_search[]\" class=\"sf-input-text\" type=\"text\" value=\"\" title=\"\"><\/label>\t\t<\/li><li class=\"sf-field-submit\" data-sf-field-name=\"submit\" data-sf-field-type=\"submit\" data-sf-field-input-type=\"\"><input type=\"submit\" name=\"_sf_submit\" value=\"Procura\"><\/li><\/ul><\/form>[\/vc_column_text][\/vc_column][vc_column width=&#8221;1\/6&#8243;][\/vc_column][\/vc_row][vc_row row_height_percent=&#8221;0&#8243; override_padding=&#8221;yes&#8221; h_padding=&#8221;2&#8243; top_padding=&#8221;2&#8243; bottom_padding=&#8221;3&#8243; overlay_alpha=&#8221;50&#8243; gutter_size=&#8221;3&#8243; column_width_percent=&#8221;100&#8243; shift_y=&#8221;0&#8243; z_index=&#8221;0&#8243; content_parallax=&#8221;0&#8243; uncode_shortcode_id=&#8221;142930&#8243;][vc_column width=&#8221;1\/1&#8243;][uncode_index el_id=&#8221;index-176791&#8243; loop=&#8221;size:10|order_by:date|post_type:portfolio|taxonomy_query:portfolio_category|taxonomy_count:10&#8243; screen_lg=&#8221;1000&#8243; screen_md=&#8221;600&#8243; screen_sm=&#8221;480&#8243; gutter_size=&#8221;3&#8243; post_items=&#8221;media|featured|onpost|original,title,text|excerpt&#8221; page_items=&#8221;media|featured|onpost|original,title,text|excerpt|140&#8243; uncode_taxonomy_items=&#8221;media|featured|onpost|original,title,text|140&#8243; single_text=&#8221;lateral&#8221; single_width=&#8221;6&#8243; single_image_size=&#8221;6&#8243; single_back_color=&#8221;color-xsdn&#8221; single_shape=&#8221;round&#8221; radius=&#8221;std&#8221; single_overlay_opacity=&#8221;1&#8243; single_vertical_text=&#8221;middle&#8221; single_padding=&#8221;2&#8243; single_title_dimension=&#8221;fontsize-548804&#8243; single_title_weight=&#8221;600&#8243; single_shadow=&#8221;yes&#8221; shadow_weight=&#8221;std&#8221; single_border=&#8221;yes&#8221; single_css_animation=&#8221;bottom-t-top&#8221; single_animation_speed=&#8221;600&#8243; single_animation_delay=&#8221;100&#8243; no_double_tap=&#8221;yes&#8221; uncode_shortcode_id=&#8221;149898&#8243;][\/vc_column][\/vc_row][vc_row row_height_percent=&#8221;0&#8243; override_padding=&#8221;yes&#8221; h_padding=&#8221;2&#8243; top_padding=&#8221;3&#8243; bottom_padding=&#8221;3&#8243; back_color=&#8221;color-765104&#8243; overlay_alpha=&#8221;50&#8243; gutter_size=&#8221;3&#8243; column_width_percent=&#8221;100&#8243; shift_y=&#8221;0&#8243; z_index=&#8221;0&#8243; enable_top_divider=&#8221;default&#8221; shape_top_h_use_pixel=&#8221;&#8221; shape_top_height=&#8221;50&#8243; shape_top_color=&#8221;color-xsdn&#8221; shape_top_opacity=&#8221;100&#8243; shape_top_index=&#8221;0&#8243; enable_bottom_divider=&#8221;default&#8221; shape_bottom_h_use_pixel=&#8221;&#8221; shape_bottom_height=&#8221;100&#8243; shape_bottom_color=&#8221;color-xsdn&#8221; shape_bottom_opacity=&#8221;100&#8243; shape_bottom_index=&#8221;0&#8243; content_parallax=&#8221;0&#8243; uncode_shortcode_id=&#8221;173903&#8243; row_name=&#8221;mission-atout-france&#8221; back_color_type=&#8221;uncode-palette&#8221; shape_top_color_type=&#8221;uncode-palette&#8221; shape_bottom_color_type=&#8221;uncode-palette&#8221;][vc_column column_width_percent=&#8221;100&#8243; gutter_size=&#8221;3&#8243; overlay_alpha=&#8221;50&#8243; shift_x=&#8221;0&#8243; shift_y=&#8221;0&#8243; shift_y_down=&#8221;0&#8243; z_index=&#8221;0&#8243; medium_width=&#8221;0&#8243; mobile_width=&#8221;0&#8243; width=&#8221;1\/1&#8243; uncode_shortcode_id=&#8221;137937&#8243;][vc_empty_space empty_h=&#8221;3&#8243;][vc_row_inner][vc_column_inner column_width_percent=&#8221;100&#8243; position_vertical=&#8221;middle&#8221; align_horizontal=&#8221;align_center&#8221; gutter_size=&#8221;2&#8243; overlay_alpha=&#8221;50&#8243; shift_x=&#8221;0&#8243; shift_y=&#8221;0&#8243; shift_y_down=&#8221;0&#8243; z_index=&#8221;0&#8243; medium_width=&#8221;0&#8243; mobile_width=&#8221;0&#8243; width=&#8221;1\/2&#8243; uncode_shortcode_id=&#8221;437873&#8243;][vc_single_image media=&#8221;112631&#8243; media_width_percent=&#8221;100&#8243; shape=&#8221;img-round&#8221; radius=&#8221;std&#8221; uncode_shortcode_id=&#8221;194021&#8243;][\/vc_column_inner][vc_column_inner column_width_percent=&#8221;100&#8243; position_vertical=&#8221;middle&#8221; gutter_size=&#8221;3&#8243; overlay_alpha=&#8221;50&#8243; shift_x=&#8221;0&#8243; shift_y=&#8221;0&#8243; shift_y_down=&#8221;0&#8243; z_index=&#8221;0&#8243; medium_width=&#8221;0&#8243; mobile_width=&#8221;0&#8243; width=&#8221;1\/2&#8243; uncode_shortcode_id=&#8221;119248&#8243;][vc_custom_heading text_size=&#8221;fontsize-923733&#8243; uncode_shortcode_id=&#8221;900469&#8243;]Ainda n\u00e3o encontraste<br \/>\n<span class=\"light\">a resposta \u00e0 tua pergunta em ?<\/span>[\/vc_custom_heading][vc_column_text uncode_shortcode_id=&#8221;613185&#8243;]N\u00e3o entres em p\u00e2nico, a nossa equipa est\u00e1 dispon\u00edvel para te ajudar em direto atrav\u00e9s do chat online.<\/p>\n<p>No StyQR, estamos empenhados em fornecer-te o melhor apoio poss\u00edvel. Ter\u00e1s sempre uma <strong>pessoa real<\/strong> \u00e0 tua disposi\u00e7\u00e3o para responder \u00e0s tuas perguntas, <strong>de segunda a sexta-feira, das 9h \u00e0s 19h<\/strong>. Aos fins-de-semana, fazemos tudo o que est\u00e1 ao nosso alcance para te responder o mais rapidamente poss\u00edvel e encontrar solu\u00e7\u00f5es adaptadas \u00e0s tuas necessidades.<\/p>\n<p>Tempo m\u00e9dio de resposta:<strong> 5 minutos<\/strong>[\/vc_column_text][vc_raw_html]PGJ1dHRvbiBjbGFzcz0iYnV0dG9uLWNoYXQtZmFxIiBvbmNsaWNrPSIkY3Jpc3AucHVzaChbJ2RvJywgJ2NoYXQ6b3BlbiddKSI+Q29udmVyc2EgYWJlcnRhPC9idXR0b24+Cg==[\/vc_raw_html][\/vc_column_inner][\/vc_row_inner][vc_empty_space empty_h=&#8221;4&#8243;][\/vc_column][\/vc_row]<\/p>\n<\/div>","protected":false},"excerpt":{"rendered":"<p>[vc_row row_height_percent=&#8221;0&#8243; overlay_alpha=&#8221;50&#8243; gutter_size=&#8221;3&#8243; column_width_percent=&#8221;100&#8243; shift_y=&#8221;0&#8243; z_index=&#8221;0&#8243; uncode_shortcode_id=&#8221;194823&#8243;][vc_column column_width_percent=&#8221;100&#8243; gutter_size=&#8221;3&#8243; overlay_alpha=&#8221;50&#8243; shift_x=&#8221;0&#8243; shift_y=&#8221;0&#8243; shift_y_down=&#8221;0&#8243; z_index=&#8221;0&#8243; medium_width=&#8221;0&#8243; mobile_width=&#8221;0&#8243; width=&#8221;1\/1&#8243;][vc_row_inner row_inner_height_percent=&#8221;0&#8243; overlay_alpha=&#8221;50&#8243; [&hellip;]<\/p>\n","protected":false},"author":1,"featured_media":0,"parent":0,"menu_order":0,"comment_status":"closed","ping_status":"closed","template":"","meta":{"footnotes":""},"class_list":["post-102823","page","type-page","status-publish","hentry"],"yoast_head":"<!-- This site is optimized with the Yoast SEO Premium plugin v27.4 (Yoast SEO v27.4) - https:\/\/yoast.com\/product\/yoast-seo-premium-wordpress\/ -->\n<title>Perguntas frequentes StyQR - Respostas r\u00e1pidas e \u00fateis.<\/title>\n<meta name=\"description\" content=\"Trouvez rapidement les r\u00e9ponses \u00e0 vos questions sur StyQR. Contactez-nous si vous ne trouvez pas ce que vous cherchez!\" \/>\n<meta name=\"robots\" content=\"index, follow, max-snippet:-1, max-image-preview:large, max-video-preview:-1\" \/>\n<link rel=\"canonical\" href=\"https:\/\/styqr.fr\/pt-pt\/faq\/\" \/>\n<meta property=\"og:locale\" content=\"pt_PT\" \/>\n<meta property=\"og:type\" content=\"article\" \/>\n<meta property=\"og:title\" content=\"StyQR | Le livret d&#039;accueil digital\" \/>\n<meta property=\"og:description\" content=\"Trouvez rapidement les r\u00e9ponses \u00e0 vos questions sur StyQR. Contactez-nous si vous ne trouvez pas ce que vous cherchez!\" \/>\n<meta property=\"og:url\" content=\"https:\/\/styqr.fr\/pt-pt\/faq\/\" \/>\n<meta property=\"og:site_name\" content=\"StyQR\" \/>\n<meta property=\"article:publisher\" content=\"https:\/\/fr-fr.facebook.com\/styqr\/\" \/>\n<meta property=\"article:modified_time\" content=\"2025-01-30T16:23:31+00:00\" \/>\n<meta property=\"og:image\" content=\"https:\/\/styqr.fr\/wp-content\/uploads\/2026\/01\/ZERTFHGJH-2.png\" \/>\n\t<meta property=\"og:image:width\" content=\"940\" \/>\n\t<meta property=\"og:image:height\" content=\"1610\" \/>\n\t<meta property=\"og:image:type\" content=\"image\/png\" \/>\n<meta name=\"twitter:card\" content=\"summary_large_image\" \/>\n<script type=\"application\/ld+json\" class=\"yoast-schema-graph\">{\"@context\":\"https:\\\/\\\/schema.org\",\"@graph\":[{\"@type\":\"WebPage\",\"@id\":\"https:\\\/\\\/styqr.fr\\\/pt-pt\\\/faq\\\/\",\"url\":\"https:\\\/\\\/styqr.fr\\\/pt-pt\\\/faq\\\/\",\"name\":\"Perguntas frequentes StyQR - Respostas r\u00e1pidas e \u00fateis.\",\"isPartOf\":{\"@id\":\"https:\\\/\\\/styqr.fr\\\/pt-pt\\\/#website\"},\"datePublished\":\"2024-01-23T16:25:10+00:00\",\"dateModified\":\"2025-01-30T16:23:31+00:00\",\"description\":\"Trouvez rapidement les r\u00e9ponses \u00e0 vos questions sur StyQR. Contactez-nous si vous ne trouvez pas ce que vous cherchez!\",\"breadcrumb\":{\"@id\":\"https:\\\/\\\/styqr.fr\\\/pt-pt\\\/faq\\\/#breadcrumb\"},\"inLanguage\":\"pt-PT\",\"potentialAction\":[{\"@type\":\"ReadAction\",\"target\":[\"https:\\\/\\\/styqr.fr\\\/pt-pt\\\/faq\\\/\"]}]},{\"@type\":\"BreadcrumbList\",\"@id\":\"https:\\\/\\\/styqr.fr\\\/pt-pt\\\/faq\\\/#breadcrumb\",\"itemListElement\":[{\"@type\":\"ListItem\",\"position\":1,\"name\":\"Casa\",\"item\":\"https:\\\/\\\/styqr.fr\\\/pt-pt\\\/\"},{\"@type\":\"ListItem\",\"position\":2,\"name\":\"Perguntas frequentes (FAQ)\"}]},{\"@type\":\"WebSite\",\"@id\":\"https:\\\/\\\/styqr.fr\\\/pt-pt\\\/#website\",\"url\":\"https:\\\/\\\/styqr.fr\\\/pt-pt\\\/\",\"name\":\"StyQR\",\"description\":\"Cr\u00e9ez votre livret d&#039;accueil digital personnalis\u00e9 pour vos voyageurs\",\"publisher\":{\"@id\":\"https:\\\/\\\/styqr.fr\\\/pt-pt\\\/#organization\"},\"potentialAction\":[{\"@type\":\"SearchAction\",\"target\":{\"@type\":\"EntryPoint\",\"urlTemplate\":\"https:\\\/\\\/styqr.fr\\\/pt-pt\\\/?s={search_term_string}\"},\"query-input\":{\"@type\":\"PropertyValueSpecification\",\"valueRequired\":true,\"valueName\":\"search_term_string\"}}],\"inLanguage\":\"pt-PT\"},{\"@type\":\"Organization\",\"@id\":\"https:\\\/\\\/styqr.fr\\\/pt-pt\\\/#organization\",\"name\":\"StyQR\",\"url\":\"https:\\\/\\\/styqr.fr\\\/pt-pt\\\/\",\"logo\":{\"@type\":\"ImageObject\",\"inLanguage\":\"pt-PT\",\"@id\":\"https:\\\/\\\/styqr.fr\\\/pt-pt\\\/#\\\/schema\\\/logo\\\/image\\\/\",\"url\":\"https:\\\/\\\/styqr.fr\\\/wp-content\\\/uploads\\\/2020\\\/11\\\/Fichier-5.png\",\"contentUrl\":\"https:\\\/\\\/styqr.fr\\\/wp-content\\\/uploads\\\/2020\\\/11\\\/Fichier-5.png\",\"width\":388,\"height\":194,\"caption\":\"StyQR\"},\"image\":{\"@id\":\"https:\\\/\\\/styqr.fr\\\/pt-pt\\\/#\\\/schema\\\/logo\\\/image\\\/\"},\"sameAs\":[\"https:\\\/\\\/fr-fr.facebook.com\\\/styqr\\\/\",\"https:\\\/\\\/www.instagram.com\\\/styqr_fr\\\/\",\"https:\\\/\\\/fr.linkedin.com\\\/company\\\/styqr\"],\"description\":\"StyQR, le livret d'accueil digital\",\"email\":\"contact@styqr.fr\",\"legalName\":\"SAS StyQR\",\"foundingDate\":\"2019-05-27\",\"vatID\":\"FR55824532865\",\"taxID\":\"82453286500014\",\"numberOfEmployees\":{\"@type\":\"QuantitativeValue\",\"minValue\":\"1\",\"maxValue\":\"10\"}}]}<\/script>\n<!-- \/ Yoast SEO Premium plugin. -->","yoast_head_json":{"title":"Perguntas frequentes StyQR - Respostas r\u00e1pidas e \u00fateis.","description":"Trouvez rapidement les r\u00e9ponses \u00e0 vos questions sur StyQR. Contactez-nous si vous ne trouvez pas ce que vous cherchez!","robots":{"index":"index","follow":"follow","max-snippet":"max-snippet:-1","max-image-preview":"max-image-preview:large","max-video-preview":"max-video-preview:-1"},"canonical":"https:\/\/styqr.fr\/pt-pt\/faq\/","og_locale":"pt_PT","og_type":"article","og_title":"StyQR | Le livret d'accueil digital","og_description":"Trouvez rapidement les r\u00e9ponses \u00e0 vos questions sur StyQR. Contactez-nous si vous ne trouvez pas ce que vous cherchez!","og_url":"https:\/\/styqr.fr\/pt-pt\/faq\/","og_site_name":"StyQR","article_publisher":"https:\/\/fr-fr.facebook.com\/styqr\/","article_modified_time":"2025-01-30T16:23:31+00:00","og_image":[{"width":940,"height":1610,"url":"https:\/\/styqr.fr\/wp-content\/uploads\/2026\/01\/ZERTFHGJH-2.png","type":"image\/png"}],"twitter_card":"summary_large_image","schema":{"@context":"https:\/\/schema.org","@graph":[{"@type":"WebPage","@id":"https:\/\/styqr.fr\/pt-pt\/faq\/","url":"https:\/\/styqr.fr\/pt-pt\/faq\/","name":"Perguntas frequentes StyQR - Respostas r\u00e1pidas e \u00fateis.","isPartOf":{"@id":"https:\/\/styqr.fr\/pt-pt\/#website"},"datePublished":"2024-01-23T16:25:10+00:00","dateModified":"2025-01-30T16:23:31+00:00","description":"Trouvez rapidement les r\u00e9ponses \u00e0 vos questions sur StyQR. Contactez-nous si vous ne trouvez pas ce que vous cherchez!","breadcrumb":{"@id":"https:\/\/styqr.fr\/pt-pt\/faq\/#breadcrumb"},"inLanguage":"pt-PT","potentialAction":[{"@type":"ReadAction","target":["https:\/\/styqr.fr\/pt-pt\/faq\/"]}]},{"@type":"BreadcrumbList","@id":"https:\/\/styqr.fr\/pt-pt\/faq\/#breadcrumb","itemListElement":[{"@type":"ListItem","position":1,"name":"Casa","item":"https:\/\/styqr.fr\/pt-pt\/"},{"@type":"ListItem","position":2,"name":"Perguntas frequentes (FAQ)"}]},{"@type":"WebSite","@id":"https:\/\/styqr.fr\/pt-pt\/#website","url":"https:\/\/styqr.fr\/pt-pt\/","name":"StyQR","description":"Cr\u00e9ez votre livret d&#039;accueil digital personnalis\u00e9 pour vos voyageurs","publisher":{"@id":"https:\/\/styqr.fr\/pt-pt\/#organization"},"potentialAction":[{"@type":"SearchAction","target":{"@type":"EntryPoint","urlTemplate":"https:\/\/styqr.fr\/pt-pt\/?s={search_term_string}"},"query-input":{"@type":"PropertyValueSpecification","valueRequired":true,"valueName":"search_term_string"}}],"inLanguage":"pt-PT"},{"@type":"Organization","@id":"https:\/\/styqr.fr\/pt-pt\/#organization","name":"StyQR","url":"https:\/\/styqr.fr\/pt-pt\/","logo":{"@type":"ImageObject","inLanguage":"pt-PT","@id":"https:\/\/styqr.fr\/pt-pt\/#\/schema\/logo\/image\/","url":"https:\/\/styqr.fr\/wp-content\/uploads\/2020\/11\/Fichier-5.png","contentUrl":"https:\/\/styqr.fr\/wp-content\/uploads\/2020\/11\/Fichier-5.png","width":388,"height":194,"caption":"StyQR"},"image":{"@id":"https:\/\/styqr.fr\/pt-pt\/#\/schema\/logo\/image\/"},"sameAs":["https:\/\/fr-fr.facebook.com\/styqr\/","https:\/\/www.instagram.com\/styqr_fr\/","https:\/\/fr.linkedin.com\/company\/styqr"],"description":"StyQR, le livret d'accueil digital","email":"contact@styqr.fr","legalName":"SAS StyQR","foundingDate":"2019-05-27","vatID":"FR55824532865","taxID":"82453286500014","numberOfEmployees":{"@type":"QuantitativeValue","minValue":"1","maxValue":"10"}}]}},"_links":{"self":[{"href":"https:\/\/styqr.fr\/pt-pt\/wp-json\/wp\/v2\/pages\/102823","targetHints":{"allow":["GET"]}}],"collection":[{"href":"https:\/\/styqr.fr\/pt-pt\/wp-json\/wp\/v2\/pages"}],"about":[{"href":"https:\/\/styqr.fr\/pt-pt\/wp-json\/wp\/v2\/types\/page"}],"author":[{"embeddable":true,"href":"https:\/\/styqr.fr\/pt-pt\/wp-json\/wp\/v2\/users\/1"}],"replies":[{"embeddable":true,"href":"https:\/\/styqr.fr\/pt-pt\/wp-json\/wp\/v2\/comments?post=102823"}],"version-history":[{"count":0,"href":"https:\/\/styqr.fr\/pt-pt\/wp-json\/wp\/v2\/pages\/102823\/revisions"}],"wp:attachment":[{"href":"https:\/\/styqr.fr\/pt-pt\/wp-json\/wp\/v2\/media?parent=102823"}],"curies":[{"name":"wp","href":"https:\/\/api.w.org\/{rel}","templated":true}]}}