{"id":102784,"date":"2024-01-23T17:25:09","date_gmt":"2024-01-23T16:25:09","guid":{"rendered":"https:\/\/styqr.fr\/politica-de-privacidade\/"},"modified":"2024-10-07T22:14:32","modified_gmt":"2024-10-07T20:14:32","slug":"politica-de-privacidade","status":"publish","type":"page","link":"https:\/\/styqr.fr\/pt-pt\/politica-de-privacidade\/","title":{"rendered":"Pol\u00edtica de privacidade"},"content":{"rendered":"<div class=\"wpb-content-wrapper\"><p>[vc_row row_height_percent=&#8221;0&#8243; overlay_alpha=&#8221;50&#8243; gutter_size=&#8221;3&#8243; column_width_percent=&#8221;100&#8243; shift_y=&#8221;0&#8243; z_index=&#8221;0&#8243; uncode_shortcode_id=&#8221;194823&#8243;][vc_column column_width_percent=&#8221;100&#8243; gutter_size=&#8221;3&#8243; overlay_alpha=&#8221;50&#8243; shift_x=&#8221;0&#8243; shift_y=&#8221;0&#8243; shift_y_down=&#8221;0&#8243; z_index=&#8221;0&#8243; medium_width=&#8221;0&#8243; mobile_width=&#8221;0&#8243; width=&#8221;1\/1&#8243;][vc_row_inner row_inner_height_percent=&#8221;0&#8243; overlay_alpha=&#8221;50&#8243; gutter_size=&#8221;0&#8243; shift_y=&#8221;0&#8243; z_index=&#8221;0&#8243; uncode_shortcode_id=&#8221;515660&#8243;][vc_column_inner column_width_percent=&#8221;100&#8243; position_horizontal=&#8221;right&#8221; align_horizontal=&#8221;align_right&#8221; gutter_size=&#8221;3&#8243; overlay_alpha=&#8221;50&#8243; shift_x=&#8221;0&#8243; shift_y=&#8221;0&#8243; shift_y_down=&#8221;0&#8243; z_index=&#8221;0&#8243; align_medium=&#8221;align_left_tablet&#8221; medium_width=&#8221;0&#8243; align_mobile=&#8221;align_left_mobile&#8221; mobile_width=&#8221;0&#8243; width=&#8221;1\/6&#8243; uncode_shortcode_id=&#8221;387351&#8243; el_class=&#8221;bloc-left-crochet&#8221;][vc_single_image media=&#8221;90346&#8243; media_width_use_pixel=&#8221;yes&#8221; alignment=&#8221;right&#8221; uncode_shortcode_id=&#8221;508491&#8243; media_width_pixel=&#8221;25&#8243;][\/vc_column_inner][vc_column_inner column_width_percent=&#8221;100&#8243; align_horizontal=&#8221;align_center&#8221; gutter_size=&#8221;3&#8243; overlay_alpha=&#8221;50&#8243; shift_x=&#8221;0&#8243; shift_y=&#8221;0&#8243; shift_y_down=&#8221;0&#8243; z_index=&#8221;0&#8243; medium_width=&#8221;0&#8243; mobile_width=&#8221;0&#8243; width=&#8221;2\/3&#8243; uncode_shortcode_id=&#8221;108248&#8243;][vc_custom_heading heading_semantic=&#8221;h1&#8243; text_size=&#8221;fontsize-923733&#8243; uncode_shortcode_id=&#8221;141228&#8243;]Pol\u00edtica de<span class=\"light\">privacidade<\/span>[\/vc_custom_heading][\/vc_column_inner][vc_column_inner column_width_percent=&#8221;100&#8243; position_horizontal=&#8221;left&#8221; position_vertical=&#8221;bottom&#8221; gutter_size=&#8221;3&#8243; overlay_alpha=&#8221;50&#8243; shift_x=&#8221;0&#8243; shift_y=&#8221;0&#8243; shift_y_down=&#8221;0&#8243; z_index=&#8221;0&#8243; align_medium=&#8221;align_right_tablet&#8221; medium_width=&#8221;0&#8243; align_mobile=&#8221;align_right_mobile&#8221; mobile_width=&#8221;0&#8243; width=&#8221;1\/6&#8243; uncode_shortcode_id=&#8221;594113&#8243; el_class=&#8221;bloc-right-crochet&#8221;][vc_single_image media=&#8221;90231&#8243; media_width_use_pixel=&#8221;yes&#8221; uncode_shortcode_id=&#8221;385801&#8243; media_width_pixel=&#8221;25&#8243;][\/vc_column_inner][\/vc_row_inner][\/vc_column][\/vc_row][vc_row][vc_column width=&#8221;1\/1&#8243;][vc_row_inner][vc_column_inner width=&#8221;1\/1&#8243;][vc_column_text]O objetivo da presente pol\u00edtica de privacidade \u00e9 explicar aos utilizadores do s\u00edtio: &#8211; Como s\u00e3o recolhidos e tratados os seus dados pessoais. Os dados pessoais s\u00e3o quaisquer dados que possam ser utilizados para identificar um utilizador. <\/p>\n<p>Inclui o nome e apelido do utilizador, a idade, o endere\u00e7o postal, o endere\u00e7o de correio eletr\u00f3nico, a localiza\u00e7\u00e3o e o endere\u00e7o IP; &#8211; Os direitos dos utilizadores relativamente a estes dados; &#8211; A pol\u00edtica do s\u00edtio em mat\u00e9ria de cookies.<\/p>\n<h2>1. RECOLHA DE INFORMA\u00c7\u00d5ES PESSOAIS<\/h2>\n<p>Recolhemos as seguintes informa\u00e7\u00f5es: &#8211; Apelido &#8211; Nome pr\u00f3prio &#8211; Endere\u00e7o de e-mail As informa\u00e7\u00f5es pessoais que recolhemos s\u00e3o recolhidas utilizando os m\u00e9todos descritos abaixo, nas sec\u00e7\u00f5es &#8220;Formul\u00e1rios e m\u00e9todos de recolha&#8221; e seguintes.<\/p>\n<h2>2. FORMAS E M\u00c9TODOS DE RECOLHA<\/h2>\n<p>As suas informa\u00e7\u00f5es pessoais s\u00e3o recolhidas utilizando os seguintes m\u00e9todos:<br \/>\n&#8211; Formul\u00e1rio de contacto<br \/>\n&#8211; Criar uma conta<br \/>\n&#8211; Descarregar o livro branco<\/p>\n<p>Utilizamos as informa\u00e7\u00f5es recolhidas para os seguintes fins: &#8211; Estat\u00edsticas (para tal, utilizamos Google Analytics, JetPack e SmartLook) &#8211; Informa\u00e7\u00f5es &#8211; Melhoria do s\u00edtio Web &#8211; Contacto<\/p>\n<h2>3. UTILIZA\u00c7\u00c3O DE COOKIES<\/h2>\n<p>Recolhemos determinadas informa\u00e7\u00f5es atrav\u00e9s de ficheiros de registo e cookies. <\/p>\n<p>Trata-se principalmente das seguintes informa\u00e7\u00f5es: &#8211; Endere\u00e7o IP &#8211; Sistema operativo &#8211; P\u00e1ginas visitadas e pedidos &#8211; Hora e dia da liga\u00e7\u00e3o &#8211; Tipo de dispositivo A utiliza\u00e7\u00e3o destes ficheiros permite-nos: &#8211; Melhorar o servi\u00e7o e oferecer um acolhimento personalizado &#8211; Gerar estat\u00edsticas<\/p>\n<h2>4. DIREITO DE OBJEC\u00c7\u00c3O E DE RETRACTA\u00c7\u00c3O<\/h2>\n<p>Comprometemo-nos a oferecer-lhe o direito de se opor e de retirar as suas informa\u00e7\u00f5es pessoais.O direito de oposi\u00e7\u00e3o significa que os utilizadores da Internet podem recusar que as suas informa\u00e7\u00f5es pessoais sejam utilizadas para determinados fins mencionados no momento da recolha.<br \/>\nO direito de rescis\u00e3o \u00e9 entendido como a possibilidade oferecida aos utilizadores da Internet de solicitarem que as suas informa\u00e7\u00f5es pessoais deixem de figurar, por exemplo, numa lista de endere\u00e7os.<br \/>\nPara exercer estes direitos, contacte-nos por correio eletr\u00f3nico: contact@styqr.fr<\/p>\n<h2>5. DIREITO DE ACESSO<\/h2>\n<p>Comprometemo-nos a conceder um direito de acesso e de retifica\u00e7\u00e3o \u00e0s pessoas interessadas que desejem consultar, alterar ou suprimir as informa\u00e7\u00f5es que lhes dizem respeito.<br \/>\nEste direito pode ser exercido atrav\u00e9s do envio de uma notifica\u00e7\u00e3o por correio eletr\u00f3nico: contact@styqr.fr<\/p>\n<h2>6. SEGURAN\u00c7A<\/h2>\n<p>A Lei 78-87 de 6 de janeiro de 1978, a Lei 2004-801 de 6 de agosto de 2004, o artigo L-226-13 do C\u00f3digo Penal franc\u00eas e a Diretiva Europeia de 24 de outubro de 1995 protegem todos os dados pessoais.<br \/>\nAs informa\u00e7\u00f5es pessoais que recolhemos s\u00e3o mantidas num ambiente seguro. <\/p>\n<p>As pessoas que trabalham para n\u00f3s s\u00e3o obrigadas a respeitar a confidencialidade das tuas informa\u00e7\u00f5es. Para garantir a seguran\u00e7a das tuas informa\u00e7\u00f5es pessoais, utilizamos as seguintes medidas: &#8211; Protocolo SSL (Secure Sockets Layer Certificate) &#8211; Firewalls<\/p>\n<p>Se tiver alguma d\u00favida sobre o tratamento dos seus dados, n\u00e3o hesite em contactar-nos.[\/vc_column_text][\/vc_column_inner][\/vc_row_inner][\/vc_column][\/vc_row]<\/p>\n<\/div>","protected":false},"excerpt":{"rendered":"<p>[vc_row row_height_percent=&#8221;0&#8243; overlay_alpha=&#8221;50&#8243; gutter_size=&#8221;3&#8243; column_width_percent=&#8221;100&#8243; shift_y=&#8221;0&#8243; z_index=&#8221;0&#8243; uncode_shortcode_id=&#8221;194823&#8243;][vc_column column_width_percent=&#8221;100&#8243; gutter_size=&#8221;3&#8243; overlay_alpha=&#8221;50&#8243; shift_x=&#8221;0&#8243; shift_y=&#8221;0&#8243; shift_y_down=&#8221;0&#8243; z_index=&#8221;0&#8243; medium_width=&#8221;0&#8243; mobile_width=&#8221;0&#8243; width=&#8221;1\/1&#8243;][vc_row_inner row_inner_height_percent=&#8221;0&#8243; overlay_alpha=&#8221;50&#8243; [&hellip;]<\/p>\n","protected":false},"author":1,"featured_media":0,"parent":0,"menu_order":0,"comment_status":"closed","ping_status":"closed","template":"","meta":{"footnotes":""},"class_list":["post-102784","page","type-page","status-publish","hentry"],"yoast_head":"<!-- This site is optimized with the Yoast SEO Premium plugin v27.4 (Yoast SEO v27.4) - https:\/\/yoast.com\/product\/yoast-seo-premium-wordpress\/ -->\n<title>Confidencialidade na Pol\u00edtica de Privacidade StyQR - Tudo claro e simples<\/title>\n<meta name=\"description\" content=\"Descubra como a Pol\u00edtica de Privacidade do StyQR protege seus dados de forma clara e simples. Proteja sua privacidade hoje!\" \/>\n<meta name=\"robots\" content=\"index, follow, max-snippet:-1, max-image-preview:large, max-video-preview:-1\" \/>\n<link rel=\"canonical\" href=\"https:\/\/styqr.fr\/pt-pt\/politica-de-privacidade\/\" \/>\n<meta property=\"og:locale\" content=\"pt_PT\" \/>\n<meta property=\"og:type\" content=\"article\" \/>\n<meta property=\"og:title\" content=\"StyQR | Le livret d&#039;accueil digital\" \/>\n<meta property=\"og:description\" content=\"Descubra como a Pol\u00edtica de Privacidade do StyQR protege seus dados de forma clara e simples. Proteja sua privacidade hoje!\" \/>\n<meta property=\"og:url\" content=\"https:\/\/styqr.fr\/pt-pt\/politica-de-privacidade\/\" \/>\n<meta property=\"og:site_name\" content=\"StyQR\" \/>\n<meta property=\"article:publisher\" content=\"https:\/\/fr-fr.facebook.com\/styqr\/\" \/>\n<meta property=\"article:modified_time\" content=\"2024-10-07T20:14:32+00:00\" \/>\n<meta property=\"og:image\" content=\"https:\/\/styqr.fr\/wp-content\/uploads\/2026\/01\/ZERTFHGJH-2.png\" \/>\n\t<meta property=\"og:image:width\" content=\"940\" \/>\n\t<meta property=\"og:image:height\" content=\"1610\" \/>\n\t<meta property=\"og:image:type\" content=\"image\/png\" \/>\n<meta name=\"twitter:card\" content=\"summary_large_image\" \/>\n<script type=\"application\/ld+json\" class=\"yoast-schema-graph\">{\"@context\":\"https:\\\/\\\/schema.org\",\"@graph\":[{\"@type\":\"WebPage\",\"@id\":\"https:\\\/\\\/styqr.fr\\\/pt-pt\\\/politica-de-privacidade\\\/\",\"url\":\"https:\\\/\\\/styqr.fr\\\/pt-pt\\\/politica-de-privacidade\\\/\",\"name\":\"Confidencialidade na Pol\u00edtica de Privacidade StyQR - Tudo claro e simples\",\"isPartOf\":{\"@id\":\"https:\\\/\\\/styqr.fr\\\/pt-pt\\\/#website\"},\"datePublished\":\"2024-01-23T16:25:09+00:00\",\"dateModified\":\"2024-10-07T20:14:32+00:00\",\"description\":\"Descubra como a Pol\u00edtica de Privacidade do StyQR protege seus dados de forma clara e simples. Proteja sua privacidade hoje!\",\"breadcrumb\":{\"@id\":\"https:\\\/\\\/styqr.fr\\\/pt-pt\\\/politica-de-privacidade\\\/#breadcrumb\"},\"inLanguage\":\"pt-PT\",\"potentialAction\":[{\"@type\":\"ReadAction\",\"target\":[\"https:\\\/\\\/styqr.fr\\\/pt-pt\\\/politica-de-privacidade\\\/\"]}]},{\"@type\":\"BreadcrumbList\",\"@id\":\"https:\\\/\\\/styqr.fr\\\/pt-pt\\\/politica-de-privacidade\\\/#breadcrumb\",\"itemListElement\":[{\"@type\":\"ListItem\",\"position\":1,\"name\":\"Casa\",\"item\":\"https:\\\/\\\/styqr.fr\\\/pt-pt\\\/\"},{\"@type\":\"ListItem\",\"position\":2,\"name\":\"Pol\u00edtica de privacidade\"}]},{\"@type\":\"WebSite\",\"@id\":\"https:\\\/\\\/styqr.fr\\\/pt-pt\\\/#website\",\"url\":\"https:\\\/\\\/styqr.fr\\\/pt-pt\\\/\",\"name\":\"StyQR\",\"description\":\"Cr\u00e9ez votre livret d&#039;accueil digital personnalis\u00e9 pour vos voyageurs\",\"publisher\":{\"@id\":\"https:\\\/\\\/styqr.fr\\\/pt-pt\\\/#organization\"},\"potentialAction\":[{\"@type\":\"SearchAction\",\"target\":{\"@type\":\"EntryPoint\",\"urlTemplate\":\"https:\\\/\\\/styqr.fr\\\/pt-pt\\\/?s={search_term_string}\"},\"query-input\":{\"@type\":\"PropertyValueSpecification\",\"valueRequired\":true,\"valueName\":\"search_term_string\"}}],\"inLanguage\":\"pt-PT\"},{\"@type\":\"Organization\",\"@id\":\"https:\\\/\\\/styqr.fr\\\/pt-pt\\\/#organization\",\"name\":\"StyQR\",\"url\":\"https:\\\/\\\/styqr.fr\\\/pt-pt\\\/\",\"logo\":{\"@type\":\"ImageObject\",\"inLanguage\":\"pt-PT\",\"@id\":\"https:\\\/\\\/styqr.fr\\\/pt-pt\\\/#\\\/schema\\\/logo\\\/image\\\/\",\"url\":\"https:\\\/\\\/styqr.fr\\\/wp-content\\\/uploads\\\/2020\\\/11\\\/Fichier-5.png\",\"contentUrl\":\"https:\\\/\\\/styqr.fr\\\/wp-content\\\/uploads\\\/2020\\\/11\\\/Fichier-5.png\",\"width\":388,\"height\":194,\"caption\":\"StyQR\"},\"image\":{\"@id\":\"https:\\\/\\\/styqr.fr\\\/pt-pt\\\/#\\\/schema\\\/logo\\\/image\\\/\"},\"sameAs\":[\"https:\\\/\\\/fr-fr.facebook.com\\\/styqr\\\/\",\"https:\\\/\\\/www.instagram.com\\\/styqr_fr\\\/\",\"https:\\\/\\\/fr.linkedin.com\\\/company\\\/styqr\"],\"description\":\"StyQR, le livret d'accueil digital\",\"email\":\"contact@styqr.fr\",\"legalName\":\"SAS StyQR\",\"foundingDate\":\"2019-05-27\",\"vatID\":\"FR55824532865\",\"taxID\":\"82453286500014\",\"numberOfEmployees\":{\"@type\":\"QuantitativeValue\",\"minValue\":\"1\",\"maxValue\":\"10\"}}]}<\/script>\n<!-- \/ Yoast SEO Premium plugin. -->","yoast_head_json":{"title":"Confidencialidade na Pol\u00edtica de Privacidade StyQR - Tudo claro e simples","description":"Descubra como a Pol\u00edtica de Privacidade do StyQR protege seus dados de forma clara e simples. Proteja sua privacidade hoje!","robots":{"index":"index","follow":"follow","max-snippet":"max-snippet:-1","max-image-preview":"max-image-preview:large","max-video-preview":"max-video-preview:-1"},"canonical":"https:\/\/styqr.fr\/pt-pt\/politica-de-privacidade\/","og_locale":"pt_PT","og_type":"article","og_title":"StyQR | Le livret d'accueil digital","og_description":"Descubra como a Pol\u00edtica de Privacidade do StyQR protege seus dados de forma clara e simples. Proteja sua privacidade hoje!","og_url":"https:\/\/styqr.fr\/pt-pt\/politica-de-privacidade\/","og_site_name":"StyQR","article_publisher":"https:\/\/fr-fr.facebook.com\/styqr\/","article_modified_time":"2024-10-07T20:14:32+00:00","og_image":[{"width":940,"height":1610,"url":"https:\/\/styqr.fr\/wp-content\/uploads\/2026\/01\/ZERTFHGJH-2.png","type":"image\/png"}],"twitter_card":"summary_large_image","schema":{"@context":"https:\/\/schema.org","@graph":[{"@type":"WebPage","@id":"https:\/\/styqr.fr\/pt-pt\/politica-de-privacidade\/","url":"https:\/\/styqr.fr\/pt-pt\/politica-de-privacidade\/","name":"Confidencialidade na Pol\u00edtica de Privacidade StyQR - Tudo claro e simples","isPartOf":{"@id":"https:\/\/styqr.fr\/pt-pt\/#website"},"datePublished":"2024-01-23T16:25:09+00:00","dateModified":"2024-10-07T20:14:32+00:00","description":"Descubra como a Pol\u00edtica de Privacidade do StyQR protege seus dados de forma clara e simples. Proteja sua privacidade hoje!","breadcrumb":{"@id":"https:\/\/styqr.fr\/pt-pt\/politica-de-privacidade\/#breadcrumb"},"inLanguage":"pt-PT","potentialAction":[{"@type":"ReadAction","target":["https:\/\/styqr.fr\/pt-pt\/politica-de-privacidade\/"]}]},{"@type":"BreadcrumbList","@id":"https:\/\/styqr.fr\/pt-pt\/politica-de-privacidade\/#breadcrumb","itemListElement":[{"@type":"ListItem","position":1,"name":"Casa","item":"https:\/\/styqr.fr\/pt-pt\/"},{"@type":"ListItem","position":2,"name":"Pol\u00edtica de privacidade"}]},{"@type":"WebSite","@id":"https:\/\/styqr.fr\/pt-pt\/#website","url":"https:\/\/styqr.fr\/pt-pt\/","name":"StyQR","description":"Cr\u00e9ez votre livret d&#039;accueil digital personnalis\u00e9 pour vos voyageurs","publisher":{"@id":"https:\/\/styqr.fr\/pt-pt\/#organization"},"potentialAction":[{"@type":"SearchAction","target":{"@type":"EntryPoint","urlTemplate":"https:\/\/styqr.fr\/pt-pt\/?s={search_term_string}"},"query-input":{"@type":"PropertyValueSpecification","valueRequired":true,"valueName":"search_term_string"}}],"inLanguage":"pt-PT"},{"@type":"Organization","@id":"https:\/\/styqr.fr\/pt-pt\/#organization","name":"StyQR","url":"https:\/\/styqr.fr\/pt-pt\/","logo":{"@type":"ImageObject","inLanguage":"pt-PT","@id":"https:\/\/styqr.fr\/pt-pt\/#\/schema\/logo\/image\/","url":"https:\/\/styqr.fr\/wp-content\/uploads\/2020\/11\/Fichier-5.png","contentUrl":"https:\/\/styqr.fr\/wp-content\/uploads\/2020\/11\/Fichier-5.png","width":388,"height":194,"caption":"StyQR"},"image":{"@id":"https:\/\/styqr.fr\/pt-pt\/#\/schema\/logo\/image\/"},"sameAs":["https:\/\/fr-fr.facebook.com\/styqr\/","https:\/\/www.instagram.com\/styqr_fr\/","https:\/\/fr.linkedin.com\/company\/styqr"],"description":"StyQR, le livret d'accueil digital","email":"contact@styqr.fr","legalName":"SAS StyQR","foundingDate":"2019-05-27","vatID":"FR55824532865","taxID":"82453286500014","numberOfEmployees":{"@type":"QuantitativeValue","minValue":"1","maxValue":"10"}}]}},"_links":{"self":[{"href":"https:\/\/styqr.fr\/pt-pt\/wp-json\/wp\/v2\/pages\/102784","targetHints":{"allow":["GET"]}}],"collection":[{"href":"https:\/\/styqr.fr\/pt-pt\/wp-json\/wp\/v2\/pages"}],"about":[{"href":"https:\/\/styqr.fr\/pt-pt\/wp-json\/wp\/v2\/types\/page"}],"author":[{"embeddable":true,"href":"https:\/\/styqr.fr\/pt-pt\/wp-json\/wp\/v2\/users\/1"}],"replies":[{"embeddable":true,"href":"https:\/\/styqr.fr\/pt-pt\/wp-json\/wp\/v2\/comments?post=102784"}],"version-history":[{"count":0,"href":"https:\/\/styqr.fr\/pt-pt\/wp-json\/wp\/v2\/pages\/102784\/revisions"}],"wp:attachment":[{"href":"https:\/\/styqr.fr\/pt-pt\/wp-json\/wp\/v2\/media?parent=102784"}],"curies":[{"name":"wp","href":"https:\/\/api.w.org\/{rel}","templated":true}]}}