{"id":112308,"date":"2024-12-04T18:09:33","date_gmt":"2024-12-04T17:09:33","guid":{"rendered":"https:\/\/styqr.fr\/preguntas-frecuentes\/presentacion-de-styqr\/"},"modified":"2025-02-03T18:14:58","modified_gmt":"2025-02-03T17:14:58","slug":"presentacion-de-styqr-folletos-digitales-de-bienvenida","status":"publish","type":"page","link":"https:\/\/styqr.fr\/es\/preguntas-frecuentes\/presentacion-de-styqr-folletos-digitales-de-bienvenida\/","title":{"rendered":"Presentaci\u00f3n de los folletos digitales de bienvenida StyQR"},"content":{"rendered":"<div class=\"wpb-content-wrapper\"><p>[vc_row row_height_percent=\u00bb0&#8243; overlay_alpha=\u00bb50&#8243; gutter_size=\u00bb3&#8243; column_width_percent=\u00bb100&#8243; shift_y=\u00bb0&#8243; z_index=\u00bb0&#8243; uncode_shortcode_id=\u00bb194823&#8243;][vc_column column_width_percent=\u00bb100&#8243; gutter_size=\u00bb3&#8243; overlay_alpha=\u00bb50&#8243; shift_x=\u00bb0&#8243; shift_y=\u00bb0&#8243; shift_y_down=\u00bb0&#8243; z_index=\u00bb0&#8243; medium_width=\u00bb0&#8243; mobile_width=\u00bb0&#8243; width=\u00bb1\/1&#8243;][vc_row_inner row_inner_height_percent=\u00bb0&#8243; overlay_alpha=\u00bb50&#8243; gutter_size=\u00bb0&#8243; shift_y=\u00bb0&#8243; z_index=\u00bb0&#8243; uncode_shortcode_id=\u00bb515660&#8243;][vc_column_inner column_width_percent=\u00bb100&#8243; position_horizontal=\u00bbright\u00bb align_horizontal=\u00bbalign_right\u00bb gutter_size=\u00bb3&#8243; overlay_alpha=\u00bb50&#8243; shift_x=\u00bb0&#8243; shift_y=\u00bb0&#8243; shift_y_down=\u00bb0&#8243; z_index=\u00bb0&#8243; align_medium=\u00bbalign_left_tablet\u00bb medium_width=\u00bb0&#8243; align_mobile=\u00bbalign_left_mobile\u00bb mobile_width=\u00bb0&#8243; width=\u00bb1\/6&#8243; uncode_shortcode_id=\u00bb387351&#8243; el_class=\u00bbbloc-left-crochet\u00bb][vc_single_image media=\u00bb90346&#8243; media_width_use_pixel=\u00bbyes\u00bb alignment=\u00bbright\u00bb uncode_shortcode_id=\u00bb508491&#8243; media_width_pixel=\u00bb25&#8243;][\/vc_column_inner][vc_column_inner column_width_percent=\u00bb100&#8243; align_horizontal=\u00bbalign_center\u00bb gutter_size=\u00bb3&#8243; overlay_alpha=\u00bb50&#8243; shift_x=\u00bb0&#8243; shift_y=\u00bb0&#8243; shift_y_down=\u00bb0&#8243; z_index=\u00bb0&#8243; medium_width=\u00bb0&#8243; mobile_width=\u00bb0&#8243; width=\u00bb2\/3&#8243; uncode_shortcode_id=\u00bb108248&#8243;][vc_custom_heading auto_text=\u00bbyes\u00bb heading_semantic=\u00bbh1&#8243; text_size=\u00bbfontsize-923733&#8243; uncode_shortcode_id=\u00bb806002&#8243;][\/vc_custom_heading][\/vc_column_inner][vc_column_inner column_width_percent=\u00bb100&#8243; position_horizontal=\u00bbleft\u00bb position_vertical=\u00bbbottom\u00bb gutter_size=\u00bb3&#8243; overlay_alpha=\u00bb50&#8243; shift_x=\u00bb0&#8243; shift_y=\u00bb0&#8243; shift_y_down=\u00bb0&#8243; z_index=\u00bb0&#8243; align_medium=\u00bbalign_right_tablet\u00bb medium_width=\u00bb0&#8243; align_mobile=\u00bbalign_right_mobile\u00bb mobile_width=\u00bb0&#8243; width=\u00bb1\/6&#8243; uncode_shortcode_id=\u00bb594113&#8243; el_class=\u00bbbloc-right-crochet\u00bb][vc_single_image media=\u00bb90231&#8243; media_width_use_pixel=\u00bbyes\u00bb uncode_shortcode_id=\u00bb385801&#8243; media_width_pixel=\u00bb25&#8243;][\/vc_column_inner][\/vc_row_inner][\/vc_column][\/vc_row][vc_row][vc_column width=\u00bb1\/6&#8243;][\/vc_column][vc_column column_width_percent=\u00bb100&#8243; gutter_size=\u00bb3&#8243; overlay_alpha=\u00bb50&#8243; shift_x=\u00bb0&#8243; shift_y=\u00bb0&#8243; shift_y_down=\u00bb0&#8243; z_index=\u00bb0&#8243; medium_width=\u00bb0&#8243; mobile_width=\u00bb0&#8243; width=\u00bb2\/3&#8243; uncode_shortcode_id=\u00bb208685&#8243; el_class=\u00bbsearch-styqr\u00bb][vc_column_text uncode_shortcode_id=\u00bb762901&#8243;]<form data-sf-form-id='112591' data-is-rtl='0' data-maintain-state='' data-results-url='https:\/\/styqr.fr\/es\/_s\/' data-ajax-url='https:\/\/styqr.fr\/es\/_s\/?sf_data=results' data-ajax-form-url='https:\/\/styqr.fr\/es\/?sfid=112591&amp;sf_action=get_data&amp;sf_data=form' data-display-result-method='archive' data-use-history-api='1' data-template-loaded='0' data-lang-code='es' data-ajax='1' data-ajax-data-type='html' data-ajax-links-selector='.pagination a' data-ajax-target='#main' data-ajax-pagination-type='normal' data-update-ajax-url='1' data-only-results-ajax='1' data-scroll-to-pos='0' data-init-paged='1' data-auto-update='1' action='https:\/\/styqr.fr\/es\/_s\/' method='post' class='searchandfilter' id='search-filter-form-112591' autocomplete='off' data-instance-count='1'><ul><li class=\"sf-field-search\" data-sf-field-name=\"search\" data-sf-field-type=\"search\" data-sf-field-input-type=\"\">\t\t<label>\n\t\t\t\t   <input placeholder=\"Buscar por palabras clave\" name=\"_sf_search[]\" class=\"sf-input-text\" type=\"text\" value=\"\" title=\"\"><\/label>\t\t<\/li><li class=\"sf-field-submit\" data-sf-field-name=\"submit\" data-sf-field-type=\"submit\" data-sf-field-input-type=\"\"><input type=\"submit\" name=\"_sf_submit\" value=\"Busca en\"><\/li><\/ul><\/form>[\/vc_column_text][\/vc_column][vc_column width=\u00bb1\/6&#8243;][\/vc_column][\/vc_row][vc_row row_height_percent=\u00bb0&#8243; override_padding=\u00bbyes\u00bb h_padding=\u00bb2&#8243; top_padding=\u00bb2&#8243; bottom_padding=\u00bb3&#8243; overlay_alpha=\u00bb50&#8243; gutter_size=\u00bb3&#8243; column_width_percent=\u00bb100&#8243; shift_y=\u00bb0&#8243; z_index=\u00bb0&#8243; content_parallax=\u00bb0&#8243; uncode_shortcode_id=\u00bb142930&#8243;][vc_column width=\u00bb1\/1&#8243;][uncode_breadcrumbs][uncode_index el_id=\u00bbindex-914687&#8243; isotope_mode=\u00bbvertical\u00bb loop=\u00bbsize:all|order_by:date|post_type:portfolio|tax_query:1902|taxonomy_count:10&#8243; screen_lg=\u00bb1000&#8243; screen_md=\u00bb600&#8243; screen_sm=\u00bb480&#8243; gutter_size=\u00bb1&#8243; portfolio_items=\u00bbtitle\u00bb single_width=\u00bb12&#8243; single_overlay_opacity=\u00bb50&#8243; single_padding=\u00bb2&#8243; single_title_dimension=\u00bbfontsize-205029&#8243; single_title_weight=\u00bb500&#8243; single_border=\u00bbyes\u00bb uncode_shortcode_id=\u00bb424760&#8243;][\/vc_column][\/vc_row][vc_row row_height_percent=\u00bb0&#8243; override_padding=\u00bbyes\u00bb h_padding=\u00bb2&#8243; top_padding=\u00bb3&#8243; bottom_padding=\u00bb3&#8243; back_color=\u00bbcolor-765104&#8243; overlay_alpha=\u00bb50&#8243; gutter_size=\u00bb3&#8243; column_width_percent=\u00bb100&#8243; shift_y=\u00bb0&#8243; z_index=\u00bb0&#8243; enable_top_divider=\u00bbdefault\u00bb shape_top_h_use_pixel=\u00bb\u00bb shape_top_height=\u00bb50&#8243; shape_top_color=\u00bbcolor-xsdn\u00bb shape_top_opacity=\u00bb100&#8243; shape_top_index=\u00bb0&#8243; enable_bottom_divider=\u00bbdefault\u00bb shape_bottom_h_use_pixel=\u00bb\u00bb shape_bottom_height=\u00bb100&#8243; shape_bottom_color=\u00bbcolor-xsdn\u00bb shape_bottom_opacity=\u00bb100&#8243; shape_bottom_index=\u00bb0&#8243; content_parallax=\u00bb0&#8243; uncode_shortcode_id=\u00bb173903&#8243; row_name=\u00bbmission-atout-france\u00bb back_color_type=\u00bbuncode-palette\u00bb shape_top_color_type=\u00bbuncode-palette\u00bb shape_bottom_color_type=\u00bbuncode-palette\u00bb][vc_column column_width_percent=\u00bb100&#8243; gutter_size=\u00bb3&#8243; overlay_alpha=\u00bb50&#8243; shift_x=\u00bb0&#8243; shift_y=\u00bb0&#8243; shift_y_down=\u00bb0&#8243; z_index=\u00bb0&#8243; medium_width=\u00bb0&#8243; mobile_width=\u00bb0&#8243; width=\u00bb1\/1&#8243; uncode_shortcode_id=\u00bb137937&#8243;][vc_empty_space empty_h=\u00bb3&#8243;][vc_custom_heading uncode_shortcode_id=\u00bb347753&#8243;]Otras categor\u00edas[\/vc_custom_heading][uncode_index el_id=\u00bbindex-1767919&#8243; index_type=\u00bbcarousel\u00bb loop=\u00bbsize:10|order_by:date|post_type:portfolio|taxonomy_query:portfolio_category|taxonomy_count:10&#8243; carousel_lg=\u00bb2&#8243; carousel_md=\u00bb2&#8243; carousel_sm=\u00bb1&#8243; gutter_size=\u00bb3&#8243; post_items=\u00bbmedia|featured|onpost|original,title,text|excerpt\u00bb page_items=\u00bbmedia|featured|onpost|original,title,text|excerpt|140&#8243; uncode_taxonomy_items=\u00bbmedia|featured|onpost|original,title,text|140&#8243; carousel_height=\u00bbequal\u00bb carousel_interval=\u00bb3000&#8243; carousel_navspeed=\u00bb400&#8243; carousel_loop=\u00bbyes\u00bb carousel_nav=\u00bbyes\u00bb carousel_nav_mobile=\u00bbyes\u00bb stage_padding=\u00bb0&#8243; single_text=\u00bblateral\u00bb single_image_size=\u00bb4&#8243; single_back_color=\u00bbcolor-xsdn\u00bb single_shape=\u00bbround\u00bb radius=\u00bbstd\u00bb single_overlay_opacity=\u00bb1&#8243; single_vertical_text=\u00bbmiddle\u00bb single_padding=\u00bb1&#8243; single_title_dimension=\u00bbfontsize-548804&#8243; single_title_weight=\u00bb600&#8243; single_border=\u00bbyes\u00bb single_css_animation=\u00bbbottom-t-top\u00bb single_animation_speed=\u00bb600&#8243; single_animation_delay=\u00bb100&#8243; no_double_tap=\u00bbyes\u00bb uncode_shortcode_id=\u00bb135808&#8243;][vc_empty_space empty_h=\u00bb4&#8243;][\/vc_column][\/vc_row][vc_row row_height_percent=\u00bb0&#8243; override_padding=\u00bbyes\u00bb h_padding=\u00bb2&#8243; top_padding=\u00bb3&#8243; bottom_padding=\u00bb3&#8243; overlay_alpha=\u00bb50&#8243; gutter_size=\u00bb3&#8243; column_width_percent=\u00bb100&#8243; shift_y=\u00bb0&#8243; z_index=\u00bb0&#8243; content_parallax=\u00bb0&#8243; uncode_shortcode_id=\u00bb193646&#8243; row_name=\u00bbmission-atout-france\u00bb][vc_column column_width_percent=\u00bb100&#8243; gutter_size=\u00bb3&#8243; overlay_alpha=\u00bb50&#8243; shift_x=\u00bb0&#8243; shift_y=\u00bb0&#8243; shift_y_down=\u00bb0&#8243; z_index=\u00bb0&#8243; medium_width=\u00bb0&#8243; mobile_width=\u00bb0&#8243; width=\u00bb1\/1&#8243; uncode_shortcode_id=\u00bb137937&#8243;][vc_row_inner][vc_column_inner column_width_percent=\u00bb100&#8243; position_vertical=\u00bbmiddle\u00bb align_horizontal=\u00bbalign_center\u00bb gutter_size=\u00bb2&#8243; overlay_alpha=\u00bb50&#8243; shift_x=\u00bb0&#8243; shift_y=\u00bb0&#8243; shift_y_down=\u00bb0&#8243; z_index=\u00bb0&#8243; medium_width=\u00bb0&#8243; mobile_width=\u00bb0&#8243; width=\u00bb1\/2&#8243; uncode_shortcode_id=\u00bb437873&#8243;][vc_single_image media=\u00bb112631&#8243; media_width_percent=\u00bb100&#8243; shape=\u00bbimg-round\u00bb radius=\u00bbstd\u00bb uncode_shortcode_id=\u00bb600734&#8243;][\/vc_column_inner][vc_column_inner column_width_percent=\u00bb100&#8243; position_vertical=\u00bbmiddle\u00bb gutter_size=\u00bb3&#8243; overlay_alpha=\u00bb50&#8243; shift_x=\u00bb0&#8243; shift_y=\u00bb0&#8243; shift_y_down=\u00bb0&#8243; z_index=\u00bb0&#8243; medium_width=\u00bb0&#8243; mobile_width=\u00bb0&#8243; width=\u00bb1\/2&#8243; uncode_shortcode_id=\u00bb119248&#8243;][vc_custom_heading text_size=\u00bbfontsize-923733&#8243; uncode_shortcode_id=\u00bb102022&#8243;]\u00bfNo has encontrado <span class=\"light\">la respuesta a tu pregunta?<\/span>[\/vc_custom_heading][vc_column_text uncode_shortcode_id=\u00bb613185&#8243;]Que no cunda el p\u00e1nico, nuestro equipo est\u00e1 disponible para ayudarte en directo a trav\u00e9s del chat en l\u00ednea. En StyQR, nos comprometemos a proporcionarte la mejor asistencia posible. Siempre tendr\u00e1s a mano a una <strong>persona real<\/strong> para responder a tus preguntas, de <strong>lunes a viernes, de 9 de la ma\u00f1ana a 7 de la tarde<\/strong>. Los fines de semana, hacemos todo lo posible para responderte lo antes posible y encontrar soluciones adaptadas a tus necesidades.   Tiempo medio de respuesta:<strong> 5 minutos<\/strong>[\/vc_column_text][vc_raw_html]PGJ1dHRvbiBjbGFzcz0iYnV0dG9uLWNoYXQtZmFxIiBvbmNsaWNrPSIkY3Jpc3AucHVzaChbJ2RvJywgJ2NoYXQ6b3BlbiddKSI+Q2hhdCBhYmllcnRvPC9idXR0b24+Cg==[\/vc_raw_html][\/vc_column_inner][\/vc_row_inner][\/vc_column][\/vc_row]<\/p>\n<\/div>","protected":false},"excerpt":{"rendered":"<p>[vc_row row_height_percent=\u00bb0&#8243; overlay_alpha=\u00bb50&#8243; gutter_size=\u00bb3&#8243; column_width_percent=\u00bb100&#8243; shift_y=\u00bb0&#8243; z_index=\u00bb0&#8243; uncode_shortcode_id=\u00bb194823&#8243;][vc_column column_width_percent=\u00bb100&#8243; gutter_size=\u00bb3&#8243; overlay_alpha=\u00bb50&#8243; shift_x=\u00bb0&#8243; shift_y=\u00bb0&#8243; shift_y_down=\u00bb0&#8243; z_index=\u00bb0&#8243; medium_width=\u00bb0&#8243; mobile_width=\u00bb0&#8243; width=\u00bb1\/1&#8243;][vc_row_inner row_inner_height_percent=\u00bb0&#8243; overlay_alpha=\u00bb50&#8243; [&hellip;]<\/p>\n","protected":false},"author":1,"featured_media":0,"parent":102883,"menu_order":0,"comment_status":"closed","ping_status":"closed","template":"","meta":{"footnotes":""},"class_list":["post-112308","page","type-page","status-publish","hentry"],"yoast_head":"<!-- This site is optimized with the Yoast SEO Premium plugin v27.4 (Yoast SEO v27.4) - https:\/\/yoast.com\/product\/yoast-seo-premium-wordpress\/ -->\n<title>Folletos digitales de bienvenida StyQR: simplifica la informaci\u00f3n y mejora la experiencia.<\/title>\n<meta name=\"description\" content=\"Descubre StyQR, la soluci\u00f3n de folleto de bienvenida digital para simplificar la informaci\u00f3n y mejorar la experiencia de tus pasajeros. \u00a1Optimiza la presentaci\u00f3n de tus folletos digitales con StyQR ahora!\" \/>\n<meta name=\"robots\" content=\"index, follow, max-snippet:-1, max-image-preview:large, max-video-preview:-1\" \/>\n<link rel=\"canonical\" href=\"https:\/\/styqr.fr\/es\/preguntas-frecuentes\/presentacion-de-styqr-folletos-digitales-de-bienvenida\/\" \/>\n<meta property=\"og:locale\" content=\"es_ES\" \/>\n<meta property=\"og:type\" content=\"article\" \/>\n<meta property=\"og:title\" content=\"StyQR | Le livret d&#039;accueil digital\" \/>\n<meta property=\"og:description\" content=\"Descubre StyQR, la soluci\u00f3n de folleto de bienvenida digital para simplificar la informaci\u00f3n y mejorar la experiencia de tus pasajeros. \u00a1Optimiza la presentaci\u00f3n de tus folletos digitales con StyQR ahora!\" \/>\n<meta property=\"og:url\" content=\"https:\/\/styqr.fr\/es\/preguntas-frecuentes\/presentacion-de-styqr-folletos-digitales-de-bienvenida\/\" \/>\n<meta property=\"og:site_name\" content=\"StyQR\" \/>\n<meta property=\"article:publisher\" content=\"https:\/\/fr-fr.facebook.com\/styqr\/\" \/>\n<meta property=\"article:modified_time\" content=\"2025-02-03T17:14:58+00:00\" \/>\n<meta property=\"og:image\" content=\"https:\/\/styqr.fr\/wp-content\/uploads\/2026\/01\/ZERTFHGJH-2.png\" \/>\n\t<meta property=\"og:image:width\" content=\"940\" \/>\n\t<meta property=\"og:image:height\" content=\"1610\" \/>\n\t<meta property=\"og:image:type\" content=\"image\/png\" \/>\n<meta name=\"twitter:card\" content=\"summary_large_image\" \/>\n<script type=\"application\/ld+json\" class=\"yoast-schema-graph\">{\"@context\":\"https:\\\/\\\/schema.org\",\"@graph\":[{\"@type\":\"WebPage\",\"@id\":\"https:\\\/\\\/styqr.fr\\\/es\\\/preguntas-frecuentes\\\/presentacion-de-styqr-folletos-digitales-de-bienvenida\\\/\",\"url\":\"https:\\\/\\\/styqr.fr\\\/es\\\/preguntas-frecuentes\\\/presentacion-de-styqr-folletos-digitales-de-bienvenida\\\/\",\"name\":\"Folletos digitales de bienvenida StyQR: simplifica la informaci\u00f3n y mejora la experiencia.\",\"isPartOf\":{\"@id\":\"https:\\\/\\\/styqr.fr\\\/es\\\/#website\"},\"datePublished\":\"2024-12-04T17:09:33+00:00\",\"dateModified\":\"2025-02-03T17:14:58+00:00\",\"description\":\"Descubre StyQR, la soluci\u00f3n de folleto de bienvenida digital para simplificar la informaci\u00f3n y mejorar la experiencia de tus pasajeros. \u00a1Optimiza la presentaci\u00f3n de tus folletos digitales con StyQR ahora!\",\"breadcrumb\":{\"@id\":\"https:\\\/\\\/styqr.fr\\\/es\\\/preguntas-frecuentes\\\/presentacion-de-styqr-folletos-digitales-de-bienvenida\\\/#breadcrumb\"},\"inLanguage\":\"es\",\"potentialAction\":[{\"@type\":\"ReadAction\",\"target\":[\"https:\\\/\\\/styqr.fr\\\/es\\\/preguntas-frecuentes\\\/presentacion-de-styqr-folletos-digitales-de-bienvenida\\\/\"]}]},{\"@type\":\"BreadcrumbList\",\"@id\":\"https:\\\/\\\/styqr.fr\\\/es\\\/preguntas-frecuentes\\\/presentacion-de-styqr-folletos-digitales-de-bienvenida\\\/#breadcrumb\",\"itemListElement\":[{\"@type\":\"ListItem\",\"position\":1,\"name\":\"Inicio\",\"item\":\"https:\\\/\\\/styqr.fr\\\/es\\\/\"},{\"@type\":\"ListItem\",\"position\":2,\"name\":\"Preguntas m\u00e1s frecuentes (FAQ)\",\"item\":\"https:\\\/\\\/styqr.fr\\\/es\\\/foire-aux-questions-faq\\\/\"},{\"@type\":\"ListItem\",\"position\":3,\"name\":\"Presentaci\u00f3n de los folletos digitales de bienvenida StyQR\"}]},{\"@type\":\"WebSite\",\"@id\":\"https:\\\/\\\/styqr.fr\\\/es\\\/#website\",\"url\":\"https:\\\/\\\/styqr.fr\\\/es\\\/\",\"name\":\"StyQR\",\"description\":\"Cr\u00e9ez votre livret d&#039;accueil digital personnalis\u00e9 pour vos voyageurs\",\"publisher\":{\"@id\":\"https:\\\/\\\/styqr.fr\\\/es\\\/#organization\"},\"potentialAction\":[{\"@type\":\"SearchAction\",\"target\":{\"@type\":\"EntryPoint\",\"urlTemplate\":\"https:\\\/\\\/styqr.fr\\\/es\\\/?s={search_term_string}\"},\"query-input\":{\"@type\":\"PropertyValueSpecification\",\"valueRequired\":true,\"valueName\":\"search_term_string\"}}],\"inLanguage\":\"es\"},{\"@type\":\"Organization\",\"@id\":\"https:\\\/\\\/styqr.fr\\\/es\\\/#organization\",\"name\":\"StyQR\",\"url\":\"https:\\\/\\\/styqr.fr\\\/es\\\/\",\"logo\":{\"@type\":\"ImageObject\",\"inLanguage\":\"es\",\"@id\":\"https:\\\/\\\/styqr.fr\\\/es\\\/#\\\/schema\\\/logo\\\/image\\\/\",\"url\":\"https:\\\/\\\/styqr.fr\\\/wp-content\\\/uploads\\\/2020\\\/11\\\/Fichier-5.png\",\"contentUrl\":\"https:\\\/\\\/styqr.fr\\\/wp-content\\\/uploads\\\/2020\\\/11\\\/Fichier-5.png\",\"width\":388,\"height\":194,\"caption\":\"StyQR\"},\"image\":{\"@id\":\"https:\\\/\\\/styqr.fr\\\/es\\\/#\\\/schema\\\/logo\\\/image\\\/\"},\"sameAs\":[\"https:\\\/\\\/fr-fr.facebook.com\\\/styqr\\\/\",\"https:\\\/\\\/www.instagram.com\\\/styqr_fr\\\/\",\"https:\\\/\\\/fr.linkedin.com\\\/company\\\/styqr\"],\"description\":\"StyQR, le livret d'accueil digital\",\"email\":\"contact@styqr.fr\",\"legalName\":\"SAS StyQR\",\"foundingDate\":\"2019-05-27\",\"vatID\":\"FR55824532865\",\"taxID\":\"82453286500014\",\"numberOfEmployees\":{\"@type\":\"QuantitativeValue\",\"minValue\":\"1\",\"maxValue\":\"10\"}}]}<\/script>\n<!-- \/ Yoast SEO Premium plugin. -->","yoast_head_json":{"title":"Folletos digitales de bienvenida StyQR: simplifica la informaci\u00f3n y mejora la experiencia.","description":"Descubre StyQR, la soluci\u00f3n de folleto de bienvenida digital para simplificar la informaci\u00f3n y mejorar la experiencia de tus pasajeros. \u00a1Optimiza la presentaci\u00f3n de tus folletos digitales con StyQR ahora!","robots":{"index":"index","follow":"follow","max-snippet":"max-snippet:-1","max-image-preview":"max-image-preview:large","max-video-preview":"max-video-preview:-1"},"canonical":"https:\/\/styqr.fr\/es\/preguntas-frecuentes\/presentacion-de-styqr-folletos-digitales-de-bienvenida\/","og_locale":"es_ES","og_type":"article","og_title":"StyQR | Le livret d'accueil digital","og_description":"Descubre StyQR, la soluci\u00f3n de folleto de bienvenida digital para simplificar la informaci\u00f3n y mejorar la experiencia de tus pasajeros. \u00a1Optimiza la presentaci\u00f3n de tus folletos digitales con StyQR ahora!","og_url":"https:\/\/styqr.fr\/es\/preguntas-frecuentes\/presentacion-de-styqr-folletos-digitales-de-bienvenida\/","og_site_name":"StyQR","article_publisher":"https:\/\/fr-fr.facebook.com\/styqr\/","article_modified_time":"2025-02-03T17:14:58+00:00","og_image":[{"width":940,"height":1610,"url":"https:\/\/styqr.fr\/wp-content\/uploads\/2026\/01\/ZERTFHGJH-2.png","type":"image\/png"}],"twitter_card":"summary_large_image","schema":{"@context":"https:\/\/schema.org","@graph":[{"@type":"WebPage","@id":"https:\/\/styqr.fr\/es\/preguntas-frecuentes\/presentacion-de-styqr-folletos-digitales-de-bienvenida\/","url":"https:\/\/styqr.fr\/es\/preguntas-frecuentes\/presentacion-de-styqr-folletos-digitales-de-bienvenida\/","name":"Folletos digitales de bienvenida StyQR: simplifica la informaci\u00f3n y mejora la experiencia.","isPartOf":{"@id":"https:\/\/styqr.fr\/es\/#website"},"datePublished":"2024-12-04T17:09:33+00:00","dateModified":"2025-02-03T17:14:58+00:00","description":"Descubre StyQR, la soluci\u00f3n de folleto de bienvenida digital para simplificar la informaci\u00f3n y mejorar la experiencia de tus pasajeros. \u00a1Optimiza la presentaci\u00f3n de tus folletos digitales con StyQR ahora!","breadcrumb":{"@id":"https:\/\/styqr.fr\/es\/preguntas-frecuentes\/presentacion-de-styqr-folletos-digitales-de-bienvenida\/#breadcrumb"},"inLanguage":"es","potentialAction":[{"@type":"ReadAction","target":["https:\/\/styqr.fr\/es\/preguntas-frecuentes\/presentacion-de-styqr-folletos-digitales-de-bienvenida\/"]}]},{"@type":"BreadcrumbList","@id":"https:\/\/styqr.fr\/es\/preguntas-frecuentes\/presentacion-de-styqr-folletos-digitales-de-bienvenida\/#breadcrumb","itemListElement":[{"@type":"ListItem","position":1,"name":"Inicio","item":"https:\/\/styqr.fr\/es\/"},{"@type":"ListItem","position":2,"name":"Preguntas m\u00e1s frecuentes (FAQ)","item":"https:\/\/styqr.fr\/es\/foire-aux-questions-faq\/"},{"@type":"ListItem","position":3,"name":"Presentaci\u00f3n de los folletos digitales de bienvenida StyQR"}]},{"@type":"WebSite","@id":"https:\/\/styqr.fr\/es\/#website","url":"https:\/\/styqr.fr\/es\/","name":"StyQR","description":"Cr\u00e9ez votre livret d&#039;accueil digital personnalis\u00e9 pour vos voyageurs","publisher":{"@id":"https:\/\/styqr.fr\/es\/#organization"},"potentialAction":[{"@type":"SearchAction","target":{"@type":"EntryPoint","urlTemplate":"https:\/\/styqr.fr\/es\/?s={search_term_string}"},"query-input":{"@type":"PropertyValueSpecification","valueRequired":true,"valueName":"search_term_string"}}],"inLanguage":"es"},{"@type":"Organization","@id":"https:\/\/styqr.fr\/es\/#organization","name":"StyQR","url":"https:\/\/styqr.fr\/es\/","logo":{"@type":"ImageObject","inLanguage":"es","@id":"https:\/\/styqr.fr\/es\/#\/schema\/logo\/image\/","url":"https:\/\/styqr.fr\/wp-content\/uploads\/2020\/11\/Fichier-5.png","contentUrl":"https:\/\/styqr.fr\/wp-content\/uploads\/2020\/11\/Fichier-5.png","width":388,"height":194,"caption":"StyQR"},"image":{"@id":"https:\/\/styqr.fr\/es\/#\/schema\/logo\/image\/"},"sameAs":["https:\/\/fr-fr.facebook.com\/styqr\/","https:\/\/www.instagram.com\/styqr_fr\/","https:\/\/fr.linkedin.com\/company\/styqr"],"description":"StyQR, le livret d'accueil digital","email":"contact@styqr.fr","legalName":"SAS StyQR","foundingDate":"2019-05-27","vatID":"FR55824532865","taxID":"82453286500014","numberOfEmployees":{"@type":"QuantitativeValue","minValue":"1","maxValue":"10"}}]}},"_links":{"self":[{"href":"https:\/\/styqr.fr\/es\/wp-json\/wp\/v2\/pages\/112308","targetHints":{"allow":["GET"]}}],"collection":[{"href":"https:\/\/styqr.fr\/es\/wp-json\/wp\/v2\/pages"}],"about":[{"href":"https:\/\/styqr.fr\/es\/wp-json\/wp\/v2\/types\/page"}],"author":[{"embeddable":true,"href":"https:\/\/styqr.fr\/es\/wp-json\/wp\/v2\/users\/1"}],"replies":[{"embeddable":true,"href":"https:\/\/styqr.fr\/es\/wp-json\/wp\/v2\/comments?post=112308"}],"version-history":[{"count":0,"href":"https:\/\/styqr.fr\/es\/wp-json\/wp\/v2\/pages\/112308\/revisions"}],"up":[{"embeddable":true,"href":"https:\/\/styqr.fr\/es\/wp-json\/wp\/v2\/pages\/102883"}],"wp:attachment":[{"href":"https:\/\/styqr.fr\/es\/wp-json\/wp\/v2\/media?parent=112308"}],"curies":[{"name":"wp","href":"https:\/\/api.w.org\/{rel}","templated":true}]}}