{"id":103124,"date":"2024-01-23T17:25:30","date_gmt":"2024-01-23T16:25:30","guid":{"rendered":"https:\/\/styqr.fr\/nuestros-folletos-de-demostracion-de-styqr\/"},"modified":"2026-01-27T21:18:28","modified_gmt":"2026-01-27T20:18:28","slug":"nuestros-folletos-de-demostracion-de-styqr","status":"publish","type":"page","link":"https:\/\/styqr.fr\/es\/nuestros-folletos-de-demostracion-de-styqr\/","title":{"rendered":"Nuestros folletos de demostraci\u00f3n de StyQR"},"content":{"rendered":"<div class=\"wpb-content-wrapper\"><p>[vc_row row_height_percent=\u00bb0&#8243; overlay_alpha=\u00bb50&#8243; gutter_size=\u00bb3&#8243; column_width_percent=\u00bb100&#8243; shift_y=\u00bb0&#8243; z_index=\u00bb0&#8243; uncode_shortcode_id=\u00bb194823&#8243;][vc_column column_width_percent=\u00bb100&#8243; gutter_size=\u00bb3&#8243; overlay_alpha=\u00bb50&#8243; shift_x=\u00bb0&#8243; shift_y=\u00bb0&#8243; shift_y_down=\u00bb0&#8243; z_index=\u00bb0&#8243; medium_width=\u00bb0&#8243; mobile_width=\u00bb0&#8243; width=\u00bb1\/1&#8243;][vc_row_inner row_inner_height_percent=\u00bb0&#8243; overlay_alpha=\u00bb50&#8243; gutter_size=\u00bb0&#8243; shift_y=\u00bb0&#8243; z_index=\u00bb0&#8243; uncode_shortcode_id=\u00bb515660&#8243;][vc_column_inner column_width_percent=\u00bb100&#8243; position_horizontal=\u00bbright\u00bb align_horizontal=\u00bbalign_right\u00bb gutter_size=\u00bb3&#8243; overlay_alpha=\u00bb50&#8243; shift_x=\u00bb0&#8243; shift_y=\u00bb0&#8243; shift_y_down=\u00bb0&#8243; z_index=\u00bb0&#8243; align_medium=\u00bbalign_left_tablet\u00bb medium_width=\u00bb0&#8243; align_mobile=\u00bbalign_left_mobile\u00bb mobile_width=\u00bb0&#8243; width=\u00bb1\/6&#8243; uncode_shortcode_id=\u00bb387351&#8243; el_class=\u00bbbloc-left-crochet\u00bb][vc_single_image media=\u00bb96926&#8243; media_width_use_pixel=\u00bbyes\u00bb alignment=\u00bbright\u00bb uncode_shortcode_id=\u00bb508491&#8243; media_width_pixel=\u00bb25&#8243;][\/vc_column_inner][vc_column_inner column_width_percent=\u00bb100&#8243; align_horizontal=\u00bbalign_center\u00bb gutter_size=\u00bb3&#8243; overlay_alpha=\u00bb50&#8243; shift_x=\u00bb0&#8243; shift_y=\u00bb0&#8243; shift_y_down=\u00bb0&#8243; z_index=\u00bb0&#8243; medium_width=\u00bb0&#8243; mobile_width=\u00bb0&#8243; width=\u00bb2\/3&#8243; uncode_shortcode_id=\u00bb108248&#8243;][vc_custom_heading heading_semantic=\u00bbh1&#8243; text_size=\u00bbfontsize-923733&#8243; uncode_shortcode_id=\u00bb125660&#8243;]Descubre los folletos de demostraci\u00f3n StyQR<span class=\"light\">para simplificar la recepci\u00f3n de tus viajeros<\/span>[\/vc_custom_heading][\/vc_column_inner][vc_column_inner column_width_percent=\u00bb100&#8243; position_horizontal=\u00bbleft\u00bb position_vertical=\u00bbbottom\u00bb gutter_size=\u00bb3&#8243; overlay_alpha=\u00bb50&#8243; shift_x=\u00bb0&#8243; shift_y=\u00bb0&#8243; shift_y_down=\u00bb0&#8243; z_index=\u00bb0&#8243; align_medium=\u00bbalign_right_tablet\u00bb medium_width=\u00bb0&#8243; align_mobile=\u00bbalign_right_mobile\u00bb mobile_width=\u00bb0&#8243; width=\u00bb1\/6&#8243; uncode_shortcode_id=\u00bb594113&#8243; el_class=\u00bbbloc-right-crochet\u00bb][vc_single_image media=\u00bb96863&#8243; media_width_use_pixel=\u00bbyes\u00bb uncode_shortcode_id=\u00bb385801&#8243; media_width_pixel=\u00bb25&#8243;][\/vc_column_inner][\/vc_row_inner][\/vc_column][\/vc_row][vc_row row_height_percent=\u00bb0&#8243; override_padding=\u00bbyes\u00bb h_padding=\u00bb2&#8243; top_padding=\u00bb3&#8243; bottom_padding=\u00bb2&#8243; overlay_alpha=\u00bb50&#8243; gutter_size=\u00bb3&#8243; column_width_percent=\u00bb100&#8243; shift_y=\u00bb0&#8243; z_index=\u00bb0&#8243; uncode_shortcode_id=\u00bb251873&#8243; row_name=\u00bbmission-atout-france\u00bb][vc_column width=\u00bb1\/1&#8243;][vc_row_inner][vc_column_inner column_width_percent=\u00bb100&#8243; position_vertical=\u00bbmiddle\u00bb align_horizontal=\u00bbalign_center\u00bb gutter_size=\u00bb2&#8243; overlay_alpha=\u00bb50&#8243; shift_x=\u00bb0&#8243; shift_y=\u00bb0&#8243; shift_y_down=\u00bb0&#8243; z_index=\u00bb0&#8243; medium_width=\u00bb0&#8243; mobile_width=\u00bb0&#8243; width=\u00bb1\/2&#8243; uncode_shortcode_id=\u00bb437873&#8243;][vc_single_image media=\u00bb117496&#8243; media_width_percent=\u00bb100&#8243; shape=\u00bbimg-round\u00bb radius=\u00bbstd\u00bb uncode_shortcode_id=\u00bb789654&#8243;][\/vc_column_inner][vc_column_inner column_width_percent=\u00bb100&#8243; position_vertical=\u00bbmiddle\u00bb gutter_size=\u00bb3&#8243; overlay_alpha=\u00bb50&#8243; shift_x=\u00bb0&#8243; shift_y=\u00bb0&#8243; shift_y_down=\u00bb0&#8243; z_index=\u00bb0&#8243; medium_width=\u00bb0&#8243; mobile_width=\u00bb0&#8243; width=\u00bb1\/2&#8243; uncode_shortcode_id=\u00bb119248&#8243;][vc_custom_heading text_size=\u00bbfontsize-923733&#8243; uncode_shortcode_id=\u00bb135079&#8243;]\u00bfPor qu\u00e9 elegir<br \/>\n<span class=\"light\">StyQR demo passbooks?<\/span>[\/vc_custom_heading][vc_column_text uncode_shortcode_id=\u00bb142208&#8243;]Centraliza toda la informaci\u00f3n esencial: consejos locales, recomendaciones e instrucciones pr\u00e1cticas en unos pocos clics.<\/p>\n<p><strong>Los folletos de bienvenida StyQR te permiten :<\/strong><\/p>\n<ul>\n<li>Reduce el n\u00famero de preguntas frecuentes.<\/li>\n<li>Mejorar la satisfacci\u00f3n del cliente.<\/li>\n<li>Ahorra un tiempo valioso a tu equipo.<\/li>\n<\/ul>\n<p>A<strong>decuados para todo tipo de alojamientos:<\/strong> tanto si gestionas hoteles, alquileres vacacionales, campings o cualquier otro tipo de establecimiento, nuestros folletos se adaptan a tus necesidades.[\/vc_column_text][vc_empty_space empty_h=\u00bb3&#8243;][\/vc_column_inner][\/vc_row_inner][\/vc_column][\/vc_row][vc_row unlock_row_content=\u00bbyes\u00bb row_height_percent=\u00bb0&#8243; override_padding=\u00bbyes\u00bb h_padding=\u00bb2&#8243; top_padding=\u00bb2&#8243; bottom_padding=\u00bb4&#8243; overlay_alpha=\u00bb50&#8243; gutter_size=\u00bb3&#8243; column_width_percent=\u00bb100&#8243; shift_y=\u00bb0&#8243; z_index=\u00bb0&#8243; content_parallax=\u00bb0&#8243; uncode_shortcode_id=\u00bb287152&#8243;][vc_column width=\u00bb1\/1&#8243;][vc_row_inner][vc_column_inner column_width_percent=\u00bb100&#8243; align_horizontal=\u00bbalign_center\u00bb gutter_size=\u00bb3&#8243; overlay_alpha=\u00bb50&#8243; shift_x=\u00bb0&#8243; shift_y=\u00bb0&#8243; shift_y_down=\u00bb0&#8243; z_index=\u00bb0&#8243; medium_width=\u00bb0&#8243; mobile_width=\u00bb0&#8243; width=\u00bb1\/1&#8243; uncode_shortcode_id=\u00bb119869&#8243;][vc_custom_heading text_size=\u00bbfontsize-923733&#8243; uncode_shortcode_id=\u00bb857758&#8243;]No esperes m\u00e1s<br \/>\n<span class=\"light\">\u00a1prueba nuestros folletos de demostraci\u00f3n!<\/span>[\/vc_custom_heading][\/vc_column_inner][\/vc_row_inner][vc_empty_space empty_h=\u00bb1&#8243;][uncode_index el_id=\u00bbindex-176791&#8243; isotope_mode=\u00bbfitRows\u00bb loop=\u00bbsize:50|order_by:date|post_type:page|tax_query:873|taxonomy_count:10&#8243; screen_lg=\u00bb1000&#8243; screen_md=\u00bb600&#8243; screen_sm=\u00bb480&#8243; filtering=\u00bbajax\u00bb ajax_filters_content_block_id=\u00bb131277&#8243; ajax_filters_layout=\u00bbhorizontal\u00bb filters_widgets=\u00bbclosed\u00bb filter_typography=\u00bbinherit\u00bb gutter_size=\u00bb2&#8243; post_items=\u00bbmedia|featured|onpost|original,title,text|excerpt\u00bb single_text=\u00bblateral\u00bb images_size=\u00bbtwo-three\u00bb single_image_size=\u00bb4&#8243; single_back_color=\u00bbcolor-118935&#8243; single_shape=\u00bbround\u00bb radius=\u00bbstd\u00bb single_overlay_opacity=\u00bb1&#8243; single_vertical_text=\u00bbmiddle\u00bb single_padding=\u00bb2&#8243; single_title_dimension=\u00bbfontsize-205029&#8243; single_title_weight=\u00bb500&#8243; single_border=\u00bbyes\u00bb single_css_animation=\u00bbbottom-t-top\u00bb single_animation_speed=\u00bb600&#8243; single_animation_delay=\u00bb100&#8243; no_double_tap=\u00bbyes\u00bb uncode_shortcode_id=\u00bb458312&#8243; filter_toggle_hide_text=\u00bbFermer\u00bb filter_toggle_show_text=\u00bbFilter\u00bb][\/vc_column][\/vc_row]<\/p>\n<\/div>","protected":false},"excerpt":{"rendered":"<p>[vc_row row_height_percent=\u00bb0&#8243; overlay_alpha=\u00bb50&#8243; gutter_size=\u00bb3&#8243; column_width_percent=\u00bb100&#8243; shift_y=\u00bb0&#8243; z_index=\u00bb0&#8243; uncode_shortcode_id=\u00bb194823&#8243;][vc_column column_width_percent=\u00bb100&#8243; gutter_size=\u00bb3&#8243; overlay_alpha=\u00bb50&#8243; shift_x=\u00bb0&#8243; shift_y=\u00bb0&#8243; shift_y_down=\u00bb0&#8243; z_index=\u00bb0&#8243; medium_width=\u00bb0&#8243; mobile_width=\u00bb0&#8243; width=\u00bb1\/1&#8243;][vc_row_inner row_inner_height_percent=\u00bb0&#8243; overlay_alpha=\u00bb50&#8243; [&hellip;]<\/p>\n","protected":false},"author":1,"featured_media":117496,"parent":0,"menu_order":0,"comment_status":"closed","ping_status":"closed","template":"","meta":{"footnotes":""},"class_list":["post-103124","page","type-page","status-publish","has-post-thumbnail","hentry"],"yoast_head":"<!-- This site is optimized with the Yoast SEO Premium plugin v27.4 (Yoast SEO v27.4) - https:\/\/yoast.com\/product\/yoast-seo-premium-wordpress\/ -->\n<title>Folletos de demostraci\u00f3n gratuitos de StyQR: Simplifica la recepci\u00f3n con StyQR<\/title>\n<meta name=\"description\" content=\"Descubre c\u00f3mo simplificar la bienvenida a tus viajeros con una soluci\u00f3n digital personalizada. \u00a1Consigue ya tus folletos de demostraci\u00f3n de StyQR!\" \/>\n<meta name=\"robots\" content=\"index, follow, max-snippet:-1, max-image-preview:large, max-video-preview:-1\" \/>\n<link rel=\"canonical\" href=\"https:\/\/styqr.fr\/es\/nuestros-folletos-de-demostracion-de-styqr\/\" \/>\n<meta property=\"og:locale\" content=\"es_ES\" \/>\n<meta property=\"og:type\" content=\"article\" \/>\n<meta property=\"og:title\" content=\"StyQR | Le livret d&#039;accueil digital\" \/>\n<meta property=\"og:description\" content=\"Descubre c\u00f3mo simplificar la bienvenida a tus viajeros con una soluci\u00f3n digital personalizada. \u00a1Consigue ya tus folletos de demostraci\u00f3n de StyQR!\" \/>\n<meta property=\"og:url\" content=\"https:\/\/styqr.fr\/es\/nuestros-folletos-de-demostracion-de-styqr\/\" \/>\n<meta property=\"og:site_name\" content=\"StyQR\" \/>\n<meta property=\"article:publisher\" content=\"https:\/\/fr-fr.facebook.com\/styqr\/\" \/>\n<meta property=\"article:modified_time\" content=\"2026-01-27T20:18:28+00:00\" \/>\n<meta property=\"og:image\" content=\"https:\/\/styqr.fr\/wp-content\/uploads\/2024\/12\/Livret-demo-min.png\" \/>\n\t<meta property=\"og:image:width\" content=\"1400\" \/>\n\t<meta property=\"og:image:height\" content=\"1227\" \/>\n\t<meta property=\"og:image:type\" content=\"image\/png\" \/>\n<meta name=\"twitter:card\" content=\"summary_large_image\" \/>\n<script type=\"application\/ld+json\" class=\"yoast-schema-graph\">{\"@context\":\"https:\\\/\\\/schema.org\",\"@graph\":[{\"@type\":\"WebPage\",\"@id\":\"https:\\\/\\\/styqr.fr\\\/es\\\/nuestros-folletos-de-demostracion-de-styqr\\\/\",\"url\":\"https:\\\/\\\/styqr.fr\\\/es\\\/nuestros-folletos-de-demostracion-de-styqr\\\/\",\"name\":\"Folletos de demostraci\u00f3n gratuitos de StyQR: Simplifica la recepci\u00f3n con StyQR\",\"isPartOf\":{\"@id\":\"https:\\\/\\\/styqr.fr\\\/es\\\/#website\"},\"primaryImageOfPage\":{\"@id\":\"https:\\\/\\\/styqr.fr\\\/es\\\/nuestros-folletos-de-demostracion-de-styqr\\\/#primaryimage\"},\"image\":{\"@id\":\"https:\\\/\\\/styqr.fr\\\/es\\\/nuestros-folletos-de-demostracion-de-styqr\\\/#primaryimage\"},\"thumbnailUrl\":\"https:\\\/\\\/styqr.fr\\\/wp-content\\\/uploads\\\/2024\\\/12\\\/Livret-demo-min.png\",\"datePublished\":\"2024-01-23T16:25:30+00:00\",\"dateModified\":\"2026-01-27T20:18:28+00:00\",\"description\":\"Descubre c\u00f3mo simplificar la bienvenida a tus viajeros con una soluci\u00f3n digital personalizada. \u00a1Consigue ya tus folletos de demostraci\u00f3n de StyQR!\",\"breadcrumb\":{\"@id\":\"https:\\\/\\\/styqr.fr\\\/es\\\/nuestros-folletos-de-demostracion-de-styqr\\\/#breadcrumb\"},\"inLanguage\":\"es\",\"potentialAction\":[{\"@type\":\"ReadAction\",\"target\":[\"https:\\\/\\\/styqr.fr\\\/es\\\/nuestros-folletos-de-demostracion-de-styqr\\\/\"]}]},{\"@type\":\"ImageObject\",\"inLanguage\":\"es\",\"@id\":\"https:\\\/\\\/styqr.fr\\\/es\\\/nuestros-folletos-de-demostracion-de-styqr\\\/#primaryimage\",\"url\":\"https:\\\/\\\/styqr.fr\\\/wp-content\\\/uploads\\\/2024\\\/12\\\/Livret-demo-min.png\",\"contentUrl\":\"https:\\\/\\\/styqr.fr\\\/wp-content\\\/uploads\\\/2024\\\/12\\\/Livret-demo-min.png\",\"width\":1400,\"height\":1227},{\"@type\":\"BreadcrumbList\",\"@id\":\"https:\\\/\\\/styqr.fr\\\/es\\\/nuestros-folletos-de-demostracion-de-styqr\\\/#breadcrumb\",\"itemListElement\":[{\"@type\":\"ListItem\",\"position\":1,\"name\":\"Inicio\",\"item\":\"https:\\\/\\\/styqr.fr\\\/es\\\/\"},{\"@type\":\"ListItem\",\"position\":2,\"name\":\"Nuestros folletos de demostraci\u00f3n de StyQR\"}]},{\"@type\":\"WebSite\",\"@id\":\"https:\\\/\\\/styqr.fr\\\/es\\\/#website\",\"url\":\"https:\\\/\\\/styqr.fr\\\/es\\\/\",\"name\":\"StyQR\",\"description\":\"Cr\u00e9ez votre livret d&#039;accueil digital personnalis\u00e9 pour vos voyageurs\",\"publisher\":{\"@id\":\"https:\\\/\\\/styqr.fr\\\/es\\\/#organization\"},\"potentialAction\":[{\"@type\":\"SearchAction\",\"target\":{\"@type\":\"EntryPoint\",\"urlTemplate\":\"https:\\\/\\\/styqr.fr\\\/es\\\/?s={search_term_string}\"},\"query-input\":{\"@type\":\"PropertyValueSpecification\",\"valueRequired\":true,\"valueName\":\"search_term_string\"}}],\"inLanguage\":\"es\"},{\"@type\":\"Organization\",\"@id\":\"https:\\\/\\\/styqr.fr\\\/es\\\/#organization\",\"name\":\"StyQR\",\"url\":\"https:\\\/\\\/styqr.fr\\\/es\\\/\",\"logo\":{\"@type\":\"ImageObject\",\"inLanguage\":\"es\",\"@id\":\"https:\\\/\\\/styqr.fr\\\/es\\\/#\\\/schema\\\/logo\\\/image\\\/\",\"url\":\"https:\\\/\\\/styqr.fr\\\/wp-content\\\/uploads\\\/2020\\\/11\\\/Fichier-5.png\",\"contentUrl\":\"https:\\\/\\\/styqr.fr\\\/wp-content\\\/uploads\\\/2020\\\/11\\\/Fichier-5.png\",\"width\":388,\"height\":194,\"caption\":\"StyQR\"},\"image\":{\"@id\":\"https:\\\/\\\/styqr.fr\\\/es\\\/#\\\/schema\\\/logo\\\/image\\\/\"},\"sameAs\":[\"https:\\\/\\\/fr-fr.facebook.com\\\/styqr\\\/\",\"https:\\\/\\\/www.instagram.com\\\/styqr_fr\\\/\",\"https:\\\/\\\/fr.linkedin.com\\\/company\\\/styqr\"],\"description\":\"StyQR, le livret d'accueil digital\",\"email\":\"contact@styqr.fr\",\"legalName\":\"SAS StyQR\",\"foundingDate\":\"2019-05-27\",\"vatID\":\"FR55824532865\",\"taxID\":\"82453286500014\",\"numberOfEmployees\":{\"@type\":\"QuantitativeValue\",\"minValue\":\"1\",\"maxValue\":\"10\"}}]}<\/script>\n<!-- \/ Yoast SEO Premium plugin. -->","yoast_head_json":{"title":"Folletos de demostraci\u00f3n gratuitos de StyQR: Simplifica la recepci\u00f3n con StyQR","description":"Descubre c\u00f3mo simplificar la bienvenida a tus viajeros con una soluci\u00f3n digital personalizada. \u00a1Consigue ya tus folletos de demostraci\u00f3n de StyQR!","robots":{"index":"index","follow":"follow","max-snippet":"max-snippet:-1","max-image-preview":"max-image-preview:large","max-video-preview":"max-video-preview:-1"},"canonical":"https:\/\/styqr.fr\/es\/nuestros-folletos-de-demostracion-de-styqr\/","og_locale":"es_ES","og_type":"article","og_title":"StyQR | Le livret d'accueil digital","og_description":"Descubre c\u00f3mo simplificar la bienvenida a tus viajeros con una soluci\u00f3n digital personalizada. \u00a1Consigue ya tus folletos de demostraci\u00f3n de StyQR!","og_url":"https:\/\/styqr.fr\/es\/nuestros-folletos-de-demostracion-de-styqr\/","og_site_name":"StyQR","article_publisher":"https:\/\/fr-fr.facebook.com\/styqr\/","article_modified_time":"2026-01-27T20:18:28+00:00","og_image":[{"width":1400,"height":1227,"url":"https:\/\/styqr.fr\/wp-content\/uploads\/2024\/12\/Livret-demo-min.png","type":"image\/png"}],"twitter_card":"summary_large_image","schema":{"@context":"https:\/\/schema.org","@graph":[{"@type":"WebPage","@id":"https:\/\/styqr.fr\/es\/nuestros-folletos-de-demostracion-de-styqr\/","url":"https:\/\/styqr.fr\/es\/nuestros-folletos-de-demostracion-de-styqr\/","name":"Folletos de demostraci\u00f3n gratuitos de StyQR: Simplifica la recepci\u00f3n con StyQR","isPartOf":{"@id":"https:\/\/styqr.fr\/es\/#website"},"primaryImageOfPage":{"@id":"https:\/\/styqr.fr\/es\/nuestros-folletos-de-demostracion-de-styqr\/#primaryimage"},"image":{"@id":"https:\/\/styqr.fr\/es\/nuestros-folletos-de-demostracion-de-styqr\/#primaryimage"},"thumbnailUrl":"https:\/\/styqr.fr\/wp-content\/uploads\/2024\/12\/Livret-demo-min.png","datePublished":"2024-01-23T16:25:30+00:00","dateModified":"2026-01-27T20:18:28+00:00","description":"Descubre c\u00f3mo simplificar la bienvenida a tus viajeros con una soluci\u00f3n digital personalizada. \u00a1Consigue ya tus folletos de demostraci\u00f3n de StyQR!","breadcrumb":{"@id":"https:\/\/styqr.fr\/es\/nuestros-folletos-de-demostracion-de-styqr\/#breadcrumb"},"inLanguage":"es","potentialAction":[{"@type":"ReadAction","target":["https:\/\/styqr.fr\/es\/nuestros-folletos-de-demostracion-de-styqr\/"]}]},{"@type":"ImageObject","inLanguage":"es","@id":"https:\/\/styqr.fr\/es\/nuestros-folletos-de-demostracion-de-styqr\/#primaryimage","url":"https:\/\/styqr.fr\/wp-content\/uploads\/2024\/12\/Livret-demo-min.png","contentUrl":"https:\/\/styqr.fr\/wp-content\/uploads\/2024\/12\/Livret-demo-min.png","width":1400,"height":1227},{"@type":"BreadcrumbList","@id":"https:\/\/styqr.fr\/es\/nuestros-folletos-de-demostracion-de-styqr\/#breadcrumb","itemListElement":[{"@type":"ListItem","position":1,"name":"Inicio","item":"https:\/\/styqr.fr\/es\/"},{"@type":"ListItem","position":2,"name":"Nuestros folletos de demostraci\u00f3n de StyQR"}]},{"@type":"WebSite","@id":"https:\/\/styqr.fr\/es\/#website","url":"https:\/\/styqr.fr\/es\/","name":"StyQR","description":"Cr\u00e9ez votre livret d&#039;accueil digital personnalis\u00e9 pour vos voyageurs","publisher":{"@id":"https:\/\/styqr.fr\/es\/#organization"},"potentialAction":[{"@type":"SearchAction","target":{"@type":"EntryPoint","urlTemplate":"https:\/\/styqr.fr\/es\/?s={search_term_string}"},"query-input":{"@type":"PropertyValueSpecification","valueRequired":true,"valueName":"search_term_string"}}],"inLanguage":"es"},{"@type":"Organization","@id":"https:\/\/styqr.fr\/es\/#organization","name":"StyQR","url":"https:\/\/styqr.fr\/es\/","logo":{"@type":"ImageObject","inLanguage":"es","@id":"https:\/\/styqr.fr\/es\/#\/schema\/logo\/image\/","url":"https:\/\/styqr.fr\/wp-content\/uploads\/2020\/11\/Fichier-5.png","contentUrl":"https:\/\/styqr.fr\/wp-content\/uploads\/2020\/11\/Fichier-5.png","width":388,"height":194,"caption":"StyQR"},"image":{"@id":"https:\/\/styqr.fr\/es\/#\/schema\/logo\/image\/"},"sameAs":["https:\/\/fr-fr.facebook.com\/styqr\/","https:\/\/www.instagram.com\/styqr_fr\/","https:\/\/fr.linkedin.com\/company\/styqr"],"description":"StyQR, le livret d'accueil digital","email":"contact@styqr.fr","legalName":"SAS StyQR","foundingDate":"2019-05-27","vatID":"FR55824532865","taxID":"82453286500014","numberOfEmployees":{"@type":"QuantitativeValue","minValue":"1","maxValue":"10"}}]}},"_links":{"self":[{"href":"https:\/\/styqr.fr\/es\/wp-json\/wp\/v2\/pages\/103124","targetHints":{"allow":["GET"]}}],"collection":[{"href":"https:\/\/styqr.fr\/es\/wp-json\/wp\/v2\/pages"}],"about":[{"href":"https:\/\/styqr.fr\/es\/wp-json\/wp\/v2\/types\/page"}],"author":[{"embeddable":true,"href":"https:\/\/styqr.fr\/es\/wp-json\/wp\/v2\/users\/1"}],"replies":[{"embeddable":true,"href":"https:\/\/styqr.fr\/es\/wp-json\/wp\/v2\/comments?post=103124"}],"version-history":[{"count":0,"href":"https:\/\/styqr.fr\/es\/wp-json\/wp\/v2\/pages\/103124\/revisions"}],"wp:featuredmedia":[{"embeddable":true,"href":"https:\/\/styqr.fr\/es\/wp-json\/wp\/v2\/media\/117496"}],"wp:attachment":[{"href":"https:\/\/styqr.fr\/es\/wp-json\/wp\/v2\/media?parent=103124"}],"curies":[{"name":"wp","href":"https:\/\/api.w.org\/{rel}","templated":true}]}}