{"id":102840,"date":"2024-01-23T17:25:11","date_gmt":"2024-01-23T16:25:11","guid":{"rendered":"https:\/\/styqr.fr\/informacion-juridica\/"},"modified":"2025-05-22T11:01:27","modified_gmt":"2025-05-22T09:01:27","slug":"informacion-juridica","status":"publish","type":"page","link":"https:\/\/styqr.fr\/es\/informacion-juridica\/","title":{"rendered":"Informaci\u00f3n jur\u00eddica"},"content":{"rendered":"<div class=\"wpb-content-wrapper\"><p>[vc_row row_height_percent=\u00bb0&#8243; overlay_alpha=\u00bb50&#8243; gutter_size=\u00bb3&#8243; column_width_percent=\u00bb100&#8243; shift_y=\u00bb0&#8243; z_index=\u00bb0&#8243; uncode_shortcode_id=\u00bb194823&#8243;][vc_column column_width_percent=\u00bb100&#8243; gutter_size=\u00bb3&#8243; overlay_alpha=\u00bb50&#8243; shift_x=\u00bb0&#8243; shift_y=\u00bb0&#8243; shift_y_down=\u00bb0&#8243; z_index=\u00bb0&#8243; medium_width=\u00bb0&#8243; mobile_width=\u00bb0&#8243; width=\u00bb1\/1&#8243;][vc_row_inner row_inner_height_percent=\u00bb0&#8243; overlay_alpha=\u00bb50&#8243; gutter_size=\u00bb0&#8243; shift_y=\u00bb0&#8243; z_index=\u00bb0&#8243; uncode_shortcode_id=\u00bb515660&#8243;][vc_column_inner column_width_percent=\u00bb100&#8243; position_horizontal=\u00bbright\u00bb align_horizontal=\u00bbalign_right\u00bb gutter_size=\u00bb3&#8243; overlay_alpha=\u00bb50&#8243; shift_x=\u00bb0&#8243; shift_y=\u00bb0&#8243; shift_y_down=\u00bb0&#8243; z_index=\u00bb0&#8243; align_medium=\u00bbalign_left_tablet\u00bb medium_width=\u00bb0&#8243; align_mobile=\u00bbalign_left_mobile\u00bb mobile_width=\u00bb0&#8243; width=\u00bb1\/6&#8243; uncode_shortcode_id=\u00bb387351&#8243; el_class=\u00bbbloc-left-crochet\u00bb][vc_single_image media=\u00bb90346&#8243; media_width_use_pixel=\u00bbyes\u00bb alignment=\u00bbright\u00bb uncode_shortcode_id=\u00bb508491&#8243; media_width_pixel=\u00bb25&#8243;][\/vc_column_inner][vc_column_inner column_width_percent=\u00bb100&#8243; align_horizontal=\u00bbalign_center\u00bb gutter_size=\u00bb3&#8243; overlay_alpha=\u00bb50&#8243; shift_x=\u00bb0&#8243; shift_y=\u00bb0&#8243; shift_y_down=\u00bb0&#8243; z_index=\u00bb0&#8243; medium_width=\u00bb0&#8243; mobile_width=\u00bb0&#8243; width=\u00bb2\/3&#8243; uncode_shortcode_id=\u00bb108248&#8243;][vc_custom_heading heading_semantic=\u00bbh1&#8243; text_size=\u00bbfontsize-923733&#8243; uncode_shortcode_id=\u00bb194490&#8243;]<span class=\"light\">Legal<\/span>[\/vc_custom_heading][\/vc_column_inner][vc_column_inner column_width_percent=\u00bb100&#8243; position_horizontal=\u00bbleft\u00bb position_vertical=\u00bbbottom\u00bb gutter_size=\u00bb3&#8243; overlay_alpha=\u00bb50&#8243; shift_x=\u00bb0&#8243; shift_y=\u00bb0&#8243; shift_y_down=\u00bb0&#8243; z_index=\u00bb0&#8243; align_medium=\u00bbalign_right_tablet\u00bb medium_width=\u00bb0&#8243; align_mobile=\u00bbalign_right_mobile\u00bb mobile_width=\u00bb0&#8243; width=\u00bb1\/6&#8243; uncode_shortcode_id=\u00bb594113&#8243; el_class=\u00bbbloc-right-crochet\u00bb][vc_single_image media=\u00bb90231&#8243; media_width_use_pixel=\u00bbyes\u00bb uncode_shortcode_id=\u00bb385801&#8243; media_width_pixel=\u00bb25&#8243;][\/vc_column_inner][\/vc_row_inner][\/vc_column][\/vc_row][vc_row][vc_column width=\u00bb1\/1&#8243;][vc_row_inner][vc_column_inner width=\u00bb1\/1&#8243;][vc_column_text uncode_shortcode_id=\u00bb132850&#8243;]<\/p>\n<h2>STYQR<\/h2>\n<p>SAS STYQR<br \/>\n14 all\u00e9e des Fauvettes<br \/>\n95360 Montmagny &#8211; FRANCIA<br \/>\n\ud83d\udce7 contact@styqr.fr<br \/>\nSAS con capital de 1.000<br \/>\nR.C.S. Cergy<br \/>\nSIRET: 824 532 865 00014<br \/>\nIVA intracomunitario: FR 558 245 328 65<\/p>\n<h2>DIRECTOR DE LA PUBLICACI\u00d3N<\/h2>\n<p>Julien Boisseau<br \/>\n\ud83d\udce7 contact@styqr.fr<\/p>\n<h2>ANFITRI\u00d3N DEL SITIO<\/h2>\n<p><strong>O2Switch<\/strong><br \/>\nSIRET : 510 909 807 00024<br \/>\nRCS Clermont-Ferrand<br \/>\nSARL au capital de 100 000 \u20ac<br \/>\nOp\u00e9rateur T\u00e9l\u00e9com d\u00e9clar\u00e9 ARCEP : 09\/2989 &#8211; AS50474<\/p>\n<p><strong>DigitalOcean<\/strong><br \/>\nDigitalOcean, LLC<br \/>\n101 Avenue of the Americas, 10th Floor<br \/>\nNueva York, NY 10013 &#8211; EE.UU.<br \/>\nFilial francesa:<br \/>\nDigitalOcean France SAS<br \/>\n10 rue de la Paix<br \/>\n75002 Par\u00eds &#8211; FRANCIA<br \/>\nSIRET : 901 221 329 00014<br \/>\nRCS Par\u00eds<\/p>\n<h2>DERECHOS DE AUTOR &#8211; PROPIEDAD INTELECTUAL<\/h2>\n<p>Las marcas, logotipos, fotos, textos, v\u00eddeos, soportes, documentos y, de forma m\u00e1s general, todo el contenido de la p\u00e1gina web styqr.fr son propiedad exclusiva de STYQR o se distribuyen con la autorizaci\u00f3n de sus autores o beneficiarios. Cualquier reproducci\u00f3n o duplicaci\u00f3n, incluso parcial, est\u00e1 estrictamente prohibida sin autorizaci\u00f3n previa por escrito.<br \/>\nLa p\u00e1gina web styqr.fr est\u00e1 protegida por las leyes vigentes relativas a la propiedad intelectual. Cualquier infracci\u00f3n podr\u00e1 ser perseguida judicialmente.  <\/p>\n<h2>CR\u00c9DITOS<\/h2>\n<p>Dise\u00f1o web: <a href=\"http:\/\/treizemars.com\">TREIZEMARS<\/a><br \/>\nIntegraci\u00f3n web: SAS STYQR<br \/>\nFotograf\u00edas: de Pexels y Unsplash (gratuitas y libres de derechos), y de Envato Elements (bajo licencia comercial).<br \/>\nV\u00eddeos: creaciones propias mediante edici\u00f3n interna y generados por CANVA.[\/vc_column_text][\/vc_column_inner][\/vc_row_inner][\/vc_column][\/vc_row]<\/p>\n<\/div>","protected":false},"excerpt":{"rendered":"<p>[vc_row row_height_percent=\u00bb0&#8243; overlay_alpha=\u00bb50&#8243; gutter_size=\u00bb3&#8243; column_width_percent=\u00bb100&#8243; shift_y=\u00bb0&#8243; z_index=\u00bb0&#8243; uncode_shortcode_id=\u00bb194823&#8243;][vc_column column_width_percent=\u00bb100&#8243; gutter_size=\u00bb3&#8243; overlay_alpha=\u00bb50&#8243; shift_x=\u00bb0&#8243; shift_y=\u00bb0&#8243; shift_y_down=\u00bb0&#8243; z_index=\u00bb0&#8243; medium_width=\u00bb0&#8243; mobile_width=\u00bb0&#8243; width=\u00bb1\/1&#8243;][vc_row_inner row_inner_height_percent=\u00bb0&#8243; overlay_alpha=\u00bb50&#8243; [&hellip;]<\/p>\n","protected":false},"author":1,"featured_media":0,"parent":0,"menu_order":0,"comment_status":"closed","ping_status":"closed","template":"","meta":{"footnotes":""},"class_list":["post-102840","page","type-page","status-publish","hentry"],"yoast_head":"<!-- This site is optimized with the Yoast SEO Premium plugin v27.4 (Yoast SEO v27.4) - https:\/\/yoast.com\/product\/yoast-seo-premium-wordpress\/ -->\n<title>Detalles legales en StyQR: garantizando claridad y precisi\u00f3n.<\/title>\n<meta name=\"description\" content=\"Descubre nuestros avisos legales detallados en StyQR para una comprensi\u00f3n clara y precisa. \u00a1Protege tus derechos ahora!\" \/>\n<meta name=\"robots\" content=\"index, follow, max-snippet:-1, max-image-preview:large, max-video-preview:-1\" \/>\n<link rel=\"canonical\" href=\"https:\/\/styqr.fr\/es\/informacion-juridica\/\" \/>\n<meta property=\"og:locale\" content=\"es_ES\" \/>\n<meta property=\"og:type\" content=\"article\" \/>\n<meta property=\"og:title\" content=\"StyQR | Le livret d&#039;accueil digital\" \/>\n<meta property=\"og:description\" content=\"Descubre nuestros avisos legales detallados en StyQR para una comprensi\u00f3n clara y precisa. \u00a1Protege tus derechos ahora!\" \/>\n<meta property=\"og:url\" content=\"https:\/\/styqr.fr\/es\/informacion-juridica\/\" \/>\n<meta property=\"og:site_name\" content=\"StyQR\" \/>\n<meta property=\"article:publisher\" content=\"https:\/\/fr-fr.facebook.com\/styqr\/\" \/>\n<meta property=\"article:modified_time\" content=\"2025-05-22T09:01:27+00:00\" \/>\n<meta property=\"og:image\" content=\"https:\/\/styqr.fr\/wp-content\/uploads\/2026\/01\/ZERTFHGJH-2.png\" \/>\n\t<meta property=\"og:image:width\" content=\"940\" \/>\n\t<meta property=\"og:image:height\" content=\"1610\" \/>\n\t<meta property=\"og:image:type\" content=\"image\/png\" \/>\n<meta name=\"twitter:card\" content=\"summary_large_image\" \/>\n<script type=\"application\/ld+json\" class=\"yoast-schema-graph\">{\"@context\":\"https:\\\/\\\/schema.org\",\"@graph\":[{\"@type\":\"WebPage\",\"@id\":\"https:\\\/\\\/styqr.fr\\\/es\\\/informacion-juridica\\\/\",\"url\":\"https:\\\/\\\/styqr.fr\\\/es\\\/informacion-juridica\\\/\",\"name\":\"Detalles legales en StyQR: garantizando claridad y precisi\u00f3n.\",\"isPartOf\":{\"@id\":\"https:\\\/\\\/styqr.fr\\\/es\\\/#website\"},\"datePublished\":\"2024-01-23T16:25:11+00:00\",\"dateModified\":\"2025-05-22T09:01:27+00:00\",\"description\":\"Descubre nuestros avisos legales detallados en StyQR para una comprensi\u00f3n clara y precisa. \u00a1Protege tus derechos ahora!\",\"breadcrumb\":{\"@id\":\"https:\\\/\\\/styqr.fr\\\/es\\\/informacion-juridica\\\/#breadcrumb\"},\"inLanguage\":\"es\",\"potentialAction\":[{\"@type\":\"ReadAction\",\"target\":[\"https:\\\/\\\/styqr.fr\\\/es\\\/informacion-juridica\\\/\"]}]},{\"@type\":\"BreadcrumbList\",\"@id\":\"https:\\\/\\\/styqr.fr\\\/es\\\/informacion-juridica\\\/#breadcrumb\",\"itemListElement\":[{\"@type\":\"ListItem\",\"position\":1,\"name\":\"Inicio\",\"item\":\"https:\\\/\\\/styqr.fr\\\/es\\\/\"},{\"@type\":\"ListItem\",\"position\":2,\"name\":\"Informaci\u00f3n jur\u00eddica\"}]},{\"@type\":\"WebSite\",\"@id\":\"https:\\\/\\\/styqr.fr\\\/es\\\/#website\",\"url\":\"https:\\\/\\\/styqr.fr\\\/es\\\/\",\"name\":\"StyQR\",\"description\":\"Cr\u00e9ez votre livret d&#039;accueil digital personnalis\u00e9 pour vos voyageurs\",\"publisher\":{\"@id\":\"https:\\\/\\\/styqr.fr\\\/es\\\/#organization\"},\"potentialAction\":[{\"@type\":\"SearchAction\",\"target\":{\"@type\":\"EntryPoint\",\"urlTemplate\":\"https:\\\/\\\/styqr.fr\\\/es\\\/?s={search_term_string}\"},\"query-input\":{\"@type\":\"PropertyValueSpecification\",\"valueRequired\":true,\"valueName\":\"search_term_string\"}}],\"inLanguage\":\"es\"},{\"@type\":\"Organization\",\"@id\":\"https:\\\/\\\/styqr.fr\\\/es\\\/#organization\",\"name\":\"StyQR\",\"url\":\"https:\\\/\\\/styqr.fr\\\/es\\\/\",\"logo\":{\"@type\":\"ImageObject\",\"inLanguage\":\"es\",\"@id\":\"https:\\\/\\\/styqr.fr\\\/es\\\/#\\\/schema\\\/logo\\\/image\\\/\",\"url\":\"https:\\\/\\\/styqr.fr\\\/wp-content\\\/uploads\\\/2020\\\/11\\\/Fichier-5.png\",\"contentUrl\":\"https:\\\/\\\/styqr.fr\\\/wp-content\\\/uploads\\\/2020\\\/11\\\/Fichier-5.png\",\"width\":388,\"height\":194,\"caption\":\"StyQR\"},\"image\":{\"@id\":\"https:\\\/\\\/styqr.fr\\\/es\\\/#\\\/schema\\\/logo\\\/image\\\/\"},\"sameAs\":[\"https:\\\/\\\/fr-fr.facebook.com\\\/styqr\\\/\",\"https:\\\/\\\/www.instagram.com\\\/styqr_fr\\\/\",\"https:\\\/\\\/fr.linkedin.com\\\/company\\\/styqr\"],\"description\":\"StyQR, le livret d'accueil digital\",\"email\":\"contact@styqr.fr\",\"legalName\":\"SAS StyQR\",\"foundingDate\":\"2019-05-27\",\"vatID\":\"FR55824532865\",\"taxID\":\"82453286500014\",\"numberOfEmployees\":{\"@type\":\"QuantitativeValue\",\"minValue\":\"1\",\"maxValue\":\"10\"}}]}<\/script>\n<!-- \/ Yoast SEO Premium plugin. -->","yoast_head_json":{"title":"Detalles legales en StyQR: garantizando claridad y precisi\u00f3n.","description":"Descubre nuestros avisos legales detallados en StyQR para una comprensi\u00f3n clara y precisa. \u00a1Protege tus derechos ahora!","robots":{"index":"index","follow":"follow","max-snippet":"max-snippet:-1","max-image-preview":"max-image-preview:large","max-video-preview":"max-video-preview:-1"},"canonical":"https:\/\/styqr.fr\/es\/informacion-juridica\/","og_locale":"es_ES","og_type":"article","og_title":"StyQR | Le livret d'accueil digital","og_description":"Descubre nuestros avisos legales detallados en StyQR para una comprensi\u00f3n clara y precisa. \u00a1Protege tus derechos ahora!","og_url":"https:\/\/styqr.fr\/es\/informacion-juridica\/","og_site_name":"StyQR","article_publisher":"https:\/\/fr-fr.facebook.com\/styqr\/","article_modified_time":"2025-05-22T09:01:27+00:00","og_image":[{"width":940,"height":1610,"url":"https:\/\/styqr.fr\/wp-content\/uploads\/2026\/01\/ZERTFHGJH-2.png","type":"image\/png"}],"twitter_card":"summary_large_image","schema":{"@context":"https:\/\/schema.org","@graph":[{"@type":"WebPage","@id":"https:\/\/styqr.fr\/es\/informacion-juridica\/","url":"https:\/\/styqr.fr\/es\/informacion-juridica\/","name":"Detalles legales en StyQR: garantizando claridad y precisi\u00f3n.","isPartOf":{"@id":"https:\/\/styqr.fr\/es\/#website"},"datePublished":"2024-01-23T16:25:11+00:00","dateModified":"2025-05-22T09:01:27+00:00","description":"Descubre nuestros avisos legales detallados en StyQR para una comprensi\u00f3n clara y precisa. \u00a1Protege tus derechos ahora!","breadcrumb":{"@id":"https:\/\/styqr.fr\/es\/informacion-juridica\/#breadcrumb"},"inLanguage":"es","potentialAction":[{"@type":"ReadAction","target":["https:\/\/styqr.fr\/es\/informacion-juridica\/"]}]},{"@type":"BreadcrumbList","@id":"https:\/\/styqr.fr\/es\/informacion-juridica\/#breadcrumb","itemListElement":[{"@type":"ListItem","position":1,"name":"Inicio","item":"https:\/\/styqr.fr\/es\/"},{"@type":"ListItem","position":2,"name":"Informaci\u00f3n jur\u00eddica"}]},{"@type":"WebSite","@id":"https:\/\/styqr.fr\/es\/#website","url":"https:\/\/styqr.fr\/es\/","name":"StyQR","description":"Cr\u00e9ez votre livret d&#039;accueil digital personnalis\u00e9 pour vos voyageurs","publisher":{"@id":"https:\/\/styqr.fr\/es\/#organization"},"potentialAction":[{"@type":"SearchAction","target":{"@type":"EntryPoint","urlTemplate":"https:\/\/styqr.fr\/es\/?s={search_term_string}"},"query-input":{"@type":"PropertyValueSpecification","valueRequired":true,"valueName":"search_term_string"}}],"inLanguage":"es"},{"@type":"Organization","@id":"https:\/\/styqr.fr\/es\/#organization","name":"StyQR","url":"https:\/\/styqr.fr\/es\/","logo":{"@type":"ImageObject","inLanguage":"es","@id":"https:\/\/styqr.fr\/es\/#\/schema\/logo\/image\/","url":"https:\/\/styqr.fr\/wp-content\/uploads\/2020\/11\/Fichier-5.png","contentUrl":"https:\/\/styqr.fr\/wp-content\/uploads\/2020\/11\/Fichier-5.png","width":388,"height":194,"caption":"StyQR"},"image":{"@id":"https:\/\/styqr.fr\/es\/#\/schema\/logo\/image\/"},"sameAs":["https:\/\/fr-fr.facebook.com\/styqr\/","https:\/\/www.instagram.com\/styqr_fr\/","https:\/\/fr.linkedin.com\/company\/styqr"],"description":"StyQR, le livret d'accueil digital","email":"contact@styqr.fr","legalName":"SAS StyQR","foundingDate":"2019-05-27","vatID":"FR55824532865","taxID":"82453286500014","numberOfEmployees":{"@type":"QuantitativeValue","minValue":"1","maxValue":"10"}}]}},"_links":{"self":[{"href":"https:\/\/styqr.fr\/es\/wp-json\/wp\/v2\/pages\/102840","targetHints":{"allow":["GET"]}}],"collection":[{"href":"https:\/\/styqr.fr\/es\/wp-json\/wp\/v2\/pages"}],"about":[{"href":"https:\/\/styqr.fr\/es\/wp-json\/wp\/v2\/types\/page"}],"author":[{"embeddable":true,"href":"https:\/\/styqr.fr\/es\/wp-json\/wp\/v2\/users\/1"}],"replies":[{"embeddable":true,"href":"https:\/\/styqr.fr\/es\/wp-json\/wp\/v2\/comments?post=102840"}],"version-history":[{"count":0,"href":"https:\/\/styqr.fr\/es\/wp-json\/wp\/v2\/pages\/102840\/revisions"}],"wp:attachment":[{"href":"https:\/\/styqr.fr\/es\/wp-json\/wp\/v2\/media?parent=102840"}],"curies":[{"name":"wp","href":"https:\/\/api.w.org\/{rel}","templated":true}]}}