{"id":102808,"date":"2024-01-23T17:25:10","date_gmt":"2024-01-23T16:25:10","guid":{"rendered":"https:\/\/styqr.fr\/politica-de-privacidad\/"},"modified":"2024-10-07T22:14:32","modified_gmt":"2024-10-07T20:14:32","slug":"politica-de-privacidad","status":"publish","type":"page","link":"https:\/\/styqr.fr\/es\/politica-de-privacidad\/","title":{"rendered":"Pol\u00edtica de privacidad"},"content":{"rendered":"<div class=\"wpb-content-wrapper\"><p>[vc_row row_height_percent=\u00bb0&#8243; overlay_alpha=\u00bb50&#8243; gutter_size=\u00bb3&#8243; column_width_percent=\u00bb100&#8243; shift_y=\u00bb0&#8243; z_index=\u00bb0&#8243; uncode_shortcode_id=\u00bb194823&#8243;][vc_column column_width_percent=\u00bb100&#8243; gutter_size=\u00bb3&#8243; overlay_alpha=\u00bb50&#8243; shift_x=\u00bb0&#8243; shift_y=\u00bb0&#8243; shift_y_down=\u00bb0&#8243; z_index=\u00bb0&#8243; medium_width=\u00bb0&#8243; mobile_width=\u00bb0&#8243; width=\u00bb1\/1&#8243;][vc_row_inner row_inner_height_percent=\u00bb0&#8243; overlay_alpha=\u00bb50&#8243; gutter_size=\u00bb0&#8243; shift_y=\u00bb0&#8243; z_index=\u00bb0&#8243; uncode_shortcode_id=\u00bb515660&#8243;][vc_column_inner column_width_percent=\u00bb100&#8243; position_horizontal=\u00bbright\u00bb align_horizontal=\u00bbalign_right\u00bb gutter_size=\u00bb3&#8243; overlay_alpha=\u00bb50&#8243; shift_x=\u00bb0&#8243; shift_y=\u00bb0&#8243; shift_y_down=\u00bb0&#8243; z_index=\u00bb0&#8243; align_medium=\u00bbalign_left_tablet\u00bb medium_width=\u00bb0&#8243; align_mobile=\u00bbalign_left_mobile\u00bb mobile_width=\u00bb0&#8243; width=\u00bb1\/6&#8243; uncode_shortcode_id=\u00bb387351&#8243; el_class=\u00bbbloc-left-crochet\u00bb][vc_single_image media=\u00bb90346&#8243; media_width_use_pixel=\u00bbyes\u00bb alignment=\u00bbright\u00bb uncode_shortcode_id=\u00bb508491&#8243; media_width_pixel=\u00bb25&#8243;][\/vc_column_inner][vc_column_inner column_width_percent=\u00bb100&#8243; align_horizontal=\u00bbalign_center\u00bb gutter_size=\u00bb3&#8243; overlay_alpha=\u00bb50&#8243; shift_x=\u00bb0&#8243; shift_y=\u00bb0&#8243; shift_y_down=\u00bb0&#8243; z_index=\u00bb0&#8243; medium_width=\u00bb0&#8243; mobile_width=\u00bb0&#8243; width=\u00bb2\/3&#8243; uncode_shortcode_id=\u00bb108248&#8243;][vc_custom_heading heading_semantic=\u00bbh1&#8243; text_size=\u00bbfontsize-923733&#8243; uncode_shortcode_id=\u00bb141228&#8243;]Pol\u00edtica de<span class=\"light\">privacidad<\/span>[\/vc_custom_heading][\/vc_column_inner][vc_column_inner column_width_percent=\u00bb100&#8243; position_horizontal=\u00bbleft\u00bb position_vertical=\u00bbbottom\u00bb gutter_size=\u00bb3&#8243; overlay_alpha=\u00bb50&#8243; shift_x=\u00bb0&#8243; shift_y=\u00bb0&#8243; shift_y_down=\u00bb0&#8243; z_index=\u00bb0&#8243; align_medium=\u00bbalign_right_tablet\u00bb medium_width=\u00bb0&#8243; align_mobile=\u00bbalign_right_mobile\u00bb mobile_width=\u00bb0&#8243; width=\u00bb1\/6&#8243; uncode_shortcode_id=\u00bb594113&#8243; el_class=\u00bbbloc-right-crochet\u00bb][vc_single_image media=\u00bb90231&#8243; media_width_use_pixel=\u00bbyes\u00bb uncode_shortcode_id=\u00bb385801&#8243; media_width_pixel=\u00bb25&#8243;][\/vc_column_inner][\/vc_row_inner][\/vc_column][\/vc_row][vc_row][vc_column width=\u00bb1\/1&#8243;][vc_row_inner][vc_column_inner width=\u00bb1\/1&#8243;][vc_column_text]El objetivo de esta pol\u00edtica de privacidad es explicar a los usuarios del sitio: &#8211; C\u00f3mo se recogen y procesan sus datos personales. Por datos personales se entiende cualquier dato que pueda utilizarse para identificar a un usuario. <\/p>\n<p>Esto incluye el nombre y apellidos del usuario, edad, direcci\u00f3n postal, direcci\u00f3n de correo electr\u00f3nico, ubicaci\u00f3n y direcci\u00f3n IP; &#8211; Qu\u00e9 derechos tienen los usuarios en relaci\u00f3n con estos datos; &#8211; La pol\u00edtica del sitio sobre cookies.<\/p>\n<h2>1. RECOGIDA DE INFORMACI\u00d3N PERSONAL<\/h2>\n<p>Recogemos la siguiente informaci\u00f3n: &#8211; Apellidos &#8211; Nombre &#8211; Direcci\u00f3n de correo electr\u00f3nico La informaci\u00f3n personal que recogemos se recopila utilizando los m\u00e9todos descritos a continuaci\u00f3n, en las secciones \u00abFormularios y m\u00e9todos de recogida\u00bb y siguientes.<\/p>\n<h2>2. FORMAS Y M\u00c9TODOS DE RECOGIDA<\/h2>\n<p>Su informaci\u00f3n personal se recopila mediante los siguientes m\u00e9todos:<br \/>\n&#8211; Formulario de contacto<br \/>\n&#8211; Crear una cuenta<br \/>\n&#8211; Descargar el libro blanco<\/p>\n<p>Utilizamos la informaci\u00f3n recogida para los siguientes fines: &#8211; Estad\u00edsticas (para ello utilizamos Google Analytics, JetPack y SmartLook) &#8211; Informaci\u00f3n &#8211; Mejora del sitio web &#8211; Contacto<\/p>\n<h2>3. USO DE COOKIES<\/h2>\n<p>Recopilamos determinada informaci\u00f3n a trav\u00e9s de archivos de registro y cookies. <\/p>\n<p>Se trata principalmente de la siguiente informaci\u00f3n: &#8211; Direcci\u00f3n IP &#8211; Sistema operativo &#8211; P\u00e1ginas visitadas y solicitudes &#8211; Hora y d\u00eda de la conexi\u00f3n &#8211; Tipo de dispositivo El uso de estos archivos nos permite: &#8211; Mejorar el servicio y ofrecer una bienvenida personalizada &#8211; Generar estad\u00edsticas<\/p>\n<h2>4. DERECHO DE OPOSICI\u00d3N Y DESISTIMIENTO<\/h2>\n<p>Nos comprometemos a ofrecerle el derecho a oponerse y retirar su informaci\u00f3n personal.El derecho de oposici\u00f3n significa que los internautas pueden negarse a que sus datos personales se utilicen para determinados fines mencionados en el momento de su recogida.<br \/>\nSe entiende por derecho de retractaci\u00f3n la posibilidad que se ofrece a los internautas de solicitar que sus datos personales dejen de figurar, por ejemplo, en una lista de correo.<br \/>\nPara ejercer estos derechos, p\u00f3ngase en contacto con nosotros por correo electr\u00f3nico: contact@styqr.fr<\/p>\n<h2>5. DERECHO DE ACCESO<\/h2>\n<p>Nos comprometemos a conceder un derecho de acceso y rectificaci\u00f3n a las personas interesadas que deseen consultar, modificar o suprimir la informaci\u00f3n que les concierne.<br \/>\nEste derecho puede ejercerse enviando una notificaci\u00f3n por correo electr\u00f3nico: contact@styqr.fr<\/p>\n<h2>6. SEGURIDAD<\/h2>\n<p>La Ley 78-87 de 6 de enero de 1978, la Ley 2004-801 de 6 de agosto de 2004, el art\u00edculo L-226-13 del C\u00f3digo Penal franc\u00e9s y la Directiva Europea de 24 de octubre de 1995 protegen todos los datos personales.<br \/>\nLa informaci\u00f3n personal que recopilamos se guarda en un entorno seguro. <\/p>\n<p>Las personas que trabajan para nosotros est\u00e1n obligadas a respetar la confidencialidad de tus datos. Para garantizar la seguridad de tus datos personales, utilizamos las siguientes medidas: &#8211; Protocolo SSL (Secure Sockets Layer Certificate) &#8211; Firewalls<\/p>\n<p>Si tiene alguna pregunta sobre el tratamiento de sus datos, no dude en ponerse en contacto con nosotros.[\/vc_column_text][\/vc_column_inner][\/vc_row_inner][\/vc_column][\/vc_row]<\/p>\n<\/div>","protected":false},"excerpt":{"rendered":"<p>[vc_row row_height_percent=\u00bb0&#8243; overlay_alpha=\u00bb50&#8243; gutter_size=\u00bb3&#8243; column_width_percent=\u00bb100&#8243; shift_y=\u00bb0&#8243; z_index=\u00bb0&#8243; uncode_shortcode_id=\u00bb194823&#8243;][vc_column column_width_percent=\u00bb100&#8243; gutter_size=\u00bb3&#8243; overlay_alpha=\u00bb50&#8243; shift_x=\u00bb0&#8243; shift_y=\u00bb0&#8243; shift_y_down=\u00bb0&#8243; z_index=\u00bb0&#8243; medium_width=\u00bb0&#8243; mobile_width=\u00bb0&#8243; width=\u00bb1\/1&#8243;][vc_row_inner row_inner_height_percent=\u00bb0&#8243; overlay_alpha=\u00bb50&#8243; [&hellip;]<\/p>\n","protected":false},"author":1,"featured_media":0,"parent":0,"menu_order":0,"comment_status":"closed","ping_status":"closed","template":"","meta":{"footnotes":""},"class_list":["post-102808","page","type-page","status-publish","hentry"],"yoast_head":"<!-- This site is optimized with the Yoast SEO Premium plugin v27.4 (Yoast SEO v27.4) - https:\/\/yoast.com\/product\/yoast-seo-premium-wordpress\/ -->\n<title>Pol\u00edtica de privacidad - StyQR: transparencia y sencillez para nuestros usuarios.<\/title>\n<meta name=\"description\" content=\"Descubre c\u00f3mo en StyQR cuidamos tu privacidad con pol\u00edticas claras y sencillas. Protegemos tus datos para que navegues con confianza.\" \/>\n<meta name=\"robots\" content=\"index, follow, max-snippet:-1, max-image-preview:large, max-video-preview:-1\" \/>\n<link rel=\"canonical\" href=\"https:\/\/styqr.fr\/es\/politica-de-privacidad\/\" \/>\n<meta property=\"og:locale\" content=\"es_ES\" \/>\n<meta property=\"og:type\" content=\"article\" \/>\n<meta property=\"og:title\" content=\"StyQR | Le livret d&#039;accueil digital\" \/>\n<meta property=\"og:description\" content=\"Descubre c\u00f3mo en StyQR cuidamos tu privacidad con pol\u00edticas claras y sencillas. Protegemos tus datos para que navegues con confianza.\" \/>\n<meta property=\"og:url\" content=\"https:\/\/styqr.fr\/es\/politica-de-privacidad\/\" \/>\n<meta property=\"og:site_name\" content=\"StyQR\" \/>\n<meta property=\"article:publisher\" content=\"https:\/\/fr-fr.facebook.com\/styqr\/\" \/>\n<meta property=\"article:modified_time\" content=\"2024-10-07T20:14:32+00:00\" \/>\n<meta property=\"og:image\" content=\"https:\/\/styqr.fr\/wp-content\/uploads\/2026\/01\/ZERTFHGJH-2.png\" \/>\n\t<meta property=\"og:image:width\" content=\"940\" \/>\n\t<meta property=\"og:image:height\" content=\"1610\" \/>\n\t<meta property=\"og:image:type\" content=\"image\/png\" \/>\n<meta name=\"twitter:card\" content=\"summary_large_image\" \/>\n<script type=\"application\/ld+json\" class=\"yoast-schema-graph\">{\"@context\":\"https:\\\/\\\/schema.org\",\"@graph\":[{\"@type\":\"WebPage\",\"@id\":\"https:\\\/\\\/styqr.fr\\\/es\\\/politica-de-privacidad\\\/\",\"url\":\"https:\\\/\\\/styqr.fr\\\/es\\\/politica-de-privacidad\\\/\",\"name\":\"Pol\u00edtica de privacidad - StyQR: transparencia y sencillez para nuestros usuarios.\",\"isPartOf\":{\"@id\":\"https:\\\/\\\/styqr.fr\\\/es\\\/#website\"},\"datePublished\":\"2024-01-23T16:25:10+00:00\",\"dateModified\":\"2024-10-07T20:14:32+00:00\",\"description\":\"Descubre c\u00f3mo en StyQR cuidamos tu privacidad con pol\u00edticas claras y sencillas. Protegemos tus datos para que navegues con confianza.\",\"breadcrumb\":{\"@id\":\"https:\\\/\\\/styqr.fr\\\/es\\\/politica-de-privacidad\\\/#breadcrumb\"},\"inLanguage\":\"es\",\"potentialAction\":[{\"@type\":\"ReadAction\",\"target\":[\"https:\\\/\\\/styqr.fr\\\/es\\\/politica-de-privacidad\\\/\"]}]},{\"@type\":\"BreadcrumbList\",\"@id\":\"https:\\\/\\\/styqr.fr\\\/es\\\/politica-de-privacidad\\\/#breadcrumb\",\"itemListElement\":[{\"@type\":\"ListItem\",\"position\":1,\"name\":\"Inicio\",\"item\":\"https:\\\/\\\/styqr.fr\\\/es\\\/\"},{\"@type\":\"ListItem\",\"position\":2,\"name\":\"Pol\u00edtica de privacidad\"}]},{\"@type\":\"WebSite\",\"@id\":\"https:\\\/\\\/styqr.fr\\\/es\\\/#website\",\"url\":\"https:\\\/\\\/styqr.fr\\\/es\\\/\",\"name\":\"StyQR\",\"description\":\"Cr\u00e9ez votre livret d&#039;accueil digital personnalis\u00e9 pour vos voyageurs\",\"publisher\":{\"@id\":\"https:\\\/\\\/styqr.fr\\\/es\\\/#organization\"},\"potentialAction\":[{\"@type\":\"SearchAction\",\"target\":{\"@type\":\"EntryPoint\",\"urlTemplate\":\"https:\\\/\\\/styqr.fr\\\/es\\\/?s={search_term_string}\"},\"query-input\":{\"@type\":\"PropertyValueSpecification\",\"valueRequired\":true,\"valueName\":\"search_term_string\"}}],\"inLanguage\":\"es\"},{\"@type\":\"Organization\",\"@id\":\"https:\\\/\\\/styqr.fr\\\/es\\\/#organization\",\"name\":\"StyQR\",\"url\":\"https:\\\/\\\/styqr.fr\\\/es\\\/\",\"logo\":{\"@type\":\"ImageObject\",\"inLanguage\":\"es\",\"@id\":\"https:\\\/\\\/styqr.fr\\\/es\\\/#\\\/schema\\\/logo\\\/image\\\/\",\"url\":\"https:\\\/\\\/styqr.fr\\\/wp-content\\\/uploads\\\/2020\\\/11\\\/Fichier-5.png\",\"contentUrl\":\"https:\\\/\\\/styqr.fr\\\/wp-content\\\/uploads\\\/2020\\\/11\\\/Fichier-5.png\",\"width\":388,\"height\":194,\"caption\":\"StyQR\"},\"image\":{\"@id\":\"https:\\\/\\\/styqr.fr\\\/es\\\/#\\\/schema\\\/logo\\\/image\\\/\"},\"sameAs\":[\"https:\\\/\\\/fr-fr.facebook.com\\\/styqr\\\/\",\"https:\\\/\\\/www.instagram.com\\\/styqr_fr\\\/\",\"https:\\\/\\\/fr.linkedin.com\\\/company\\\/styqr\"],\"description\":\"StyQR, le livret d'accueil digital\",\"email\":\"contact@styqr.fr\",\"legalName\":\"SAS StyQR\",\"foundingDate\":\"2019-05-27\",\"vatID\":\"FR55824532865\",\"taxID\":\"82453286500014\",\"numberOfEmployees\":{\"@type\":\"QuantitativeValue\",\"minValue\":\"1\",\"maxValue\":\"10\"}}]}<\/script>\n<!-- \/ Yoast SEO Premium plugin. -->","yoast_head_json":{"title":"Pol\u00edtica de privacidad - StyQR: transparencia y sencillez para nuestros usuarios.","description":"Descubre c\u00f3mo en StyQR cuidamos tu privacidad con pol\u00edticas claras y sencillas. Protegemos tus datos para que navegues con confianza.","robots":{"index":"index","follow":"follow","max-snippet":"max-snippet:-1","max-image-preview":"max-image-preview:large","max-video-preview":"max-video-preview:-1"},"canonical":"https:\/\/styqr.fr\/es\/politica-de-privacidad\/","og_locale":"es_ES","og_type":"article","og_title":"StyQR | Le livret d'accueil digital","og_description":"Descubre c\u00f3mo en StyQR cuidamos tu privacidad con pol\u00edticas claras y sencillas. Protegemos tus datos para que navegues con confianza.","og_url":"https:\/\/styqr.fr\/es\/politica-de-privacidad\/","og_site_name":"StyQR","article_publisher":"https:\/\/fr-fr.facebook.com\/styqr\/","article_modified_time":"2024-10-07T20:14:32+00:00","og_image":[{"width":940,"height":1610,"url":"https:\/\/styqr.fr\/wp-content\/uploads\/2026\/01\/ZERTFHGJH-2.png","type":"image\/png"}],"twitter_card":"summary_large_image","schema":{"@context":"https:\/\/schema.org","@graph":[{"@type":"WebPage","@id":"https:\/\/styqr.fr\/es\/politica-de-privacidad\/","url":"https:\/\/styqr.fr\/es\/politica-de-privacidad\/","name":"Pol\u00edtica de privacidad - StyQR: transparencia y sencillez para nuestros usuarios.","isPartOf":{"@id":"https:\/\/styqr.fr\/es\/#website"},"datePublished":"2024-01-23T16:25:10+00:00","dateModified":"2024-10-07T20:14:32+00:00","description":"Descubre c\u00f3mo en StyQR cuidamos tu privacidad con pol\u00edticas claras y sencillas. Protegemos tus datos para que navegues con confianza.","breadcrumb":{"@id":"https:\/\/styqr.fr\/es\/politica-de-privacidad\/#breadcrumb"},"inLanguage":"es","potentialAction":[{"@type":"ReadAction","target":["https:\/\/styqr.fr\/es\/politica-de-privacidad\/"]}]},{"@type":"BreadcrumbList","@id":"https:\/\/styqr.fr\/es\/politica-de-privacidad\/#breadcrumb","itemListElement":[{"@type":"ListItem","position":1,"name":"Inicio","item":"https:\/\/styqr.fr\/es\/"},{"@type":"ListItem","position":2,"name":"Pol\u00edtica de privacidad"}]},{"@type":"WebSite","@id":"https:\/\/styqr.fr\/es\/#website","url":"https:\/\/styqr.fr\/es\/","name":"StyQR","description":"Cr\u00e9ez votre livret d&#039;accueil digital personnalis\u00e9 pour vos voyageurs","publisher":{"@id":"https:\/\/styqr.fr\/es\/#organization"},"potentialAction":[{"@type":"SearchAction","target":{"@type":"EntryPoint","urlTemplate":"https:\/\/styqr.fr\/es\/?s={search_term_string}"},"query-input":{"@type":"PropertyValueSpecification","valueRequired":true,"valueName":"search_term_string"}}],"inLanguage":"es"},{"@type":"Organization","@id":"https:\/\/styqr.fr\/es\/#organization","name":"StyQR","url":"https:\/\/styqr.fr\/es\/","logo":{"@type":"ImageObject","inLanguage":"es","@id":"https:\/\/styqr.fr\/es\/#\/schema\/logo\/image\/","url":"https:\/\/styqr.fr\/wp-content\/uploads\/2020\/11\/Fichier-5.png","contentUrl":"https:\/\/styqr.fr\/wp-content\/uploads\/2020\/11\/Fichier-5.png","width":388,"height":194,"caption":"StyQR"},"image":{"@id":"https:\/\/styqr.fr\/es\/#\/schema\/logo\/image\/"},"sameAs":["https:\/\/fr-fr.facebook.com\/styqr\/","https:\/\/www.instagram.com\/styqr_fr\/","https:\/\/fr.linkedin.com\/company\/styqr"],"description":"StyQR, le livret d'accueil digital","email":"contact@styqr.fr","legalName":"SAS StyQR","foundingDate":"2019-05-27","vatID":"FR55824532865","taxID":"82453286500014","numberOfEmployees":{"@type":"QuantitativeValue","minValue":"1","maxValue":"10"}}]}},"_links":{"self":[{"href":"https:\/\/styqr.fr\/es\/wp-json\/wp\/v2\/pages\/102808","targetHints":{"allow":["GET"]}}],"collection":[{"href":"https:\/\/styqr.fr\/es\/wp-json\/wp\/v2\/pages"}],"about":[{"href":"https:\/\/styqr.fr\/es\/wp-json\/wp\/v2\/types\/page"}],"author":[{"embeddable":true,"href":"https:\/\/styqr.fr\/es\/wp-json\/wp\/v2\/users\/1"}],"replies":[{"embeddable":true,"href":"https:\/\/styqr.fr\/es\/wp-json\/wp\/v2\/comments?post=102808"}],"version-history":[{"count":0,"href":"https:\/\/styqr.fr\/es\/wp-json\/wp\/v2\/pages\/102808\/revisions"}],"wp:attachment":[{"href":"https:\/\/styqr.fr\/es\/wp-json\/wp\/v2\/media?parent=102808"}],"curies":[{"name":"wp","href":"https:\/\/api.w.org\/{rel}","templated":true}]}}